{"id":25738,"date":"2025-09-01T08:28:07","date_gmt":"2025-09-01T08:28:07","guid":{"rendered":"https:\/\/www.maag-polska.pl\/obrzeza-meblowe\/209-b-atlantic-blue\/"},"modified":"2025-09-01T09:08:40","modified_gmt":"2025-09-01T09:08:40","slug":"209-b-atlantic-blue","status":"publish","type":"product","link":"https:\/\/www.maag-polska.pl\/ro\/obrzeza-meblowe\/209-b-atlantic-blue\/","title":{"rendered":"Margini Mobilier 209-B ATLANTIC BLUE"},"content":{"rendered":"<div>\n<p>Band\u0103 de margine din PVC Premium Atlantic Blue cu grosime de 2 mm \u0219i rezisten\u021b\u0103 superioar\u0103 la UV. Fabricat din compu\u0219i puri din PVC, aceast\u0103 band\u0103 de margine men\u021bine o stabilitate excep\u021bional\u0103 a culorii \u00een condi\u021bii de mediu variate. Parametrii tehnici includ aderenta optima la 200-220\u00b0C, cu o viteza de procesare de 12-25 m\/min pentru o aplicare eficienta. Densitatea materialului de 1,3 g\/cm\u00b3 asigur\u0103 durabilitatea, men\u021bin\u00e2nd \u00een acela\u0219i timp flexibilitatea \u00een timpul procesului de t\u0103iere.<\/p>\n<p>Potrivit \u00een special pentru mobilier de birou de ultim\u0103 genera\u021bie \u0219i proiecte interioare comerciale \u00een care tonurile albastre consistente sunt esen\u021biale. Acest material pentru prelucrarea lemnului exceleaz\u0103 \u00een produc\u021bia de vitrine de v\u00e2nzare cu am\u0103nuntul \u0219i \u00een dulapurile moderne de buc\u0103t\u0103rie, unde calitatea marginilor are un impact direct asupra percep\u021biei clien\u021bilor. Potrivirea precis\u0103 a culorilor \u00eel face ideal pentru marginile mobilierului din spa\u021bii cu tematic\u0103 marine sau medii corporative care utilizeaz\u0103 scheme de culori cool. Perfect at\u00e2t pentru aplica\u021bii \u00een linie dreapt\u0103, c\u00e2t \u0219i pentru aplica\u021bii curbate \u00een produc\u021bia de mobilier la comand\u0103.<\/p>\n<\/div>\n","protected":false},"excerpt":{"rendered":"<p>28&#215;2*<\/p>\n","protected":false},"featured_media":0,"comment_status":"closed","ping_status":"open","template":"","meta":{"_acf_changed":false},"product_brand":[],"product_cat":[1209],"product_tag":[],"class_list":{"0":"post-25738","1":"product","2":"type-product","3":"status-publish","5":"product_cat-margini-mobilier","7":"first","8":"instock","9":"product-type-simple"},"acf":[],"_links":{"self":[{"href":"https:\/\/www.maag-polska.pl\/ro\/wp-json\/wp\/v2\/product\/25738","targetHints":{"allow":["GET"]}}],"collection":[{"href":"https:\/\/www.maag-polska.pl\/ro\/wp-json\/wp\/v2\/product"}],"about":[{"href":"https:\/\/www.maag-polska.pl\/ro\/wp-json\/wp\/v2\/types\/product"}],"replies":[{"embeddable":true,"href":"https:\/\/www.maag-polska.pl\/ro\/wp-json\/wp\/v2\/comments?post=25738"}],"wp:attachment":[{"href":"https:\/\/www.maag-polska.pl\/ro\/wp-json\/wp\/v2\/media?parent=25738"}],"wp:term":[{"taxonomy":"product_brand","embeddable":true,"href":"https:\/\/www.maag-polska.pl\/ro\/wp-json\/wp\/v2\/product_brand?post=25738"},{"taxonomy":"product_cat","embeddable":true,"href":"https:\/\/www.maag-polska.pl\/ro\/wp-json\/wp\/v2\/product_cat?post=25738"},{"taxonomy":"product_tag","embeddable":true,"href":"https:\/\/www.maag-polska.pl\/ro\/wp-json\/wp\/v2\/product_tag?post=25738"}],"curies":[{"name":"wp","href":"https:\/\/api.w.org\/{rel}","templated":true}]}}