{"id":25737,"date":"2025-09-01T08:28:07","date_gmt":"2025-09-01T08:28:07","guid":{"rendered":"https:\/\/www.maag-polska.pl\/obrzeza-meblowe\/209-blue\/"},"modified":"2025-09-01T09:08:39","modified_gmt":"2025-09-01T09:08:39","slug":"209-blue","status":"publish","type":"product","link":"https:\/\/www.maag-polska.pl\/ro\/obrzeza-meblowe\/209-blue\/","title":{"rendered":"Margini Mobilier 209 BLUE"},"content":{"rendered":"<div>\n<p>Band\u0103 de margine din PVC de calitate profesional\u0103, proiectat\u0103 cu rezisten\u021b\u0103 \u00eembun\u0103t\u0103\u021bit\u0103 la UV \u0219i stabilitate a culorii. Acest material din PVC pur pentru prelucrarea lemnului \u00ee\u0219i men\u021bine aspectul impecabil chiar \u0219i sub expunerea intens\u0103 la soare. Compozi\u021bia specializat\u0103 asigur\u0103 o durabilitate excep\u021bional\u0103 \u00eempotriva uzurii zilnice, a impacturilor \u0219i a varia\u021biilor de temperatur\u0103, f\u0103c\u00e2ndu-l ideal pentru aplica\u021bii de mobilier cu trafic intens.<\/p>\n<p>Eficientiza\u021bi-v\u0103 produc\u021bia de mobilier cu aceast\u0103 band\u0103 de margine t\u0103iat\u0103 cu precizie care ader\u0103 f\u0103r\u0103 probleme \u0219i constant. Grosimea \u0219i flexibilitatea optimizate permit o prelucrare rapid\u0103 cu pierderi minime, \u00een timp ce propriet\u0103\u021bile de t\u0103iere curat\u0103 reduc timpul de finisare. Perfect pentru finisarea eficient\u0103 a marginilor dulapurilor \u0219i pieselor de mobilier comercial unde viteza de instalare conteaz\u0103.<\/p>\n<\/div>\n","protected":false},"excerpt":{"rendered":"<p>22&#215;0,6; 22&#215;1; 22&#215;2; 28&#215;2*; 32&#215;2*; 35&#215;1*; 42&#215;2<\/p>\n","protected":false},"featured_media":21193,"comment_status":"closed","ping_status":"open","template":"","meta":{"_acf_changed":false},"product_brand":[],"product_cat":[1209],"product_tag":[],"class_list":{"0":"post-25737","1":"product","2":"type-product","3":"status-publish","4":"has-post-thumbnail","6":"product_cat-margini-mobilier","8":"first","9":"instock","10":"product-type-simple"},"acf":[],"_links":{"self":[{"href":"https:\/\/www.maag-polska.pl\/ro\/wp-json\/wp\/v2\/product\/25737","targetHints":{"allow":["GET"]}}],"collection":[{"href":"https:\/\/www.maag-polska.pl\/ro\/wp-json\/wp\/v2\/product"}],"about":[{"href":"https:\/\/www.maag-polska.pl\/ro\/wp-json\/wp\/v2\/types\/product"}],"replies":[{"embeddable":true,"href":"https:\/\/www.maag-polska.pl\/ro\/wp-json\/wp\/v2\/comments?post=25737"}],"wp:featuredmedia":[{"embeddable":true,"href":"https:\/\/www.maag-polska.pl\/ro\/wp-json\/wp\/v2\/media\/21193"}],"wp:attachment":[{"href":"https:\/\/www.maag-polska.pl\/ro\/wp-json\/wp\/v2\/media?parent=25737"}],"wp:term":[{"taxonomy":"product_brand","embeddable":true,"href":"https:\/\/www.maag-polska.pl\/ro\/wp-json\/wp\/v2\/product_brand?post=25737"},{"taxonomy":"product_cat","embeddable":true,"href":"https:\/\/www.maag-polska.pl\/ro\/wp-json\/wp\/v2\/product_cat?post=25737"},{"taxonomy":"product_tag","embeddable":true,"href":"https:\/\/www.maag-polska.pl\/ro\/wp-json\/wp\/v2\/product_tag?post=25737"}],"curies":[{"name":"wp","href":"https:\/\/api.w.org\/{rel}","templated":true}]}}