{"id":25735,"date":"2025-09-01T08:28:07","date_gmt":"2025-09-01T08:28:07","guid":{"rendered":"https:\/\/www.maag-polska.pl\/obrzeza-meblowe\/208-b-ojcow-green\/"},"modified":"2025-09-01T09:08:38","modified_gmt":"2025-09-01T09:08:38","slug":"208-b-ojcow-green","status":"publish","type":"product","link":"https:\/\/www.maag-polska.pl\/ro\/obrzeza-meblowe\/208-b-ojcow-green\/","title":{"rendered":"Margini Mobilier 208-B OJCOW GREEN"},"content":{"rendered":"<div>\n<p>Band\u0103 de margine din PVC de \u00eenalt\u0103 performan\u021b\u0103 conceput\u0103 special pentru suprafe\u021bele Pfleiderer U19515 SD TAJGA, cu polimeri avansa\u021bi stabiliza\u021bi la UV care men\u021bin integritatea culorii \u00een condi\u021bii de expunere intens\u0103 la lumin\u0103. Aceast\u0103 compozi\u021bie din PVC pur ofer\u0103 o rezisten\u021b\u0103 excep\u021bional\u0103 de lipire la o grosime de 208-B, \u00een timp ce finisajul specializat ZIELONY OJC\u00d3W realizeaz\u0103 o potrivire precis\u0103 a culorilor cu panourile Woodeco PU2205. Testat \u00een laborator pentru rezisten\u021ba la uzur\u0103 cu valori care dep\u0103\u0219esc 8N\/mm\u00b2, asigur\u00e2nd performan\u021b\u0103 sus\u021binut\u0103 \u00een aplica\u021bii solicitante de prelucrare a lemnului.<\/p>\n<p>Caracteristicile optimizate de procesare reduc risipa de material cu p\u00e2n\u0103 la 23% \u00een compara\u021bie cu benzile de margine standard, f\u0103c\u00e2ndu-l o alegere rentabil\u0103 pentru produc\u021bia de mobilier. Propriet\u0103\u021bile optimizate de aderen\u021b\u0103 permit cicluri de produc\u021bie mai rapide, men\u021bin\u00e2nd \u00een acela\u0219i timp calitatea superioar\u0103 a marginilor. Perfect pentru produc\u021bia de dulapuri comerciale, unde modelul TAJGA cu ve\u0219uri de lemn necesit\u0103 o stabilitate precis\u0103 a culorii. Aceast\u0103 solu\u021bie de margine a mobilierului combin\u0103 durabilitatea practic\u0103 cu utilizarea eficient\u0103 a materialului, oferind valoare pe termen lung prin costuri reduse de \u00eentre\u021binere \u0219i \u00eenlocuire.<\/p>\n<\/div>\n","protected":false},"excerpt":{"rendered":"<p>28&#215;2*<\/p>\n","protected":false},"featured_media":21187,"comment_status":"closed","ping_status":"open","template":"","meta":{"_acf_changed":false},"product_brand":[],"product_cat":[1209],"product_tag":[],"class_list":{"0":"post-25735","1":"product","2":"type-product","3":"status-publish","4":"has-post-thumbnail","6":"product_cat-margini-mobilier","8":"first","9":"instock","10":"product-type-simple"},"acf":[],"_links":{"self":[{"href":"https:\/\/www.maag-polska.pl\/ro\/wp-json\/wp\/v2\/product\/25735","targetHints":{"allow":["GET"]}}],"collection":[{"href":"https:\/\/www.maag-polska.pl\/ro\/wp-json\/wp\/v2\/product"}],"about":[{"href":"https:\/\/www.maag-polska.pl\/ro\/wp-json\/wp\/v2\/types\/product"}],"replies":[{"embeddable":true,"href":"https:\/\/www.maag-polska.pl\/ro\/wp-json\/wp\/v2\/comments?post=25735"}],"wp:featuredmedia":[{"embeddable":true,"href":"https:\/\/www.maag-polska.pl\/ro\/wp-json\/wp\/v2\/media\/21187"}],"wp:attachment":[{"href":"https:\/\/www.maag-polska.pl\/ro\/wp-json\/wp\/v2\/media?parent=25735"}],"wp:term":[{"taxonomy":"product_brand","embeddable":true,"href":"https:\/\/www.maag-polska.pl\/ro\/wp-json\/wp\/v2\/product_brand?post=25735"},{"taxonomy":"product_cat","embeddable":true,"href":"https:\/\/www.maag-polska.pl\/ro\/wp-json\/wp\/v2\/product_cat?post=25735"},{"taxonomy":"product_tag","embeddable":true,"href":"https:\/\/www.maag-polska.pl\/ro\/wp-json\/wp\/v2\/product_tag?post=25735"}],"curies":[{"name":"wp","href":"https:\/\/api.w.org\/{rel}","templated":true}]}}