{"id":25731,"date":"2025-09-01T08:28:07","date_gmt":"2025-09-01T08:28:07","guid":{"rendered":"https:\/\/www.maag-polska.pl\/obrzeza-meblowe\/206-p-red-glossy\/"},"modified":"2025-09-01T09:08:36","modified_gmt":"2025-09-01T09:08:36","slug":"206-p-red-glossy","status":"publish","type":"product","link":"https:\/\/www.maag-polska.pl\/ro\/obrzeza-meblowe\/206-p-red-glossy\/","title":{"rendered":"Margini Mobilier 206-P RED GLOSSY"},"content":{"rendered":"<div>\n<p>Banda de margine din PVC Kastamonu P106 RED de \u00eenalt\u0103 performan\u021b\u0103 ofer\u0103 parametri tehnici superiori cu o toleran\u021b\u0103 la grosime de \u00b10,02 mm pentru o potrivire precis\u0103. Compozi\u021bia din PVC pur asigur\u0103 o rezisten\u021b\u0103 excep\u021bional\u0103 la UV de p\u00e2n\u0103 la 6800 de ore f\u0103r\u0103 degradarea culorii, men\u021bin\u00e2nd \u00een acela\u0219i timp stabilitatea dimensional\u0103 la temperaturi cuprinse \u00eentre -10\u00b0C \u0219i +60\u00b0C. Acest material pentru prelucrarea lemnului are o structur\u0103 de suprafa\u021b\u0103 specializat\u0103 cu un nivel de luciu de 89%, optimizat\u0103 pentru prelucrarea automat\u0103 a marginilor la viteze de p\u00e2n\u0103 la 25 m\/min.<\/p>\n<p>Banda de margine 206-P CZERWONY PO\u0141YSK reduce costurile materialelor prin grosimea eficient\u0103 de 2,0 mm, care minimizeaz\u0103 de\u0219eurile de t\u0103iere cu p\u00e2n\u0103 la 23% \u00een compara\u021bie cu op\u021biunile standard. Suprafa\u021ba sa pre-amorsat\u0103 elimin\u0103 necesitatea unui tratament suplimentar, economisind at\u00e2t timp, c\u00e2t \u0219i resurse \u00een produc\u021bia de mobilier. Rezisten\u021ba sporit\u0103 la zg\u00e2rieturi a 3N asigur\u0103 durabilitate pe termen lung, reduc\u00e2nd cererile de garan\u021bie \u0219i costurile de \u00eenlocuire, men\u021bin\u00e2nd \u00een acela\u0219i timp finisajul ro\u0219u vibrant pe tot parcursul ciclului de via\u021b\u0103 al mobilierului.<\/p>\n<\/div>\n","protected":false},"excerpt":{"rendered":"<p>22&#215;1<\/p>\n","protected":false},"featured_media":21175,"comment_status":"closed","ping_status":"open","template":"","meta":{"_acf_changed":false},"product_brand":[],"product_cat":[1209],"product_tag":[],"class_list":{"0":"post-25731","1":"product","2":"type-product","3":"status-publish","4":"has-post-thumbnail","6":"product_cat-margini-mobilier","8":"first","9":"instock","10":"product-type-simple"},"acf":[],"_links":{"self":[{"href":"https:\/\/www.maag-polska.pl\/ro\/wp-json\/wp\/v2\/product\/25731","targetHints":{"allow":["GET"]}}],"collection":[{"href":"https:\/\/www.maag-polska.pl\/ro\/wp-json\/wp\/v2\/product"}],"about":[{"href":"https:\/\/www.maag-polska.pl\/ro\/wp-json\/wp\/v2\/types\/product"}],"replies":[{"embeddable":true,"href":"https:\/\/www.maag-polska.pl\/ro\/wp-json\/wp\/v2\/comments?post=25731"}],"wp:featuredmedia":[{"embeddable":true,"href":"https:\/\/www.maag-polska.pl\/ro\/wp-json\/wp\/v2\/media\/21175"}],"wp:attachment":[{"href":"https:\/\/www.maag-polska.pl\/ro\/wp-json\/wp\/v2\/media?parent=25731"}],"wp:term":[{"taxonomy":"product_brand","embeddable":true,"href":"https:\/\/www.maag-polska.pl\/ro\/wp-json\/wp\/v2\/product_brand?post=25731"},{"taxonomy":"product_cat","embeddable":true,"href":"https:\/\/www.maag-polska.pl\/ro\/wp-json\/wp\/v2\/product_cat?post=25731"},{"taxonomy":"product_tag","embeddable":true,"href":"https:\/\/www.maag-polska.pl\/ro\/wp-json\/wp\/v2\/product_tag?post=25731"}],"curies":[{"name":"wp","href":"https:\/\/api.w.org\/{rel}","templated":true}]}}