{"id":25730,"date":"2025-09-01T08:28:07","date_gmt":"2025-09-01T08:28:07","guid":{"rendered":"https:\/\/www.maag-polska.pl\/obrzeza-meblowe\/206-red\/"},"modified":"2025-09-01T09:08:35","modified_gmt":"2025-09-01T09:08:35","slug":"206-red","status":"publish","type":"product","link":"https:\/\/www.maag-polska.pl\/ro\/obrzeza-meblowe\/206-red\/","title":{"rendered":"Margini Mobilier 206 RED"},"content":{"rendered":"<div>\n<p>Band\u0103 de margine din PVC de \u00eenalt\u0103 calitate \u00een nuan\u021ba CZERWONY 206, fabricat\u0103 cu compu\u0219i pur PVC pentru o integritate superioar\u0103 a materialului. Prezint\u0103 un profil consistent de 2 mm grosime cu o formul\u0103 avansat\u0103 rezistent\u0103 la UV, asigur\u00e2nd stabilitatea culorii pe termen lung. Materialul demonstreaz\u0103 o rezisten\u021b\u0103 excelent\u0103 la impact la o duritate de 65 Shore D \u0219i men\u021bine precizia dimensional\u0103 cu o toleran\u021b\u0103 de \u00b1 0,10 mm. Aceast\u0103 band\u0103 de margine prezint\u0103 o rezisten\u021b\u0103 excep\u021bional\u0103 la c\u0103ldur\u0103 de p\u00e2n\u0103 la 90\u00b0C \u0219i atinge o consisten\u021b\u0103 a culorii de 98% \u00een loturile de produc\u021bie.<\/p>\n<p>Proiectat special pentru materiale profesionale pentru prelucrarea lemnului \u0219i aplica\u021bii de mobilier cu trafic intens. Ideal pentru dulapuri comerciale, unit\u0103\u021bi de afi\u0219are de v\u00e2nzare cu am\u0103nuntul \u0219i mobilier de birou, unde calitatea consecvent\u0103 a marginilor este crucial\u0103. Potrivirea precis\u0103 a culorilor \u0219i durabilitatea \u00eel fac deosebit de potrivit pentru mobilierul de laborator \u0219i facilit\u0103\u021bile educa\u021bionale. Caracteristicile sale u\u0219oare de procesare permit aplicarea eficient\u0103 at\u00e2t \u00een ma\u0219inile automate de bandare a marginilor, c\u00e2t \u0219i \u00een opera\u021biuni manuale, gener\u00e2nd de\u0219euri minime \u00een timpul instal\u0103rii.<\/p>\n<\/div>\n","protected":false},"excerpt":{"rendered":"<p>22&#215;0,6; 22&#215;1; 22&#215;2; 28&#215;2*; 32&#215;2*; 35&#215;1*; 42&#215;2<\/p>\n","protected":false},"featured_media":21172,"comment_status":"closed","ping_status":"open","template":"","meta":{"_acf_changed":false},"product_brand":[],"product_cat":[1209],"product_tag":[],"class_list":{"0":"post-25730","1":"product","2":"type-product","3":"status-publish","4":"has-post-thumbnail","6":"product_cat-margini-mobilier","8":"first","9":"instock","10":"product-type-simple"},"acf":[],"_links":{"self":[{"href":"https:\/\/www.maag-polska.pl\/ro\/wp-json\/wp\/v2\/product\/25730","targetHints":{"allow":["GET"]}}],"collection":[{"href":"https:\/\/www.maag-polska.pl\/ro\/wp-json\/wp\/v2\/product"}],"about":[{"href":"https:\/\/www.maag-polska.pl\/ro\/wp-json\/wp\/v2\/types\/product"}],"replies":[{"embeddable":true,"href":"https:\/\/www.maag-polska.pl\/ro\/wp-json\/wp\/v2\/comments?post=25730"}],"wp:featuredmedia":[{"embeddable":true,"href":"https:\/\/www.maag-polska.pl\/ro\/wp-json\/wp\/v2\/media\/21172"}],"wp:attachment":[{"href":"https:\/\/www.maag-polska.pl\/ro\/wp-json\/wp\/v2\/media?parent=25730"}],"wp:term":[{"taxonomy":"product_brand","embeddable":true,"href":"https:\/\/www.maag-polska.pl\/ro\/wp-json\/wp\/v2\/product_brand?post=25730"},{"taxonomy":"product_cat","embeddable":true,"href":"https:\/\/www.maag-polska.pl\/ro\/wp-json\/wp\/v2\/product_cat?post=25730"},{"taxonomy":"product_tag","embeddable":true,"href":"https:\/\/www.maag-polska.pl\/ro\/wp-json\/wp\/v2\/product_tag?post=25730"}],"curies":[{"name":"wp","href":"https:\/\/api.w.org\/{rel}","templated":true}]}}