{"id":25724,"date":"2025-09-01T08:28:07","date_gmt":"2025-09-01T08:28:07","guid":{"rendered":"https:\/\/www.maag-polska.pl\/obrzeza-meblowe\/203-grey\/"},"modified":"2025-09-01T09:08:31","modified_gmt":"2025-09-01T09:08:31","slug":"203-grey","status":"publish","type":"product","link":"https:\/\/www.maag-polska.pl\/ro\/obrzeza-meblowe\/203-grey\/","title":{"rendered":"Margini Mobilier 203 GREY"},"content":{"rendered":"<div>\n<p>Potrivit\u0103 exact cu Kronospan 0112 PE \u0219i Pfleiderer U12190 MP, aceast\u0103 band\u0103 de margine din PVC gri deschis surprinde esen\u021ba minimalismului modern. Nuan\u021ba atent calibrat\u0103 creeaz\u0103 o tranzi\u021bie f\u0103r\u0103 \u00eentreruperi \u00eentre suprafe\u021be, \u00een timp ce textura cu granula\u021bie fin\u0103 spore\u0219te atractivitatea estetic\u0103 general\u0103. Fiecare rol\u0103 ofer\u0103 o ad\u00e2ncime constant\u0103 a culorii \u0219i un finisaj mat sofisticat care completeaz\u0103 designurile contemporane de mobilier.<\/p>\n<p>Un material versatil pentru prelucrarea lemnului conceput at\u00e2t pentru aplica\u021bii reziden\u021biale, c\u00e2t \u0219i comerciale, aceast\u0103 band\u0103 de margine din PVC pur exceleaz\u0103 \u00een diverse proiecte de mobilier. Compozi\u021bia sa rezistent\u0103 la UV previne decolorarea, \u00een timp ce grosimea optimizat\u0103 asigur\u0103 t\u0103ieturi curate cu risip\u0103 minim\u0103. Durabilitatea \u00eembun\u0103t\u0103\u021bit\u0103 a materialului rezist\u0103 la uzura zilnic\u0103, f\u0103c\u00e2ndu-l ideal pentru zonele cu trafic intens, cum ar fi mobilier de birou, dulapuri de buc\u0103t\u0103rie \u0219i vitrine de v\u00e2nzare cu am\u0103nuntul. Caracteristicile u\u0219oare de procesare permit aplicarea lin\u0103 la diferite temperaturi, men\u021bin\u00e2nd aderen\u021ba perfect\u0103 \u0219i stabilitatea culorii pe toat\u0103 durata de via\u021b\u0103.<\/p>\n<\/div>\n","protected":false},"excerpt":{"rendered":"<p>22&#215;0,6; 22&#215;0,8; 22&#215;1; 22&#215;2; 28&#215;1*; 28&#215;2*; 32&#215;2*; 35&#215;1*; 42&#215;0,8; 42&#215;2<\/p>\n","protected":false},"featured_media":23289,"comment_status":"closed","ping_status":"open","template":"","meta":{"_acf_changed":false},"product_brand":[],"product_cat":[1209],"product_tag":[],"class_list":{"0":"post-25724","1":"product","2":"type-product","3":"status-publish","4":"has-post-thumbnail","6":"product_cat-margini-mobilier","8":"first","9":"instock","10":"product-type-simple"},"acf":[],"_links":{"self":[{"href":"https:\/\/www.maag-polska.pl\/ro\/wp-json\/wp\/v2\/product\/25724","targetHints":{"allow":["GET"]}}],"collection":[{"href":"https:\/\/www.maag-polska.pl\/ro\/wp-json\/wp\/v2\/product"}],"about":[{"href":"https:\/\/www.maag-polska.pl\/ro\/wp-json\/wp\/v2\/types\/product"}],"replies":[{"embeddable":true,"href":"https:\/\/www.maag-polska.pl\/ro\/wp-json\/wp\/v2\/comments?post=25724"}],"wp:featuredmedia":[{"embeddable":true,"href":"https:\/\/www.maag-polska.pl\/ro\/wp-json\/wp\/v2\/media\/23289"}],"wp:attachment":[{"href":"https:\/\/www.maag-polska.pl\/ro\/wp-json\/wp\/v2\/media?parent=25724"}],"wp:term":[{"taxonomy":"product_brand","embeddable":true,"href":"https:\/\/www.maag-polska.pl\/ro\/wp-json\/wp\/v2\/product_brand?post=25724"},{"taxonomy":"product_cat","embeddable":true,"href":"https:\/\/www.maag-polska.pl\/ro\/wp-json\/wp\/v2\/product_cat?post=25724"},{"taxonomy":"product_tag","embeddable":true,"href":"https:\/\/www.maag-polska.pl\/ro\/wp-json\/wp\/v2\/product_tag?post=25724"}],"curies":[{"name":"wp","href":"https:\/\/api.w.org\/{rel}","templated":true}]}}