{"id":25723,"date":"2025-09-01T08:28:07","date_gmt":"2025-09-01T08:28:07","guid":{"rendered":"https:\/\/www.maag-polska.pl\/obrzeza-meblowe\/202-s-black-structure\/"},"modified":"2025-09-01T09:08:31","modified_gmt":"2025-09-01T09:08:31","slug":"202-s-black-structure","status":"publish","type":"product","link":"https:\/\/www.maag-polska.pl\/ro\/obrzeza-meblowe\/202-s-black-structure\/","title":{"rendered":"Margini Mobilier 202-S BLACK STRUCTURE"},"content":{"rendered":"<div>\n<p>Banda de margine neagr\u0103 Swiss Krono U190 SE ofer\u0103 parametri tehnici precisi cu o compozi\u021bie de PVC pur conceput\u0103 pentru materialele moderne de prelucrare a lemnului. Grosimea de 2 mm asigur\u0103 o rezisten\u021b\u0103 optim\u0103 la impact, men\u021bin\u00e2nd \u00een acela\u0219i timp un finisaj structural curat. Compu\u0219ii stabiliza\u021bi la UV din aceast\u0103 band\u0103 de margine din PVC previn degradarea culorii, garant\u00e2nd consisten\u021ba estetic\u0103 pe termen lung. Testat\u0103 \u00een laborator pentru peste 10.000 de cicluri de abraziune, suprafa\u021ba men\u021bine integritatea structural\u0103 \u00een condi\u021bii de utilizare intensiv\u0103.<\/p>\n<p>Aceast\u0103 band\u0103 de margine din PVC negru eficientizeaz\u0103 produc\u021bia de mobilier cu caracteristicile sale eficiente de procesare. Formula specializat\u0103 reduce risipa de materiale cu p\u00e2n\u0103 la 30% comparativ cu op\u021biunile standard, impact\u00e2nd direct costurile de produc\u021bie. Perfect pentru produc\u021bia de dulapuri de volum mare, potrivirea sa constant\u0103 a culorilor cu panourile Swiss Krono U190 SE elimin\u0103 \u00eenlocuirile costisitoare. Durabilitatea benzilor de margine extinde ciclul de via\u021b\u0103 al mobilierului, oferind valoare tangibil\u0103 at\u00e2t pentru produc\u0103tori, c\u00e2t \u0219i pentru utilizatorii finali.<\/p>\n<\/div>\n","protected":false},"excerpt":{"rendered":"<p>22&#215;0,6; 22&#215;1; 22&#215;2; 28&#215;2*; 32&#215;2*; 35&#215;1*; 42&#215;0,8; 42&#215;2<\/p>\n","protected":false},"featured_media":21153,"comment_status":"closed","ping_status":"open","template":"","meta":{"_acf_changed":false},"product_brand":[],"product_cat":[1209],"product_tag":[],"class_list":{"0":"post-25723","1":"product","2":"type-product","3":"status-publish","4":"has-post-thumbnail","6":"product_cat-margini-mobilier","8":"first","9":"instock","10":"product-type-simple"},"acf":[],"_links":{"self":[{"href":"https:\/\/www.maag-polska.pl\/ro\/wp-json\/wp\/v2\/product\/25723","targetHints":{"allow":["GET"]}}],"collection":[{"href":"https:\/\/www.maag-polska.pl\/ro\/wp-json\/wp\/v2\/product"}],"about":[{"href":"https:\/\/www.maag-polska.pl\/ro\/wp-json\/wp\/v2\/types\/product"}],"replies":[{"embeddable":true,"href":"https:\/\/www.maag-polska.pl\/ro\/wp-json\/wp\/v2\/comments?post=25723"}],"wp:featuredmedia":[{"embeddable":true,"href":"https:\/\/www.maag-polska.pl\/ro\/wp-json\/wp\/v2\/media\/21153"}],"wp:attachment":[{"href":"https:\/\/www.maag-polska.pl\/ro\/wp-json\/wp\/v2\/media?parent=25723"}],"wp:term":[{"taxonomy":"product_brand","embeddable":true,"href":"https:\/\/www.maag-polska.pl\/ro\/wp-json\/wp\/v2\/product_brand?post=25723"},{"taxonomy":"product_cat","embeddable":true,"href":"https:\/\/www.maag-polska.pl\/ro\/wp-json\/wp\/v2\/product_cat?post=25723"},{"taxonomy":"product_tag","embeddable":true,"href":"https:\/\/www.maag-polska.pl\/ro\/wp-json\/wp\/v2\/product_tag?post=25723"}],"curies":[{"name":"wp","href":"https:\/\/api.w.org\/{rel}","templated":true}]}}