{"id":25722,"date":"2025-09-01T08:28:07","date_gmt":"2025-09-01T08:28:07","guid":{"rendered":"https:\/\/www.maag-polska.pl\/obrzeza-meblowe\/202-gp-black-flat-glossy\/"},"modified":"2025-09-01T09:08:30","modified_gmt":"2025-09-01T09:08:30","slug":"202-gp-black-flat-glossy","status":"publish","type":"product","link":"https:\/\/www.maag-polska.pl\/ro\/obrzeza-meblowe\/202-gp-black-flat-glossy\/","title":{"rendered":"Margini Mobilier 202-GP BLACK FLAT GLOSSY"},"content":{"rendered":"<div>\n<p>Band\u0103 de margine din PVC de \u00eenalt\u0103 calitate, negru lucios (202-GP), fabricat\u0103 cu compu\u0219i puri din PVC pentru o consisten\u021b\u0103 superioar\u0103 a suprafe\u021bei. Prezint\u0103 rezisten\u021b\u0103 excep\u021bional\u0103 la UV \u0219i stabilitate a culorii, men\u021bin\u00e2ndu-\u0219i finisajul negru profund chiar \u0219i \u00een cazul expunerii intense la lumin\u0103. Grosimea de 2 mm asigur\u0103 o protec\u021bie optim\u0103 la impact, \u00een timp ce tratamentul de luciu specializat atinge o valoare reflectorizante de >85 GU. Rezistent la temperaturi de p\u00e2n\u0103 la 80\u00b0C cu stabilitate dimensional\u0103 de \u00b10,3 mm\/m.<\/p>\n<p>Potrivire perfect\u0103 pentru panourile negre Kronospan 0190 AG\/MG, Pfleiderer U12007 HG \u0219i Egger U999 PG \u00een produc\u021bia de mobilier premium. Potrivite \u00een special pentru vitrine de v\u00e2nzare cu am\u0103nuntul, mobilier modern de birou \u0219i dulapuri de buc\u0103t\u0103rie de ultim\u0103 genera\u021bie, unde suprafe\u021bele lucioase creeaz\u0103 impact vizual. Toleran\u021bele precise ale materialelor pentru prelucrarea lemnului asigur\u0103 o prelucrare curat\u0103 at\u00e2t \u00een aplica\u021bii drepte, c\u00e2t \u0219i \u00een curbe, cu pierderi minime \u00een timpul proces\u0103rii. Recomandat pentru suprafe\u021be verticale \u0219i orizontale care necesit\u0103 at\u00e2t atractivitate estetic\u0103, c\u00e2t \u0219i durabilitate practic\u0103.<\/p>\n<\/div>\n","protected":false},"excerpt":{"rendered":"<p>22&#215;0,6; 22&#215;0,8; 22&#215;1; 22&#215;2; 32&#215;2*; 35&#215;1*; 42&#215;0,8; 42&#215;2<\/p>\n","protected":false},"featured_media":21150,"comment_status":"closed","ping_status":"open","template":"","meta":{"_acf_changed":false},"product_brand":[],"product_cat":[1209],"product_tag":[],"class_list":{"0":"post-25722","1":"product","2":"type-product","3":"status-publish","4":"has-post-thumbnail","6":"product_cat-margini-mobilier","8":"first","9":"instock","10":"product-type-simple"},"acf":[],"_links":{"self":[{"href":"https:\/\/www.maag-polska.pl\/ro\/wp-json\/wp\/v2\/product\/25722","targetHints":{"allow":["GET"]}}],"collection":[{"href":"https:\/\/www.maag-polska.pl\/ro\/wp-json\/wp\/v2\/product"}],"about":[{"href":"https:\/\/www.maag-polska.pl\/ro\/wp-json\/wp\/v2\/types\/product"}],"replies":[{"embeddable":true,"href":"https:\/\/www.maag-polska.pl\/ro\/wp-json\/wp\/v2\/comments?post=25722"}],"wp:featuredmedia":[{"embeddable":true,"href":"https:\/\/www.maag-polska.pl\/ro\/wp-json\/wp\/v2\/media\/21150"}],"wp:attachment":[{"href":"https:\/\/www.maag-polska.pl\/ro\/wp-json\/wp\/v2\/media?parent=25722"}],"wp:term":[{"taxonomy":"product_brand","embeddable":true,"href":"https:\/\/www.maag-polska.pl\/ro\/wp-json\/wp\/v2\/product_brand?post=25722"},{"taxonomy":"product_cat","embeddable":true,"href":"https:\/\/www.maag-polska.pl\/ro\/wp-json\/wp\/v2\/product_cat?post=25722"},{"taxonomy":"product_tag","embeddable":true,"href":"https:\/\/www.maag-polska.pl\/ro\/wp-json\/wp\/v2\/product_tag?post=25722"}],"curies":[{"name":"wp","href":"https:\/\/api.w.org\/{rel}","templated":true}]}}