{"id":25715,"date":"2025-09-01T08:27:46","date_gmt":"2025-09-01T08:27:46","guid":{"rendered":"https:\/\/www.maag-polska.pl\/obrzeza-meblowe\/201-pe-pearl-white\/"},"modified":"2025-09-01T09:08:22","modified_gmt":"2025-09-01T09:08:22","slug":"201-pe-pearl-white","status":"publish","type":"product","link":"https:\/\/www.maag-polska.pl\/ro\/obrzeza-meblowe\/201-pe-pearl-white\/","title":{"rendered":"Margini Mobilier 201-PE PEARL WHITE"},"content":{"rendered":"<div>\n<p>Band\u0103 de margine din PVC de \u00eenalt\u0103 performan\u021b\u0103 din 201-PE Pearl White, conceput\u0103 cu compu\u0219i avansa\u021bi de stabilizare UV care asigur\u0103 o p\u0103strare excep\u021bional\u0103 a culorii. Acest material de calitate profesional\u0103 pentru prelucrarea lemnului are o grosime calibrat\u0103 cu precizie de 1 mm \u0219i o structur\u0103 de suprafa\u021b\u0103 specializat\u0103 pentru o aderen\u021b\u0103 optim\u0103. Compozi\u021bia din PVC pur ofer\u0103 o rezisten\u021b\u0103 superioar\u0103 la impact, men\u021bin\u00e2nd \u00een acela\u0219i timp o stabilitate dimensional\u0103 strict\u0103 \u00een diferite intervale de temperatur\u0103.<\/p>\n<p>Banda de margine Pearl White eficientizeaz\u0103 produc\u021bia de mobilier cu caracteristicile sale eficiente de procesare \u0219i cerin\u021bele minime de t\u0103iere. Calitatea constant\u0103 a materialului reduce risipa cu p\u00e2n\u0103 la 30% \u00een compara\u021bie cu alternativele standard, \u00een timp ce durabilitatea sporit\u0103 prelunge\u0219te durata de via\u021b\u0103 a mobilierului. Perfect pentru produc\u021bia de volum mare de mobilier alb de birou, vitrine de v\u00e2nzare cu am\u0103nuntul \u0219i dulapuri moderne de buc\u0103t\u0103rie, unde valoarea estetic\u0103 pe termen lung este esen\u021bial\u0103.<\/p>\n<\/div>\n","protected":false},"excerpt":{"rendered":"<p>22&#215;0,6; 22&#215;0,8; 22&#215;2; 35&#215;1*; 42&#215;0,8; 42&#215;2<\/p>\n","protected":false},"featured_media":21129,"comment_status":"closed","ping_status":"open","template":"","meta":{"_acf_changed":false},"product_brand":[],"product_cat":[1209],"product_tag":[],"class_list":{"0":"post-25715","1":"product","2":"type-product","3":"status-publish","4":"has-post-thumbnail","6":"product_cat-margini-mobilier","8":"first","9":"instock","10":"product-type-simple"},"acf":[],"_links":{"self":[{"href":"https:\/\/www.maag-polska.pl\/ro\/wp-json\/wp\/v2\/product\/25715","targetHints":{"allow":["GET"]}}],"collection":[{"href":"https:\/\/www.maag-polska.pl\/ro\/wp-json\/wp\/v2\/product"}],"about":[{"href":"https:\/\/www.maag-polska.pl\/ro\/wp-json\/wp\/v2\/types\/product"}],"replies":[{"embeddable":true,"href":"https:\/\/www.maag-polska.pl\/ro\/wp-json\/wp\/v2\/comments?post=25715"}],"wp:featuredmedia":[{"embeddable":true,"href":"https:\/\/www.maag-polska.pl\/ro\/wp-json\/wp\/v2\/media\/21129"}],"wp:attachment":[{"href":"https:\/\/www.maag-polska.pl\/ro\/wp-json\/wp\/v2\/media?parent=25715"}],"wp:term":[{"taxonomy":"product_brand","embeddable":true,"href":"https:\/\/www.maag-polska.pl\/ro\/wp-json\/wp\/v2\/product_brand?post=25715"},{"taxonomy":"product_cat","embeddable":true,"href":"https:\/\/www.maag-polska.pl\/ro\/wp-json\/wp\/v2\/product_cat?post=25715"},{"taxonomy":"product_tag","embeddable":true,"href":"https:\/\/www.maag-polska.pl\/ro\/wp-json\/wp\/v2\/product_tag?post=25715"}],"curies":[{"name":"wp","href":"https:\/\/api.w.org\/{rel}","templated":true}]}}