{"id":25714,"date":"2025-09-01T08:27:46","date_gmt":"2025-09-01T08:27:46","guid":{"rendered":"https:\/\/www.maag-polska.pl\/obrzeza-meblowe\/201-p-white-glossy\/"},"modified":"2025-09-01T09:08:21","modified_gmt":"2025-09-01T09:08:21","slug":"201-p-white-glossy","status":"publish","type":"product","link":"https:\/\/www.maag-polska.pl\/ro\/obrzeza-meblowe\/201-p-white-glossy\/","title":{"rendered":"Margini Mobilier 201-P WHITE GLOSSY"},"content":{"rendered":"<div>\n<p>Band\u0103 de margine din PVC alb lucios, cu compozi\u021bie de PVC pur 99,9%, proiectat\u0103 pentru rezisten\u021b\u0103 superioar\u0103 la UV \u0219i stabilitate a culorii. Aceast\u0103 band\u0103 de margine 201-P \u00ee\u0219i men\u021bine finisajul alb str\u0103lucitor \u0219i integritatea structural\u0103 chiar \u0219i la expunerea la lumin\u0103 intens\u0103. Toleran\u021ba precis\u0103 la grosime a materialului (\u00b1 0,02 mm) \u0219i stratul de aderen\u021b\u0103 optimizat asigur\u0103 pierderi minime \u00een timpul proces\u0103rii. \u00cembun\u0103t\u0103\u021bit cu aditivi rezisten\u021bi la impact pentru durabilitate pe termen lung \u00een utilizarea zilnic\u0103.<\/p>\n<p>Potrivit \u00een special pentru dulapuri moderne de buc\u0103t\u0103rie, accesorii de afi\u0219are cu am\u0103nuntul \u0219i mobilier de birou de ultim\u0103 genera\u021bie, unde suprafe\u021bele albe curate sunt esen\u021biale. Acest material pentru prelucrarea lemnului exceleaz\u0103 \u00een mediile comerciale cu cerin\u021be frecvente de cur\u0103\u021bare. Compozi\u021bia de calitate profesional\u0103 a benzilor de cant \u00eel face ideal pentru produc\u0103torii de mobilier specializa\u021bi \u00een facilit\u0103\u021bi medicale, laboratoare \u0219i spa\u021bii de locuit contemporane \u00een care igiena \u0219i estetica sunt primordiale.<\/p>\n<\/div>\n","protected":false},"excerpt":{"rendered":"<p>22&#215;0,6; 22&#215;1; 22&#215;2; 32&#215;2*; 35&#215;1*; 42&#215;2<\/p>\n","protected":false},"featured_media":21126,"comment_status":"closed","ping_status":"open","template":"","meta":{"_acf_changed":false},"product_brand":[],"product_cat":[1209],"product_tag":[],"class_list":{"0":"post-25714","1":"product","2":"type-product","3":"status-publish","4":"has-post-thumbnail","6":"product_cat-margini-mobilier","8":"first","9":"instock","10":"product-type-simple"},"acf":[],"_links":{"self":[{"href":"https:\/\/www.maag-polska.pl\/ro\/wp-json\/wp\/v2\/product\/25714","targetHints":{"allow":["GET"]}}],"collection":[{"href":"https:\/\/www.maag-polska.pl\/ro\/wp-json\/wp\/v2\/product"}],"about":[{"href":"https:\/\/www.maag-polska.pl\/ro\/wp-json\/wp\/v2\/types\/product"}],"replies":[{"embeddable":true,"href":"https:\/\/www.maag-polska.pl\/ro\/wp-json\/wp\/v2\/comments?post=25714"}],"wp:featuredmedia":[{"embeddable":true,"href":"https:\/\/www.maag-polska.pl\/ro\/wp-json\/wp\/v2\/media\/21126"}],"wp:attachment":[{"href":"https:\/\/www.maag-polska.pl\/ro\/wp-json\/wp\/v2\/media?parent=25714"}],"wp:term":[{"taxonomy":"product_brand","embeddable":true,"href":"https:\/\/www.maag-polska.pl\/ro\/wp-json\/wp\/v2\/product_brand?post=25714"},{"taxonomy":"product_cat","embeddable":true,"href":"https:\/\/www.maag-polska.pl\/ro\/wp-json\/wp\/v2\/product_cat?post=25714"},{"taxonomy":"product_tag","embeddable":true,"href":"https:\/\/www.maag-polska.pl\/ro\/wp-json\/wp\/v2\/product_tag?post=25714"}],"curies":[{"name":"wp","href":"https:\/\/api.w.org\/{rel}","templated":true}]}}