{"id":25709,"date":"2025-09-01T08:27:46","date_gmt":"2025-09-01T08:27:46","guid":{"rendered":"https:\/\/www.maag-polska.pl\/obrzeza-meblowe\/201-gp-white-flat-glossy\/"},"modified":"2025-09-01T09:08:18","modified_gmt":"2025-09-01T09:08:18","slug":"201-gp-white-flat-glossy","status":"publish","type":"product","link":"https:\/\/www.maag-polska.pl\/ro\/obrzeza-meblowe\/201-gp-white-flat-glossy\/","title":{"rendered":"Margini Mobilier 201-GP WHITE FLAT GLOSSY"},"content":{"rendered":"<div>\n<p>Banda de margine profesional\u0103 din PVC 201-GP cu finisaj alb lucios impecabil ofer\u0103 o rezisten\u021b\u0103 excep\u021bional\u0103 \u00eempotriva uzurii zilnice. Acest material de \u00eenalt\u0103 performan\u021b\u0103 pentru prelucrarea lemnului \u00ee\u0219i men\u021bine str\u0103lucirea str\u0103lucitoare prin expunerea la UV \u0219i fluctua\u021biile de temperatur\u0103, f\u0103c\u00e2ndu-l ideal pentru marginile mobilierului \u00een zonele expuse la soare. Compozi\u021bia din PVC pur asigur\u0103 o stabilitate de durat\u0103 a culorii, potrivindu-se perfect cu decorurile albe populare precum Kronospan 8685 MG \u0219i Egger W1100 PG. Structura sa rezistent\u0103 la impact previne ciobirea \u0219i deteriorarea, \u00een timp ce tratamentul specializat de suprafa\u021b\u0103 men\u021bine aspectul lucios chiar \u0219i dup\u0103 o utilizare intensiv\u0103.<\/p>\n<p>Experimenta\u021bi finisarea f\u0103r\u0103 sudur\u0103 a marginilor mobilierului cu aceast\u0103 solu\u021bie de band\u0103 de margine u\u0219or de utilizat. Grosimea optimizat\u0103 asigur\u0103 o prelucrare lin\u0103 cu echipamente standard, \u00een timp ce stratul adeziv special formulat se activeaz\u0103 rapid la temperaturi standard. Perfect\u0103 at\u00e2t pentru aplica\u021bii drepte c\u00e2t \u0219i curbate, aceast\u0103 band\u0103 de margine din PVC reduce timpul de instalare prin prelucrabilitate excelent\u0103 \u0219i propriet\u0103\u021bi de t\u0103iere curate. Consisten\u021ba materialului elimin\u0103 necesitatea trecerilor multiple, permi\u021b\u00e2nd aplicarea eficient\u0103 cu de\u0219euri minime. Ideal pentru asortarea cu suprafe\u021bele albe Pfleiderer U11209 HG \u0219i Woodeco PB0080, asigur\u00e2nd rezultate profesionale de fiecare dat\u0103.<\/p>\n<\/div>\n","protected":false},"excerpt":{"rendered":"<p>19&#215;2*; 22&#215;0,6; 22&#215;0,8; 22&#215;1; 22&#215;2; 28&#215;0,6*; 32&#215;2*; 35&#215;1*; 42&#215;0,8; 42&#215;2<\/p>\n","protected":false},"featured_media":21111,"comment_status":"closed","ping_status":"open","template":"","meta":{"_acf_changed":false},"product_brand":[],"product_cat":[1209],"product_tag":[],"class_list":{"0":"post-25709","1":"product","2":"type-product","3":"status-publish","4":"has-post-thumbnail","6":"product_cat-margini-mobilier","8":"first","9":"instock","10":"product-type-simple"},"acf":[],"_links":{"self":[{"href":"https:\/\/www.maag-polska.pl\/ro\/wp-json\/wp\/v2\/product\/25709","targetHints":{"allow":["GET"]}}],"collection":[{"href":"https:\/\/www.maag-polska.pl\/ro\/wp-json\/wp\/v2\/product"}],"about":[{"href":"https:\/\/www.maag-polska.pl\/ro\/wp-json\/wp\/v2\/types\/product"}],"replies":[{"embeddable":true,"href":"https:\/\/www.maag-polska.pl\/ro\/wp-json\/wp\/v2\/comments?post=25709"}],"wp:featuredmedia":[{"embeddable":true,"href":"https:\/\/www.maag-polska.pl\/ro\/wp-json\/wp\/v2\/media\/21111"}],"wp:attachment":[{"href":"https:\/\/www.maag-polska.pl\/ro\/wp-json\/wp\/v2\/media?parent=25709"}],"wp:term":[{"taxonomy":"product_brand","embeddable":true,"href":"https:\/\/www.maag-polska.pl\/ro\/wp-json\/wp\/v2\/product_brand?post=25709"},{"taxonomy":"product_cat","embeddable":true,"href":"https:\/\/www.maag-polska.pl\/ro\/wp-json\/wp\/v2\/product_cat?post=25709"},{"taxonomy":"product_tag","embeddable":true,"href":"https:\/\/www.maag-polska.pl\/ro\/wp-json\/wp\/v2\/product_tag?post=25709"}],"curies":[{"name":"wp","href":"https:\/\/api.w.org\/{rel}","templated":true}]}}