{"id":25701,"date":"2025-09-01T08:27:46","date_gmt":"2025-09-01T08:27:46","guid":{"rendered":"https:\/\/www.maag-polska.pl\/obrzeza-meblowe\/201-al-snow-white\/"},"modified":"2025-09-01T09:08:14","modified_gmt":"2025-09-01T09:08:14","slug":"201-al-snow-white","status":"publish","type":"product","link":"https:\/\/www.maag-polska.pl\/ro\/obrzeza-meblowe\/201-al-snow-white\/","title":{"rendered":"Margini Mobilier 201-AL SNOW WHITE"},"content":{"rendered":"<div>\n<p>Borduri profesionale din PVC \u00een alb alpin, proiectate cu rezisten\u021b\u0103 \u00eembun\u0103t\u0103\u021bit\u0103 la UV pentru o stabilitate de durat\u0103 a culorii. Aceast\u0103 margine de mobilier are o compozi\u021bie specializat\u0103 care rezist\u0103 uzurii zilnice, umidit\u0103\u021bii \u0219i varia\u021biilor de temperatur\u0103. Construc\u021bia pur din PVC asigur\u0103 o durabilitate excep\u021bional\u0103 \u00eempotriva impactului \u0219i expunerii la substan\u021be chimice, f\u0103c\u00e2ndu-l ideal pentru aplica\u021bii comerciale \u0219i reziden\u021biale cu trafic intens. Aceste materiale pentru prelucrarea lemnului \u00ee\u0219i p\u0103streaz\u0103 aspectul curat chiar \u0219i dup\u0103 ani de utilizare, cu rezisten\u021b\u0103 testat\u0103 la \u00eeng\u0103lbenire \u0219i degradarea suprafe\u021bei.<\/p>\n<p>Experimenta\u021bi finisarea f\u0103r\u0103 sudur\u0103 a mobilierului cu aceast\u0103 band\u0103 de margine t\u0103iat\u0103 cu precizie care ader\u0103 rapid \u0219i curat pe suprafe\u021bele de plac\u0103. Grosimea optimizat\u0103 asigur\u0103 pierderi minime \u00een timpul proces\u0103rii, men\u021bin\u00e2nd \u00een acela\u0219i timp acoperirea perfect\u0103 a marginilor. Conceput pentru o aplicare eficient\u0103 cu ma\u0219inile standard de bandare a marginilor, acest produs permite prelucrarea cu raz\u0103 lin\u0103 \u0219i t\u0103ierea curat\u0103. Structura consistent\u0103 a materialului elimin\u0103 necesitatea unor etape suplimentare de finisare, reduc\u00e2nd timpul de instalare f\u0103r\u0103 a compromite rezultatul profesional.<\/p>\n<\/div>\n","protected":false},"excerpt":{"rendered":"<p>22&#215;0,6; 22&#215;0,8; 22&#215;1; 22&#215;2; 35&#215;1*; 42&#215;0,8; 42&#215;2<\/p>\n","protected":false},"featured_media":21087,"comment_status":"closed","ping_status":"open","template":"","meta":{"_acf_changed":false},"product_brand":[],"product_cat":[1209],"product_tag":[],"class_list":{"0":"post-25701","1":"product","2":"type-product","3":"status-publish","4":"has-post-thumbnail","6":"product_cat-margini-mobilier","8":"first","9":"instock","10":"product-type-simple"},"acf":[],"_links":{"self":[{"href":"https:\/\/www.maag-polska.pl\/ro\/wp-json\/wp\/v2\/product\/25701","targetHints":{"allow":["GET"]}}],"collection":[{"href":"https:\/\/www.maag-polska.pl\/ro\/wp-json\/wp\/v2\/product"}],"about":[{"href":"https:\/\/www.maag-polska.pl\/ro\/wp-json\/wp\/v2\/types\/product"}],"replies":[{"embeddable":true,"href":"https:\/\/www.maag-polska.pl\/ro\/wp-json\/wp\/v2\/comments?post=25701"}],"wp:featuredmedia":[{"embeddable":true,"href":"https:\/\/www.maag-polska.pl\/ro\/wp-json\/wp\/v2\/media\/21087"}],"wp:attachment":[{"href":"https:\/\/www.maag-polska.pl\/ro\/wp-json\/wp\/v2\/media?parent=25701"}],"wp:term":[{"taxonomy":"product_brand","embeddable":true,"href":"https:\/\/www.maag-polska.pl\/ro\/wp-json\/wp\/v2\/product_brand?post=25701"},{"taxonomy":"product_cat","embeddable":true,"href":"https:\/\/www.maag-polska.pl\/ro\/wp-json\/wp\/v2\/product_cat?post=25701"},{"taxonomy":"product_tag","embeddable":true,"href":"https:\/\/www.maag-polska.pl\/ro\/wp-json\/wp\/v2\/product_tag?post=25701"}],"curies":[{"name":"wp","href":"https:\/\/api.w.org\/{rel}","templated":true}]}}