{"id":25699,"date":"2025-09-01T08:27:46","date_gmt":"2025-09-01T08:27:46","guid":{"rendered":"https:\/\/www.maag-polska.pl\/obrzeza-meblowe\/201-alpine-white\/"},"modified":"2025-09-01T09:08:12","modified_gmt":"2025-09-01T09:08:12","slug":"201-alpine-white","status":"publish","type":"product","link":"https:\/\/www.maag-polska.pl\/ro\/obrzeza-meblowe\/201-alpine-white\/","title":{"rendered":"Margini Mobilier 201 ALPINE WHITE"},"content":{"rendered":"<div>\n<p>Banda de margine din PVC testat\u0103 \u00een laborator din 201 BIA\u0141Y ALPEJSKI ofer\u0103 o potrivire precis\u0103 a culorilor cu suprafe\u021bele Kronospan 0101 SM \u0219i Egger W1100 PM. Compozi\u021bia avansat\u0103 de polimer asigur\u0103 o rezisten\u021b\u0103 UV de 99,8%, men\u021bin\u00e2nd stabilitatea culorii chiar \u0219i la expunerea la lumin\u0103 intens\u0103. Acest material pentru prelucrarea lemnului are o structur\u0103 specializat\u0103 \u00een 3 straturi, cu rezisten\u021b\u0103 la impact de 12,5 N\/mm\u00b2, ceea ce \u00eel face ideal pentru aplica\u021bii de mobilier cu trafic intens. Formularea din PVC pur atinge o duritate a suprafe\u021bei de 75 Shore D, men\u021bin\u00e2nd \u00een acela\u0219i timp flexibilitatea pentru aplica\u021bii cu raz\u0103 de p\u00e2n\u0103 la 2 mm.<\/p>\n<p>Eficientiza\u021bi-v\u0103 produc\u021bia cu aceast\u0103 band\u0103 de margine versatil\u0103 pentru mobilier care reduce risipa de material cu p\u00e2n\u0103 la 15% prin parametrii de procesare optimiza\u021bi. Varia\u021bia de grosime calibrat\u0103 cu precizie de \u00b10,02 mm asigur\u0103 o lipire consistent\u0103 \u0219i elimin\u0103 necesitatea unor etape suplimentare de finisare. Compatibil cu toate ma\u0219inile standard de band\u0103 de cant, la viteze de p\u00e2n\u0103 la 25 m\/min, aceast\u0103 band\u0103 de cant din PVC men\u021bine stabilitatea dimensional\u0103 \u00een timpul proces\u0103rii, rezult\u00e2nd rate mai mici de respingere \u0219i o eficien\u021b\u0103 \u00eembun\u0103t\u0103\u021bit\u0103 a costurilor. Formularea stabil\u0103 la culoare reduce nevoile de inventar prin eliminarea cerin\u021belor de potrivire a loturilor.<\/p>\n<\/div>\n","protected":false},"excerpt":{"rendered":"<p>22&#215;0,6; 22&#215;0,8; 22&#215;1; 22&#215;2; 28&#215;2*; 32&#215;2*; 35&#215;1*; 42&#215;0,8; 42&#215;2<\/p>\n","protected":false},"featured_media":23308,"comment_status":"closed","ping_status":"open","template":"","meta":{"_acf_changed":false},"product_brand":[],"product_cat":[1209],"product_tag":[],"class_list":{"0":"post-25699","1":"product","2":"type-product","3":"status-publish","4":"has-post-thumbnail","6":"product_cat-margini-mobilier","8":"first","9":"instock","10":"product-type-simple"},"acf":[],"_links":{"self":[{"href":"https:\/\/www.maag-polska.pl\/ro\/wp-json\/wp\/v2\/product\/25699","targetHints":{"allow":["GET"]}}],"collection":[{"href":"https:\/\/www.maag-polska.pl\/ro\/wp-json\/wp\/v2\/product"}],"about":[{"href":"https:\/\/www.maag-polska.pl\/ro\/wp-json\/wp\/v2\/types\/product"}],"replies":[{"embeddable":true,"href":"https:\/\/www.maag-polska.pl\/ro\/wp-json\/wp\/v2\/comments?post=25699"}],"wp:featuredmedia":[{"embeddable":true,"href":"https:\/\/www.maag-polska.pl\/ro\/wp-json\/wp\/v2\/media\/23308"}],"wp:attachment":[{"href":"https:\/\/www.maag-polska.pl\/ro\/wp-json\/wp\/v2\/media?parent=25699"}],"wp:term":[{"taxonomy":"product_brand","embeddable":true,"href":"https:\/\/www.maag-polska.pl\/ro\/wp-json\/wp\/v2\/product_brand?post=25699"},{"taxonomy":"product_cat","embeddable":true,"href":"https:\/\/www.maag-polska.pl\/ro\/wp-json\/wp\/v2\/product_cat?post=25699"},{"taxonomy":"product_tag","embeddable":true,"href":"https:\/\/www.maag-polska.pl\/ro\/wp-json\/wp\/v2\/product_tag?post=25699"}],"curies":[{"name":"wp","href":"https:\/\/api.w.org\/{rel}","templated":true}]}}