{"id":26388,"date":"2025-09-01T08:33:22","date_gmt":"2025-09-01T08:33:22","guid":{"rendered":"https:\/\/www.maag-polska.pl\/obrzeza-meblowe\/d9-1-maple\/"},"modified":"2025-09-01T09:07:10","modified_gmt":"2025-09-01T09:07:10","slug":"d9-1-maple","status":"publish","type":"product","link":"https:\/\/www.maag-polska.pl\/lt\/obrzeza-meblowe\/d9-1-maple\/","title":{"rendered":"Bald\u0173 kra\u0161tai D9\/1 MAPLE"},"content":{"rendered":"<div>\n<p>Profesionali PVC kra\u0161t\u0173 juosta D9\/1 KLON atspalvyje u\u017etikrina i\u0161skirtin\u012f atsparum\u0105 kasdieniniam nusid\u0117v\u0117jimui. \u0160i gryna PVC kompozicija i\u0161laiko savo strukt\u016brin\u012f vientisum\u0105 net intensyviai naudojant, tod\u0117l idealiai tinka intensyvaus eismo baldams. Speciali UV spinduliams atspari formul\u0117 apsaugo nuo pageltimo ir spalv\u0173 pasikeitim\u0173, u\u017etikrindama, kad kra\u0161t\u0173 juostos i\u0161laikyt\u0173 autenti\u0161k\u0105 klevo atspalv\u012f, kuris puikiai dera su Kronospan 0375 BS ir Pfleiderer R27039 MO apdaila. \u0160ios medienos apdirbimo med\u017eiagos, pasi\u017eymin\u010dios \u012fsp\u016bdingu atsparumu sm\u016bgiams ir kruop\u0161\u010diai sukurtu 1 mm storiu, atlaiko nelygumus ir mechanin\u012f \u012ftempim\u0105, nepakenkdamos i\u0161vaizdai.<\/p>\n<p>Patirkite besi\u016bli\u0173 bald\u0173 kra\u0161t\u0173 apdail\u0105 naudodami \u0161i\u0105 greitai klijuojan\u010di\u0105 PVC kra\u0161t\u0173 juost\u0105, kuri \u017eymiai sutrumpina montavimo laik\u0105. Tiksliai sukalibruotas lipnus sluoksnis efektyviai aktyvuojasi esant optimalioms temperat\u016broms ir sukuria tvirtus, ilgalaikius ry\u0161ius su minimaliomis pastangomis. Puikiai tinka tiek rankiniam, tiek automatiniam darbui, \u0161i kra\u0161t\u0173 juosta \u0161variai pjauna standartiniais \u012frankiais, tod\u0117l apdorojimo metu susidaro minimalus atliek\u0173 kiekis. Nuoseklus spalv\u0173 derinys su KLON THANSAU variantais u\u017etikrina profesionalius rezultatus kiekvien\u0105 kart\u0105, o lygus pavir\u0161ius po dengimo nereikalauja papildom\u0173 apdailos \u017eingsni\u0173. Idealiai tinka medienos apdirbimo profesionalams, siekiantiems efektyvumo neprarandant kokyb\u0117s.<\/p>\n<\/div>\n","protected":false},"excerpt":{"rendered":"<p>22&#215;0,6; 22&#215;0,8; 22&#215;1; 22&#215;2; 28&#215;2*; 32&#215;2*; 35&#215;1*; 42&#215;0,8; 42&#215;2<\/p>\n","protected":false},"featured_media":22698,"comment_status":"closed","ping_status":"open","template":"","meta":{"_acf_changed":false},"product_brand":[],"product_cat":[1210],"product_tag":[],"class_list":{"0":"post-26388","1":"product","2":"type-product","3":"status-publish","4":"has-post-thumbnail","6":"product_cat-baldu-krastai","8":"first","9":"instock","10":"product-type-simple"},"acf":[],"_links":{"self":[{"href":"https:\/\/www.maag-polska.pl\/lt\/wp-json\/wp\/v2\/product\/26388","targetHints":{"allow":["GET"]}}],"collection":[{"href":"https:\/\/www.maag-polska.pl\/lt\/wp-json\/wp\/v2\/product"}],"about":[{"href":"https:\/\/www.maag-polska.pl\/lt\/wp-json\/wp\/v2\/types\/product"}],"replies":[{"embeddable":true,"href":"https:\/\/www.maag-polska.pl\/lt\/wp-json\/wp\/v2\/comments?post=26388"}],"wp:featuredmedia":[{"embeddable":true,"href":"https:\/\/www.maag-polska.pl\/lt\/wp-json\/wp\/v2\/media\/22698"}],"wp:attachment":[{"href":"https:\/\/www.maag-polska.pl\/lt\/wp-json\/wp\/v2\/media?parent=26388"}],"wp:term":[{"taxonomy":"product_brand","embeddable":true,"href":"https:\/\/www.maag-polska.pl\/lt\/wp-json\/wp\/v2\/product_brand?post=26388"},{"taxonomy":"product_cat","embeddable":true,"href":"https:\/\/www.maag-polska.pl\/lt\/wp-json\/wp\/v2\/product_cat?post=26388"},{"taxonomy":"product_tag","embeddable":true,"href":"https:\/\/www.maag-polska.pl\/lt\/wp-json\/wp\/v2\/product_tag?post=26388"}],"curies":[{"name":"wp","href":"https:\/\/api.w.org\/{rel}","templated":true}]}}