{"id":26387,"date":"2025-09-01T08:33:22","date_gmt":"2025-09-01T08:33:22","guid":{"rendered":"https:\/\/www.maag-polska.pl\/obrzeza-meblowe\/d8-9-lyon-walnut\/"},"modified":"2025-09-01T09:07:09","modified_gmt":"2025-09-01T09:07:09","slug":"d8-9-lyon-walnut","status":"publish","type":"product","link":"https:\/\/www.maag-polska.pl\/lt\/obrzeza-meblowe\/d8-9-lyon-walnut\/","title":{"rendered":"Bald\u0173 kra\u0161tai D8\/9 LYON WALNUT"},"content":{"rendered":"<div>\n<p>Sodrios Lyon rie\u0161utmed\u017eio PVC kra\u0161tin\u0117s juostos u\u017efiksuoja rafinuot\u0105 nat\u016bralaus rie\u0161utmed\u017eio \u0161ilum\u0105, pasi\u017eymin\u010dios giliais rudais atspalviais ir subtiliais auksiniais atspalviais. \u0160i Kronospan 9614 BS suderinta kra\u0161t\u0173 juosta u\u017etikrina nepriekai\u0161ting\u0105 spalv\u0173 nuoseklum\u0105 ir \u0161ilko lyg\u0173 pavir\u0161i\u0173, kuris puikiai dera prie \u0161iuolaikini\u0173 bald\u0173 dizaino. Auk\u0161\u010diausios kokyb\u0117s gryno PVC kompozicija u\u017etikrina nepriekai\u0161ting\u0105 med\u017eio i\u0161vaizd\u0105, i\u0161laikant i\u0161skirtin\u012f spalvos stabilum\u0105.<\/p>\n<p>Sukurta specialiai profesionalioms medienos apdirbimo med\u017eiagoms ir bald\u0173 kra\u0161t\u0173 apdailai, \u0161i UV spinduliams atspari kra\u0161t\u0173 juosta puikiai tinka tiek gyvenamosioms, tiek komercin\u0117ms reikm\u0117ms. Pa\u017eangi med\u017eiagos sud\u0117tis leid\u017eia atlikti \u0161varius, tikslius pj\u016bvius su minimaliu atliek\u0173 apdorojimu. Nesvarbu, ar naudojama biuro baldams, virtuv\u0117s spintel\u0117ms ar ma\u017emenin\u0117s prekybos vitrinoms, \u0161i PVC kra\u0161t\u0173 juosta i\u0161laiko savo strukt\u016brin\u012f vientisum\u0105 ir estetin\u012f patrauklum\u0105 net ir intensyvaus naudojimo s\u0105lygomis. Jo universali 3D pavir\u0161iaus strukt\u016bra skland\u017eiai prisitaiko prie tiesi\u0173 kra\u0161t\u0173 ir lenkt\u0173 element\u0173.<\/p>\n<\/div>\n","protected":false},"excerpt":{"rendered":"<p>19&#215;2*; 22&#215;0,6; 22&#215;1; 22&#215;2; 32&#215;2*; 35&#215;1*; 42&#215;2<\/p>\n","protected":false},"featured_media":22697,"comment_status":"closed","ping_status":"open","template":"","meta":{"_acf_changed":false},"product_brand":[],"product_cat":[1210],"product_tag":[],"class_list":{"0":"post-26387","1":"product","2":"type-product","3":"status-publish","4":"has-post-thumbnail","6":"product_cat-baldu-krastai","8":"first","9":"instock","10":"product-type-simple"},"acf":[],"_links":{"self":[{"href":"https:\/\/www.maag-polska.pl\/lt\/wp-json\/wp\/v2\/product\/26387","targetHints":{"allow":["GET"]}}],"collection":[{"href":"https:\/\/www.maag-polska.pl\/lt\/wp-json\/wp\/v2\/product"}],"about":[{"href":"https:\/\/www.maag-polska.pl\/lt\/wp-json\/wp\/v2\/types\/product"}],"replies":[{"embeddable":true,"href":"https:\/\/www.maag-polska.pl\/lt\/wp-json\/wp\/v2\/comments?post=26387"}],"wp:featuredmedia":[{"embeddable":true,"href":"https:\/\/www.maag-polska.pl\/lt\/wp-json\/wp\/v2\/media\/22697"}],"wp:attachment":[{"href":"https:\/\/www.maag-polska.pl\/lt\/wp-json\/wp\/v2\/media?parent=26387"}],"wp:term":[{"taxonomy":"product_brand","embeddable":true,"href":"https:\/\/www.maag-polska.pl\/lt\/wp-json\/wp\/v2\/product_brand?post=26387"},{"taxonomy":"product_cat","embeddable":true,"href":"https:\/\/www.maag-polska.pl\/lt\/wp-json\/wp\/v2\/product_cat?post=26387"},{"taxonomy":"product_tag","embeddable":true,"href":"https:\/\/www.maag-polska.pl\/lt\/wp-json\/wp\/v2\/product_tag?post=26387"}],"curies":[{"name":"wp","href":"https:\/\/api.w.org\/{rel}","templated":true}]}}