{"id":26383,"date":"2025-09-01T08:33:22","date_gmt":"2025-09-01T08:33:22","guid":{"rendered":"https:\/\/www.maag-polska.pl\/obrzeza-meblowe\/d8-5-california-walnut\/"},"modified":"2025-09-01T09:07:07","modified_gmt":"2025-09-01T09:07:07","slug":"d8-5-california-walnut","status":"publish","type":"product","link":"https:\/\/www.maag-polska.pl\/lt\/obrzeza-meblowe\/d8-5-california-walnut\/","title":{"rendered":"Bald\u0173 kra\u0161tai D8\/5 CALIFORNIA WALNUT"},"content":{"rendered":"<div>\n<p>D8\/5 ORZECH CALIFORNIA kra\u0161t\u0173 juostel\u0117je u\u017efiksuota \u0161ilta, rafinuota Kalifornijos rie\u0161utmed\u017eio esm\u0117, pasi\u017eyminti sodriais rudais atspalviais ir subtiliais auksiniais atspalviais. \u0160i PVC kra\u0161t\u0173 juosta demonstruoja kruop\u0161\u010diai pagamint\u0105 medienos ra\u0161t\u0105, kuris puikiai atspindi Pfleiderer R30039 LN pavir\u0161iaus tekst\u016br\u0105 ir sukuria vientis\u0105 vizualin\u012f per\u0117jim\u0105 nuo lentos iki kra\u0161to.<\/p>\n<p>Pagaminta i\u0161 gryno PVC, \u0161i med\u017eio apdirbimo med\u017eiaga puikiai tinka tiek gyvenamosioms, tiek komercin\u0117ms reikm\u0117ms \u2013 nuo virtuv\u0117s spinteli\u0173 iki biuro bald\u0173. 5 mm storis u\u017etikrina tvirt\u0105 kra\u0161to apsaug\u0105, i\u0161laikant paprastas apdorojimo savybes. UV spinduliams atspari kompozicija u\u017etikrina ilgalaik\u012f spalvos stabilum\u0105, tod\u0117l idealiai tinka nat\u016bralios \u0161viesos veikiamiems bald\u0173 kra\u0161tams. D\u0117l tikslaus med\u017eiagos matmen\u0173 dengimo metu susidaro minimalus atliek\u0173 kiekis.<\/p>\n<\/div>\n","protected":false},"excerpt":{"rendered":"<p>22&#215;0,6; 22&#215;1; 22&#215;2; 28&#215;2*; 32&#215;2*; 35&#215;1*; 42&#215;2<\/p>\n","protected":false},"featured_media":22500,"comment_status":"closed","ping_status":"open","template":"","meta":{"_acf_changed":false},"product_brand":[],"product_cat":[1210],"product_tag":[],"class_list":{"0":"post-26383","1":"product","2":"type-product","3":"status-publish","4":"has-post-thumbnail","6":"product_cat-baldu-krastai","8":"first","9":"instock","10":"product-type-simple"},"acf":[],"_links":{"self":[{"href":"https:\/\/www.maag-polska.pl\/lt\/wp-json\/wp\/v2\/product\/26383","targetHints":{"allow":["GET"]}}],"collection":[{"href":"https:\/\/www.maag-polska.pl\/lt\/wp-json\/wp\/v2\/product"}],"about":[{"href":"https:\/\/www.maag-polska.pl\/lt\/wp-json\/wp\/v2\/types\/product"}],"replies":[{"embeddable":true,"href":"https:\/\/www.maag-polska.pl\/lt\/wp-json\/wp\/v2\/comments?post=26383"}],"wp:featuredmedia":[{"embeddable":true,"href":"https:\/\/www.maag-polska.pl\/lt\/wp-json\/wp\/v2\/media\/22500"}],"wp:attachment":[{"href":"https:\/\/www.maag-polska.pl\/lt\/wp-json\/wp\/v2\/media?parent=26383"}],"wp:term":[{"taxonomy":"product_brand","embeddable":true,"href":"https:\/\/www.maag-polska.pl\/lt\/wp-json\/wp\/v2\/product_brand?post=26383"},{"taxonomy":"product_cat","embeddable":true,"href":"https:\/\/www.maag-polska.pl\/lt\/wp-json\/wp\/v2\/product_cat?post=26383"},{"taxonomy":"product_tag","embeddable":true,"href":"https:\/\/www.maag-polska.pl\/lt\/wp-json\/wp\/v2\/product_tag?post=26383"}],"curies":[{"name":"wp","href":"https:\/\/api.w.org\/{rel}","templated":true}]}}