{"id":26382,"date":"2025-09-01T08:33:22","date_gmt":"2025-09-01T08:33:22","guid":{"rendered":"https:\/\/www.maag-polska.pl\/obrzeza-meblowe\/d8-4-caravaggio-walnut\/"},"modified":"2025-09-01T09:07:06","modified_gmt":"2025-09-01T09:07:06","slug":"d8-4-caravaggio-walnut","status":"publish","type":"product","link":"https:\/\/www.maag-polska.pl\/lt\/obrzeza-meblowe\/d8-4-caravaggio-walnut\/","title":{"rendered":"Bald\u0173 kra\u0161tai D8\/4 CARAVAGGIO WALNUT"},"content":{"rendered":"<div>\n<p>Auk\u0161tos kokyb\u0117s D8\/4 ORZECH CARAVAGGIO PVC kra\u0161t\u0173 juostos u\u017etikrina tiksl\u0173 0,4 mm stor\u012f, optimizuot\u0105 \u0161iuolaikin\u0117ms medienos apdirbimo med\u017eiagoms. Laboratori\u0161kai patikrintas atsparumas UV spinduliams i\u0161laiko spalvos stabilum\u0105 per 2000+ valand\u0173 ekspozicij\u0105, o gryna PVC kompozicija pasiekia 92 % sm\u016bgio sugerties koeficient\u0105. \u0160i techni\u0161kai pa\u017eangi kra\u0161t\u0173 juosta pasi\u017eymi specialia pavir\u0161iaus strukt\u016bra, kuri leid\u017eia apdoroti iki 25 m\/min grei\u010diu, nepakenkiant sukibimo kokybei.<\/p>\n<p>Suma\u017einkite med\u017eiag\u0173 atliekas iki 35 % naudodami D8\/4 ORZECH CARAVAGGIO tikslaus pjaustymo iki ilgio galimybes. \u0160is bald\u0173 kra\u0161to sprendimas pa\u0161alina papildomo apdorojimo poreik\u012f, suma\u017eina darbo s\u0105naudas ir u\u017etikrina profesionalius rezultatus. Padid\u0117j\u0119s patvarumas prailgina bald\u0173 gyvavimo cikl\u0105, tod\u0117l jis yra ypa\u010d ekonomi\u0161kas didelio srauto komerciniams \u012frengimams. Puikus matmen\u0173 stabilumas rei\u0161kia, kad reikia ma\u017eiau pakeitim\u0173 ir remont\u0173, o tai maksimaliai padidina spinteli\u0173 gamintoj\u0173 investicij\u0173 gr\u0105\u017e\u0105.<\/p>\n<\/div>\n","protected":false},"excerpt":{"rendered":"<p>22&#215;0,6; 22&#215;1; 22&#215;2; 28&#215;2*; 32&#215;2*; 35&#215;1*; 42&#215;2<\/p>\n","protected":false},"featured_media":22497,"comment_status":"closed","ping_status":"open","template":"","meta":{"_acf_changed":false},"product_brand":[],"product_cat":[1210],"product_tag":[],"class_list":{"0":"post-26382","1":"product","2":"type-product","3":"status-publish","4":"has-post-thumbnail","6":"product_cat-baldu-krastai","8":"first","9":"instock","10":"product-type-simple"},"acf":[],"_links":{"self":[{"href":"https:\/\/www.maag-polska.pl\/lt\/wp-json\/wp\/v2\/product\/26382","targetHints":{"allow":["GET"]}}],"collection":[{"href":"https:\/\/www.maag-polska.pl\/lt\/wp-json\/wp\/v2\/product"}],"about":[{"href":"https:\/\/www.maag-polska.pl\/lt\/wp-json\/wp\/v2\/types\/product"}],"replies":[{"embeddable":true,"href":"https:\/\/www.maag-polska.pl\/lt\/wp-json\/wp\/v2\/comments?post=26382"}],"wp:featuredmedia":[{"embeddable":true,"href":"https:\/\/www.maag-polska.pl\/lt\/wp-json\/wp\/v2\/media\/22497"}],"wp:attachment":[{"href":"https:\/\/www.maag-polska.pl\/lt\/wp-json\/wp\/v2\/media?parent=26382"}],"wp:term":[{"taxonomy":"product_brand","embeddable":true,"href":"https:\/\/www.maag-polska.pl\/lt\/wp-json\/wp\/v2\/product_brand?post=26382"},{"taxonomy":"product_cat","embeddable":true,"href":"https:\/\/www.maag-polska.pl\/lt\/wp-json\/wp\/v2\/product_cat?post=26382"},{"taxonomy":"product_tag","embeddable":true,"href":"https:\/\/www.maag-polska.pl\/lt\/wp-json\/wp\/v2\/product_tag?post=26382"}],"curies":[{"name":"wp","href":"https:\/\/api.w.org\/{rel}","templated":true}]}}