{"id":26381,"date":"2025-09-01T08:33:22","date_gmt":"2025-09-01T08:33:22","guid":{"rendered":"https:\/\/www.maag-polska.pl\/obrzeza-meblowe\/d8-3-bologna-walnut\/"},"modified":"2025-09-01T09:07:05","modified_gmt":"2025-09-01T09:07:05","slug":"d8-3-bologna-walnut","status":"publish","type":"product","link":"https:\/\/www.maag-polska.pl\/lt\/obrzeza-meblowe\/d8-3-bologna-walnut\/","title":{"rendered":"Bald\u0173 kra\u0161tai D8\/3 BOLOGNA WALNUT"},"content":{"rendered":"<div>\n<p>Auk\u0161\u010diausios kokyb\u0117s D8\/3 ORZECH BOLOGNA PVC briaunos juostos u\u017etikrina i\u0161skirtines technines charakteristikas, nes jos yra tiksliai suprojektuotos 3 mm storio ir 8 mm plo\u010dio. \u0160i gryno PVC kra\u0161t\u0173 juosta i\u0161laiko matmen\u0173 stabilum\u0105 \u012fvairiomis s\u0105lygomis, pasi\u017eyminti UV atsparia formule, kuri apsaugo nuo spalvos i\u0161blukimo ir med\u017eiagos degradacijos. Med\u017eiagos sud\u0117tis u\u017etikrina \u0161varius pj\u016bvius su minimaliu atliek\u0173 apdorojimu, o specializuota pavir\u0161iaus strukt\u016bra i\u0161laiko nuosekli\u0105 Bolonijos rie\u0161utmed\u017eio estetik\u0105 per vis\u0105 jo naudojimo laik\u0105.<\/p>\n<p>Ypa\u010d tinka didelio srauto komerciniams baldams, kai ilgaam\u017ei\u0161kumas atitinka dizaino reikalavimus. \u0160i med\u017eio apdirbimo med\u017eiaga puikiai tinka biuro bald\u0173 gamyboje, ma\u017emenin\u0117s prekybos vitrinose ir institucini\u0173 spinteli\u0173 projektuose. D\u0117l atsparumo sm\u016bgiams briaun\u0173 juostos savyb\u0117s idealiai tinka stalo kra\u0161tams, lentynoms ir spinteli\u0173 fasadams, kurioms reikalingas ilgalaikis estetinis i\u0161saugojimas. Puikiai tinka projektams, kuriems reikalingas tikslus spalv\u0173 derinimas su Bolonijos rie\u0161utmed\u017eio dekoro lentomis profesionalioje medienos apdirbimo aplinkoje.<\/p>\n<\/div>\n","protected":false},"excerpt":{"rendered":"<p>22&#215;0,6; 22&#215;1; 22&#215;2; 28&#215;2*; 32&#215;2*; 35&#215;1*; 42&#215;2<\/p>\n","protected":false},"featured_media":22689,"comment_status":"closed","ping_status":"open","template":"","meta":{"_acf_changed":false},"product_brand":[],"product_cat":[1210],"product_tag":[],"class_list":{"0":"post-26381","1":"product","2":"type-product","3":"status-publish","4":"has-post-thumbnail","6":"product_cat-baldu-krastai","8":"first","9":"instock","10":"product-type-simple"},"acf":[],"_links":{"self":[{"href":"https:\/\/www.maag-polska.pl\/lt\/wp-json\/wp\/v2\/product\/26381","targetHints":{"allow":["GET"]}}],"collection":[{"href":"https:\/\/www.maag-polska.pl\/lt\/wp-json\/wp\/v2\/product"}],"about":[{"href":"https:\/\/www.maag-polska.pl\/lt\/wp-json\/wp\/v2\/types\/product"}],"replies":[{"embeddable":true,"href":"https:\/\/www.maag-polska.pl\/lt\/wp-json\/wp\/v2\/comments?post=26381"}],"wp:featuredmedia":[{"embeddable":true,"href":"https:\/\/www.maag-polska.pl\/lt\/wp-json\/wp\/v2\/media\/22689"}],"wp:attachment":[{"href":"https:\/\/www.maag-polska.pl\/lt\/wp-json\/wp\/v2\/media?parent=26381"}],"wp:term":[{"taxonomy":"product_brand","embeddable":true,"href":"https:\/\/www.maag-polska.pl\/lt\/wp-json\/wp\/v2\/product_brand?post=26381"},{"taxonomy":"product_cat","embeddable":true,"href":"https:\/\/www.maag-polska.pl\/lt\/wp-json\/wp\/v2\/product_cat?post=26381"},{"taxonomy":"product_tag","embeddable":true,"href":"https:\/\/www.maag-polska.pl\/lt\/wp-json\/wp\/v2\/product_tag?post=26381"}],"curies":[{"name":"wp","href":"https:\/\/api.w.org\/{rel}","templated":true}]}}