{"id":26378,"date":"2025-09-01T08:33:22","date_gmt":"2025-09-01T08:33:22","guid":{"rendered":"https:\/\/www.maag-polska.pl\/obrzeza-meblowe\/d8-20-light-select-walnut\/"},"modified":"2025-09-01T09:07:04","modified_gmt":"2025-09-01T09:07:04","slug":"d8-20-light-select-walnut","status":"publish","type":"product","link":"https:\/\/www.maag-polska.pl\/lt\/obrzeza-meblowe\/d8-20-light-select-walnut\/","title":{"rendered":"Bald\u0173 kra\u0161tai D8\/20 LIGHT SELECT WALNUT"},"content":{"rendered":"<div>\n<p>Kronospan K008 PW ORZECH SELECT JASNY kra\u0161t\u0173 juostel\u0117je u\u017efiksuota rafinuota \u0161viesaus rie\u0161utmed\u017eio esencija, si\u016blanti rafinuot\u0105 \u0161ilt\u0173 medaus atspalvi\u0173 ir subtili\u0173 gr\u016bdeli\u0173 ra\u0161t\u0173 derin\u012f. \u0160i PVC kra\u0161t\u0173 juosta u\u017etikrina i\u0161skirtin\u0119 spalv\u0173 nuoseklum\u0105, u\u017etikrinan\u010di\u0105 vientis\u0105 vizualin\u012f integravim\u0105 su atitinkamomis bald\u0173 plok\u0161t\u0117mis. Pavir\u0161ius pasi\u017eymi auk\u0161\u010diausios kokyb\u0117s mamine apdaila, kuri autenti\u0161kai atkartoja nat\u016brali\u0105 pasirinktos \u0161viesios rie\u0161utmed\u017eio medienos i\u0161vaizd\u0105.<\/p>\n<p>Pagamintas i\u0161 gryno PVC, \u0161is bald\u0173 kra\u0161tas puikiai tinka tiek gyvenamosioms, tiek komercin\u0117ms reikm\u0117ms. Med\u017eiagos UV spinduliams atsparios savyb\u0117s neleid\u017eia keisti spalvos, o sm\u016bgiams atspari sud\u0117tis u\u017etikrina ilgalaik\u012f patvarum\u0105 intensyvaus eismo aplinkoje. \u0160ios medienos apdirbimo med\u017eiagos lengvai apdorojamos naudojant standartin\u0119 \u012frang\u0105, tod\u0117l naudojant susidaro minimaliai atliek\u0173. Kra\u0161t\u0173 juosta i\u0161laiko matmen\u0173 stabilum\u0105 \u012fvairiuose temperat\u016bros diapazonuose, tod\u0117l puikiai tinka virtuv\u0117s spintel\u0117ms, biuro baldams ir ma\u017emenin\u0117s prekybos vitrinoms.<\/p>\n<\/div>\n","protected":false},"excerpt":{"rendered":"<p>22&#215;0,6; 22&#215;0,8; 22&#215;1; 22&#215;2; 28&#215;2*; 32&#215;2*; 35&#215;1*; 42&#215;2<\/p>\n","protected":false},"featured_media":22686,"comment_status":"closed","ping_status":"open","template":"","meta":{"_acf_changed":false},"product_brand":[],"product_cat":[1210],"product_tag":[],"class_list":{"0":"post-26378","1":"product","2":"type-product","3":"status-publish","4":"has-post-thumbnail","6":"product_cat-baldu-krastai","8":"first","9":"instock","10":"product-type-simple"},"acf":[],"_links":{"self":[{"href":"https:\/\/www.maag-polska.pl\/lt\/wp-json\/wp\/v2\/product\/26378","targetHints":{"allow":["GET"]}}],"collection":[{"href":"https:\/\/www.maag-polska.pl\/lt\/wp-json\/wp\/v2\/product"}],"about":[{"href":"https:\/\/www.maag-polska.pl\/lt\/wp-json\/wp\/v2\/types\/product"}],"replies":[{"embeddable":true,"href":"https:\/\/www.maag-polska.pl\/lt\/wp-json\/wp\/v2\/comments?post=26378"}],"wp:featuredmedia":[{"embeddable":true,"href":"https:\/\/www.maag-polska.pl\/lt\/wp-json\/wp\/v2\/media\/22686"}],"wp:attachment":[{"href":"https:\/\/www.maag-polska.pl\/lt\/wp-json\/wp\/v2\/media?parent=26378"}],"wp:term":[{"taxonomy":"product_brand","embeddable":true,"href":"https:\/\/www.maag-polska.pl\/lt\/wp-json\/wp\/v2\/product_brand?post=26378"},{"taxonomy":"product_cat","embeddable":true,"href":"https:\/\/www.maag-polska.pl\/lt\/wp-json\/wp\/v2\/product_cat?post=26378"},{"taxonomy":"product_tag","embeddable":true,"href":"https:\/\/www.maag-polska.pl\/lt\/wp-json\/wp\/v2\/product_tag?post=26378"}],"curies":[{"name":"wp","href":"https:\/\/api.w.org\/{rel}","templated":true}]}}