{"id":26377,"date":"2025-09-01T08:33:22","date_gmt":"2025-09-01T08:33:22","guid":{"rendered":"https:\/\/www.maag-polska.pl\/obrzeza-meblowe\/d8-2-dark-walnut\/"},"modified":"2025-09-01T09:07:03","modified_gmt":"2025-09-01T09:07:03","slug":"d8-2-dark-walnut","status":"publish","type":"product","link":"https:\/\/www.maag-polska.pl\/lt\/obrzeza-meblowe\/d8-2-dark-walnut\/","title":{"rendered":"Bald\u0173 kra\u0161tai D8\/2 DARK WALNUT"},"content":{"rendered":"<div>\n<p>Didelio na\u0161umo D8\/2 ORZECH CIEMNY PVC kra\u0161t\u0173 juosta u\u017etikrina puikias technines specifikacijas, kuri\u0173 storio nuokrypis yra \u00b10,02 mm, o sud\u0117tis yra stabilizuota UV spinduliais. \u0160i gryna PVC formul\u0117 pasi\u017eymi pa\u017eangiu molekuliniu lygiavimu, kad b\u016bt\u0173 padidintas atsparumas sm\u016bgiams 90\u00b0 kampu. Specializuota kra\u0161t\u0173 juostos pavir\u0161iaus strukt\u016bra u\u017etikrina optimal\u0173 3,5 N\/mm\u00b2 sukibimo stiprum\u0105, i\u0161laikant tiksl\u0173 matmen\u0173 stabilum\u0105 apdorojant CNC. Sukurtas naudojant medienos apdirbimo med\u017eiag\u0173 patirt\u012f, gaminys pasiekia Vicat mink\u0161t\u0117jimo temperat\u016br\u0105 78 \u00b0 C ir kontroliuojam\u0105 susitraukimo lyg\u012f, kuris yra ma\u017eesnis nei 0,2%.<\/p>\n<p>D8\/2 ORZECH CIEMNY bald\u0173 briaun\u0173 juostos paver\u010dia technin\u0119 kompetencij\u0105 ap\u010diuopiamu i\u0161laid\u0173 taupymu. Tiksliai pagaminta PVC kra\u0161t\u0173 juosta suma\u017eina med\u017eiagos \u0161vaistym\u0105 iki 30 % d\u0117l vienodo plo\u010dio tolerancijos ir \u0161vari\u0173 pj\u016bvi\u0173. Jo optimizuotos apdorojimo charakteristikos leid\u017eia padidinti gamybos greit\u012f, i\u0161laikant nepriekai\u0161ting\u0105 kra\u0161to apdailos kokyb\u0119. UV spinduliams atspari formul\u0117 prailgina bald\u0173 tarnavimo laik\u0105 komercin\u0117se patalpose ir suteikia ilgalaik\u0119 vert\u0119 d\u0117l spalvos stabilumo ir atsparumo \u012fbr\u0117\u017eimams. Puikiai tinka didelio na\u0161umo gamybos aplinkai, kur efektyvumas atitinka ilgaam\u017ei\u0161kumo reikalavimus.<\/p>\n<\/div>\n","protected":false},"excerpt":{"rendered":"<p>22&#215;0,6; 22&#215;1; 22&#215;2; 28&#215;2*; 32&#215;2*; 35&#215;1*; 42&#215;2<\/p>\n","protected":false},"featured_media":22685,"comment_status":"closed","ping_status":"open","template":"","meta":{"_acf_changed":false},"product_brand":[],"product_cat":[1210],"product_tag":[],"class_list":{"0":"post-26377","1":"product","2":"type-product","3":"status-publish","4":"has-post-thumbnail","6":"product_cat-baldu-krastai","8":"first","9":"instock","10":"product-type-simple"},"acf":[],"_links":{"self":[{"href":"https:\/\/www.maag-polska.pl\/lt\/wp-json\/wp\/v2\/product\/26377","targetHints":{"allow":["GET"]}}],"collection":[{"href":"https:\/\/www.maag-polska.pl\/lt\/wp-json\/wp\/v2\/product"}],"about":[{"href":"https:\/\/www.maag-polska.pl\/lt\/wp-json\/wp\/v2\/types\/product"}],"replies":[{"embeddable":true,"href":"https:\/\/www.maag-polska.pl\/lt\/wp-json\/wp\/v2\/comments?post=26377"}],"wp:featuredmedia":[{"embeddable":true,"href":"https:\/\/www.maag-polska.pl\/lt\/wp-json\/wp\/v2\/media\/22685"}],"wp:attachment":[{"href":"https:\/\/www.maag-polska.pl\/lt\/wp-json\/wp\/v2\/media?parent=26377"}],"wp:term":[{"taxonomy":"product_brand","embeddable":true,"href":"https:\/\/www.maag-polska.pl\/lt\/wp-json\/wp\/v2\/product_brand?post=26377"},{"taxonomy":"product_cat","embeddable":true,"href":"https:\/\/www.maag-polska.pl\/lt\/wp-json\/wp\/v2\/product_cat?post=26377"},{"taxonomy":"product_tag","embeddable":true,"href":"https:\/\/www.maag-polska.pl\/lt\/wp-json\/wp\/v2\/product_tag?post=26377"}],"curies":[{"name":"wp","href":"https:\/\/api.w.org\/{rel}","templated":true}]}}