{"id":26374,"date":"2025-09-01T08:33:22","date_gmt":"2025-09-01T08:33:22","guid":{"rendered":"https:\/\/www.maag-polska.pl\/obrzeza-meblowe\/d8-16-light-rockford-hickory\/"},"modified":"2025-09-01T09:07:01","modified_gmt":"2025-09-01T09:07:01","slug":"d8-16-light-rockford-hickory","status":"publish","type":"product","link":"https:\/\/www.maag-polska.pl\/lt\/obrzeza-meblowe\/d8-16-light-rockford-hickory\/","title":{"rendered":"Bald\u0173 kra\u0161tai D8\/16 LIGHT ROCKFORD HICKORY"},"content":{"rendered":"<div>\n<p>D8\/16 ORZECH ROCKFORD JASNY kra\u0161t\u0173 juostel\u0117 atspindi \u0161ilt\u0105, rafinuot\u0105 \u0161viesaus rie\u0161utmed\u017eio esm\u0119, si\u016blanti vientis\u0105 derin\u012f su Kronospan K085 PW pavir\u0161iais. Jo kruop\u0161\u010diai sukalibruotas gr\u016bdeli\u0173 ra\u0161tas ir subtilios \u0161vies\u0105 gaudan\u010dios savyb\u0117s sukuria autenti\u0161k\u0105 medien\u0105 primenan\u010di\u0105 i\u0161vaizd\u0105, kuri pakelia bald\u0173 estetik\u0105. Spalvos stabilumas u\u017etikrina, kad briaunos juostos i\u0161laiko i\u0161skirtin\u012f \u0161vies\u0173 rie\u0161utmed\u017eio atspalv\u012f, puikiai derindamos tiek modern\u0173, tiek tradicin\u012f bald\u0173 dizain\u0105.<\/p>\n<p>\u0160i gryno PVC kra\u0161t\u0173 juosta pasi\u017eymi universalumu bald\u0173 gamybos srityse. UV atspari kompozicija apsaugo nuo pageltimo ir spalvos poky\u010di\u0173, o optimizuotas storis u\u017etikrina puik\u0173 atsparum\u0105 sm\u016bgiams kasdieniniam naudojimui. Kaip auk\u0161\u010diausios kokyb\u0117s medienos apdirbimo med\u017eiaga, ji lengvai apdorojama ir atlieka minimal\u0173 atliek\u0173 kiek\u012f, tod\u0117l puikiai tinka tiek lenktam, tiek tiesiam kra\u0161tui. Med\u017eiagos techniniai parametrai palaiko tikslius kar\u0161to oro ir tradicinius klij\u0173 tepimo b\u016bdus, u\u017etikrina patikim\u0105 sukibim\u0105 ir \u0161vari\u0105 profesionali\u0173 bald\u0173 kra\u0161t\u0173 apdail\u0105.<\/p>\n<\/div>\n","protected":false},"excerpt":{"rendered":"<p>22&#215;0,6; 22&#215;0,8; 22&#215;1; 22&#215;2; 28&#215;1*; 28&#215;2*; 32&#215;2*; 35&#215;1*; 42&#215;0,8; 42&#215;2<\/p>\n","protected":false},"featured_media":22682,"comment_status":"closed","ping_status":"open","template":"","meta":{"_acf_changed":false},"product_brand":[],"product_cat":[1210],"product_tag":[],"class_list":{"0":"post-26374","1":"product","2":"type-product","3":"status-publish","4":"has-post-thumbnail","6":"product_cat-baldu-krastai","8":"first","9":"instock","10":"product-type-simple"},"acf":[],"_links":{"self":[{"href":"https:\/\/www.maag-polska.pl\/lt\/wp-json\/wp\/v2\/product\/26374","targetHints":{"allow":["GET"]}}],"collection":[{"href":"https:\/\/www.maag-polska.pl\/lt\/wp-json\/wp\/v2\/product"}],"about":[{"href":"https:\/\/www.maag-polska.pl\/lt\/wp-json\/wp\/v2\/types\/product"}],"replies":[{"embeddable":true,"href":"https:\/\/www.maag-polska.pl\/lt\/wp-json\/wp\/v2\/comments?post=26374"}],"wp:featuredmedia":[{"embeddable":true,"href":"https:\/\/www.maag-polska.pl\/lt\/wp-json\/wp\/v2\/media\/22682"}],"wp:attachment":[{"href":"https:\/\/www.maag-polska.pl\/lt\/wp-json\/wp\/v2\/media?parent=26374"}],"wp:term":[{"taxonomy":"product_brand","embeddable":true,"href":"https:\/\/www.maag-polska.pl\/lt\/wp-json\/wp\/v2\/product_brand?post=26374"},{"taxonomy":"product_cat","embeddable":true,"href":"https:\/\/www.maag-polska.pl\/lt\/wp-json\/wp\/v2\/product_cat?post=26374"},{"taxonomy":"product_tag","embeddable":true,"href":"https:\/\/www.maag-polska.pl\/lt\/wp-json\/wp\/v2\/product_tag?post=26374"}],"curies":[{"name":"wp","href":"https:\/\/api.w.org\/{rel}","templated":true}]}}