{"id":26373,"date":"2025-09-01T08:33:22","date_gmt":"2025-09-01T08:33:22","guid":{"rendered":"https:\/\/www.maag-polska.pl\/obrzeza-meblowe\/d8-13-hazelnut\/"},"modified":"2025-09-01T09:07:01","modified_gmt":"2025-09-01T09:07:01","slug":"d8-13-hazelnut","status":"publish","type":"product","link":"https:\/\/www.maag-polska.pl\/lt\/obrzeza-meblowe\/d8-13-hazelnut\/","title":{"rendered":"Bald\u0173 kra\u0161tai D8\/13 HAZELNUT"},"content":{"rendered":"<div>\n<p>Didelio na\u0161umo D8\/13 ORZECH LASKOWY PVC kra\u0161t\u0173 juosta u\u017etikrina tiksliai suprojektuot\u0105 0,8 mm stor\u012f su pa\u017eangiais UV stabilizuotais polimerais. \u0160i techni\u0161kai patobulinta kra\u0161t\u0173 juosta apima keli\u0173 sluoksni\u0173 ekstruzijos technologij\u0105, u\u017etikrinan\u010di\u0105 tolyg\u0173 spalv\u0173 pasiskirstym\u0105 visoje med\u017eiagos strukt\u016broje. Laboratori\u0161kai i\u0161bandytas 720 valand\u0173 UV poveikio, i\u0161laikant spalvos stabilum\u0105 Delta E\u22642 parametr\u0173 ribose. Gryna PVC kompozicija pasiekia optimali\u0105 lydymosi temperat\u016br\u0105 180-200\u00b0C, palengvindama vientis\u0105 sukibim\u0105 su plok\u0161\u010di\u0173 pagrindais.<\/p>\n<p>D8\/13 ORZECH LASKOWY kra\u0161t\u0173 juostos supaprastina bald\u0173 gamyb\u0105 d\u0117l efektyvi\u0173 apdirbimo savybi\u0173 ir suma\u017eina med\u017eiag\u0173 atliek\u0173 kiek\u012f iki ma\u017eiau nei 2 % naudojant automatizuotus \u012frenginius. Tikslus medienos apdirbimo med\u017eiagos matmen\u0173 nuokrypis \u00b10,05 mm u\u017etikrina vienodus rezultatus atliekant didelio masto gamyb\u0105. \u0160is bald\u0173 briaun\u0173 sprendimas i\u0161laiko lazdyno rie\u0161ut\u0173 atspalv\u012f nekei\u010diant spalv\u0173, prailgindamas bald\u0173 gyvavimo cikl\u0105 ir suma\u017eindamas pretenzijas \u012f garantij\u0105. Optimizuotas kra\u0161t\u0173 juostos pavir\u0161iaus \u012ftempimas u\u017etikrina puik\u0173 klij\u0173 sukibim\u0105, suma\u017einant at\u0161aukimus po montavimo ir prie\u017ei\u016bros i\u0161laidas.<\/p>\n<\/div>\n","protected":false},"excerpt":{"rendered":"<p>22&#215;1<\/p>\n","protected":false},"featured_media":22681,"comment_status":"closed","ping_status":"open","template":"","meta":{"_acf_changed":false},"product_brand":[],"product_cat":[1210],"product_tag":[],"class_list":{"0":"post-26373","1":"product","2":"type-product","3":"status-publish","4":"has-post-thumbnail","6":"product_cat-baldu-krastai","8":"first","9":"instock","10":"product-type-simple"},"acf":[],"_links":{"self":[{"href":"https:\/\/www.maag-polska.pl\/lt\/wp-json\/wp\/v2\/product\/26373","targetHints":{"allow":["GET"]}}],"collection":[{"href":"https:\/\/www.maag-polska.pl\/lt\/wp-json\/wp\/v2\/product"}],"about":[{"href":"https:\/\/www.maag-polska.pl\/lt\/wp-json\/wp\/v2\/types\/product"}],"replies":[{"embeddable":true,"href":"https:\/\/www.maag-polska.pl\/lt\/wp-json\/wp\/v2\/comments?post=26373"}],"wp:featuredmedia":[{"embeddable":true,"href":"https:\/\/www.maag-polska.pl\/lt\/wp-json\/wp\/v2\/media\/22681"}],"wp:attachment":[{"href":"https:\/\/www.maag-polska.pl\/lt\/wp-json\/wp\/v2\/media?parent=26373"}],"wp:term":[{"taxonomy":"product_brand","embeddable":true,"href":"https:\/\/www.maag-polska.pl\/lt\/wp-json\/wp\/v2\/product_brand?post=26373"},{"taxonomy":"product_cat","embeddable":true,"href":"https:\/\/www.maag-polska.pl\/lt\/wp-json\/wp\/v2\/product_cat?post=26373"},{"taxonomy":"product_tag","embeddable":true,"href":"https:\/\/www.maag-polska.pl\/lt\/wp-json\/wp\/v2\/product_tag?post=26373"}],"curies":[{"name":"wp","href":"https:\/\/api.w.org\/{rel}","templated":true}]}}