{"id":26364,"date":"2025-09-01T08:33:10","date_gmt":"2025-09-01T08:33:10","guid":{"rendered":"https:\/\/www.maag-polska.pl\/obrzeza-meblowe\/d56-1-dark-atelier\/"},"modified":"2025-09-01T09:06:50","modified_gmt":"2025-09-01T09:06:50","slug":"d56-1-dark-atelier","status":"publish","type":"product","link":"https:\/\/www.maag-polska.pl\/lt\/obrzeza-meblowe\/d56-1-dark-atelier\/","title":{"rendered":"Bald\u0173 kra\u0161tai D56\/1 DARK ATELIER"},"content":{"rendered":"<div>\n<p>Profesionalios PVC kra\u0161tin\u0117s juostos su D56\/1 Dark Atelier apdaila, pagamintos i\u0161 gryno PVC jungini\u0173, u\u017etikrinan\u010di\u0173 i\u0161skirtin\u012f patvarum\u0105. Turi tiksliai suprojektuot\u0105 storio profil\u012f, u\u017etikrinant\u012f optimal\u0173 sukibim\u0105 ir \u0161varius apdirbimo rezultatus. UV atspari formul\u0117 i\u0161laiko spalvos stabilum\u0105 esant \u012fvairioms ap\u0161vietimo s\u0105lygoms, apsaugodama nuo spalvos pasikeitimo ir i\u0161blukimo. Techniniai parametrai apima didesn\u012f atsparum\u0105 sm\u016bgiams, terminio stabilumo diapazon\u0105 nuo -20\u00b0C iki +80\u00b0C ir pastov\u0173 med\u017eiagos tank\u012f patikimam apdorojimui.<\/p>\n<p>Specialiai sukurta auk\u0161\u010diausios klas\u0117s bald\u0173 gamybai ir architekt\u016briniams medienos apdirbimo projektams, kuriems reikalinga tamsi, sud\u0117tinga apdaila. Idealiai tinka komerciniams biuro baldams, prabangiai ma\u017emenin\u0117s prekybos \u012frangai ir auk\u0161\u010diausios kokyb\u0117s gyvenamosioms spintel\u0117ms. \u0160i kra\u0161t\u0173 juosta puikiai papildo Kronospan 4299 SU pavir\u0161ius \u0161iuolaikiniame interjero dizaine. Ypa\u010d tinka vertikaliai ir horizontaliai tose vietose, kurios yra reguliariai naudojamos, pavyzd\u017eiui, spintose, lentynose ir stal\u0173 sistemose, kur kra\u0161t\u0173 patvarumas yra labai svarbus.<\/p>\n<\/div>\n","protected":false},"excerpt":{"rendered":"<p>19&#215;0,6*; 22&#215;0,6; 22&#215;0,8; 22&#215;1; 22&#215;2; 35&#215;1*; 42&#215;0,8; 42&#215;2<\/p>\n","protected":false},"featured_media":22672,"comment_status":"closed","ping_status":"open","template":"","meta":{"_acf_changed":false},"product_brand":[],"product_cat":[1210],"product_tag":[],"class_list":{"0":"post-26364","1":"product","2":"type-product","3":"status-publish","4":"has-post-thumbnail","6":"product_cat-baldu-krastai","8":"first","9":"instock","10":"product-type-simple"},"acf":[],"_links":{"self":[{"href":"https:\/\/www.maag-polska.pl\/lt\/wp-json\/wp\/v2\/product\/26364","targetHints":{"allow":["GET"]}}],"collection":[{"href":"https:\/\/www.maag-polska.pl\/lt\/wp-json\/wp\/v2\/product"}],"about":[{"href":"https:\/\/www.maag-polska.pl\/lt\/wp-json\/wp\/v2\/types\/product"}],"replies":[{"embeddable":true,"href":"https:\/\/www.maag-polska.pl\/lt\/wp-json\/wp\/v2\/comments?post=26364"}],"wp:featuredmedia":[{"embeddable":true,"href":"https:\/\/www.maag-polska.pl\/lt\/wp-json\/wp\/v2\/media\/22672"}],"wp:attachment":[{"href":"https:\/\/www.maag-polska.pl\/lt\/wp-json\/wp\/v2\/media?parent=26364"}],"wp:term":[{"taxonomy":"product_brand","embeddable":true,"href":"https:\/\/www.maag-polska.pl\/lt\/wp-json\/wp\/v2\/product_brand?post=26364"},{"taxonomy":"product_cat","embeddable":true,"href":"https:\/\/www.maag-polska.pl\/lt\/wp-json\/wp\/v2\/product_cat?post=26364"},{"taxonomy":"product_tag","embeddable":true,"href":"https:\/\/www.maag-polska.pl\/lt\/wp-json\/wp\/v2\/product_tag?post=26364"}],"curies":[{"name":"wp","href":"https:\/\/api.w.org\/{rel}","templated":true}]}}