{"id":26359,"date":"2025-09-01T08:33:04","date_gmt":"2025-09-01T08:33:04","guid":{"rendered":"https:\/\/www.maag-polska.pl\/obrzeza-meblowe\/d54-4-iron-flow\/"},"modified":"2025-09-01T09:06:46","modified_gmt":"2025-09-01T09:06:46","slug":"d54-4-iron-flow","status":"publish","type":"product","link":"https:\/\/www.maag-polska.pl\/lt\/obrzeza-meblowe\/d54-4-iron-flow\/","title":{"rendered":"Bald\u0173 kra\u0161tai D54\/4 IRON FLOW"},"content":{"rendered":"<div>\n<p>Profesionali PVC kra\u0161t\u0173 juostel\u0117 D54\/4 BETON CIEMNY puikiai dera su Kronospan K352 RT pavir\u0161iais, pasi\u017eyminti i\u0161skirtiniu atsparumu kasdieniam d\u0117v\u0117jimuisi. \u0160is baldo kra\u0161tas pasi\u017eymi patobulinta UV apsauga, kuri i\u0161laiko betono \u012fkv\u0117pt\u0105 i\u0161vaizd\u0105, nei\u0161blukus ar nepakeisdama spalvos. Gryna PVC sud\u0117tis u\u017etikrina puik\u0173 atsparum\u0105 sm\u016bgiams ir konstrukcijos vientisum\u0105, tod\u0117l idealiai tinka intensyvaus eismo komercin\u0117ms ir gyvenamosioms patalpoms.<\/p>\n<p>Medienos apdirbimo med\u017eiagos, tokios kaip \u0161i briaun\u0173 juosta, supaprastina j\u016bs\u0173 bald\u0173 gamybos proces\u0105 optimizuotu storiu ir tiksliais matmenimis. Specializuotas pavir\u0161iaus apdorojimas u\u017etikrina greit\u0105 sukibim\u0105 ir \u0161var\u0173 pjovim\u0105, o tai \u017eymiai suma\u017eina montavimo laik\u0105. Kiekvienas ritinys u\u017etikrina nuosekl\u0173 spalv\u0173 derinim\u0105 ir minimal\u0173 \u0161vaistym\u0105, leid\u017eiant\u012f sutelkti d\u0117mes\u012f \u012f efektyvesn\u012f projekt\u0173 u\u017ebaigim\u0105, i\u0161laikant profesionalaus lygio apdailos standartus.<\/p>\n<\/div>\n","protected":false},"excerpt":{"rendered":"<p>22&#215;0,6; 22&#215;0,8; 22&#215;1; 22&#215;2; 28&#215;2*; 32&#215;2*; 35&#215;1*; 42&#215;0,8; 42&#215;2<\/p>\n","protected":false},"featured_media":22668,"comment_status":"closed","ping_status":"open","template":"","meta":{"_acf_changed":false},"product_brand":[],"product_cat":[1210],"product_tag":[],"class_list":{"0":"post-26359","1":"product","2":"type-product","3":"status-publish","4":"has-post-thumbnail","6":"product_cat-baldu-krastai","8":"first","9":"instock","10":"product-type-simple"},"acf":[],"_links":{"self":[{"href":"https:\/\/www.maag-polska.pl\/lt\/wp-json\/wp\/v2\/product\/26359","targetHints":{"allow":["GET"]}}],"collection":[{"href":"https:\/\/www.maag-polska.pl\/lt\/wp-json\/wp\/v2\/product"}],"about":[{"href":"https:\/\/www.maag-polska.pl\/lt\/wp-json\/wp\/v2\/types\/product"}],"replies":[{"embeddable":true,"href":"https:\/\/www.maag-polska.pl\/lt\/wp-json\/wp\/v2\/comments?post=26359"}],"wp:featuredmedia":[{"embeddable":true,"href":"https:\/\/www.maag-polska.pl\/lt\/wp-json\/wp\/v2\/media\/22668"}],"wp:attachment":[{"href":"https:\/\/www.maag-polska.pl\/lt\/wp-json\/wp\/v2\/media?parent=26359"}],"wp:term":[{"taxonomy":"product_brand","embeddable":true,"href":"https:\/\/www.maag-polska.pl\/lt\/wp-json\/wp\/v2\/product_brand?post=26359"},{"taxonomy":"product_cat","embeddable":true,"href":"https:\/\/www.maag-polska.pl\/lt\/wp-json\/wp\/v2\/product_cat?post=26359"},{"taxonomy":"product_tag","embeddable":true,"href":"https:\/\/www.maag-polska.pl\/lt\/wp-json\/wp\/v2\/product_tag?post=26359"}],"curies":[{"name":"wp","href":"https:\/\/api.w.org\/{rel}","templated":true}]}}