{"id":26358,"date":"2025-09-01T08:33:04","date_gmt":"2025-09-01T08:33:04","guid":{"rendered":"https:\/\/www.maag-polska.pl\/obrzeza-meblowe\/d54-3-rusty-flow\/"},"modified":"2025-09-01T09:06:46","modified_gmt":"2025-09-01T09:06:46","slug":"d54-3-rusty-flow","status":"publish","type":"product","link":"https:\/\/www.maag-polska.pl\/lt\/obrzeza-meblowe\/d54-3-rusty-flow\/","title":{"rendered":"Bald\u0173 kra\u0161tai D54\/3 RUSTY FLOW"},"content":{"rendered":"<div>\n<p>Kaimi\u0161ka betono estetika atgyja su D54\/3 BETON RDZAWY briaun\u0173 juostele, kuri puikiai u\u017efiksuoja neapdorot\u0105, pramonin\u012f atmosferos poveikio pavir\u0161i\u0173 \u017eaves\u012f. \u0160i PVC kra\u0161t\u0173 juosta demonstruoja rafinuot\u0105 \u0161ilt\u0173 r\u016bd\u017ei\u0173 atspalvi\u0173 ir autenti\u0161k\u0173 betono tekst\u016br\u0173 derin\u012f, sukuriant\u012f \u012fsp\u016bding\u0105 vizualin\u0119 pusiausvyr\u0105, kuri suteikia bald\u0173 kra\u0161tams gylio.<\/p>\n<p>Nuo moderni\u0173 biuro bald\u0173 iki pramoninio stiliaus nam\u0173 \u012frengim\u0173 \u2013 \u0161i universali kra\u0161t\u0173 juosta skland\u017eiai pritaikoma prie \u012fvairi\u0173 medienos apdirbimo med\u017eiag\u0173. Gryna PVC sud\u0117tis u\u017etikrina i\u0161skirtin\u012f atsparum\u0105 UV spinduliams ir spalvos stabilum\u0105, o d\u0117l tikslios konstrukcijos u\u017etikrinamas \u0161varus pj\u016bvis ir minimalus atliek\u0173 naudojimas. D\u0117l med\u017eiagos patvarumo jis idealiai tinka intensyvaus eismo komercin\u0117ms patalpoms, i\u0161laiko savo i\u0161vaizd\u0105 net ir sud\u0117tingomis s\u0105lygomis.<\/p>\n<\/div>\n","protected":false},"excerpt":{"rendered":"<p>22&#215;0,6; 22&#215;0,8; 22&#215;1; 22&#215;2; 28&#215;2*; 32&#215;2*; 35&#215;1*; 42&#215;0,8; 42&#215;2<\/p>\n","protected":false},"featured_media":22667,"comment_status":"closed","ping_status":"open","template":"","meta":{"_acf_changed":false},"product_brand":[],"product_cat":[1210],"product_tag":[],"class_list":{"0":"post-26358","1":"product","2":"type-product","3":"status-publish","4":"has-post-thumbnail","6":"product_cat-baldu-krastai","8":"first","9":"instock","10":"product-type-simple"},"acf":[],"_links":{"self":[{"href":"https:\/\/www.maag-polska.pl\/lt\/wp-json\/wp\/v2\/product\/26358","targetHints":{"allow":["GET"]}}],"collection":[{"href":"https:\/\/www.maag-polska.pl\/lt\/wp-json\/wp\/v2\/product"}],"about":[{"href":"https:\/\/www.maag-polska.pl\/lt\/wp-json\/wp\/v2\/types\/product"}],"replies":[{"embeddable":true,"href":"https:\/\/www.maag-polska.pl\/lt\/wp-json\/wp\/v2\/comments?post=26358"}],"wp:featuredmedia":[{"embeddable":true,"href":"https:\/\/www.maag-polska.pl\/lt\/wp-json\/wp\/v2\/media\/22667"}],"wp:attachment":[{"href":"https:\/\/www.maag-polska.pl\/lt\/wp-json\/wp\/v2\/media?parent=26358"}],"wp:term":[{"taxonomy":"product_brand","embeddable":true,"href":"https:\/\/www.maag-polska.pl\/lt\/wp-json\/wp\/v2\/product_brand?post=26358"},{"taxonomy":"product_cat","embeddable":true,"href":"https:\/\/www.maag-polska.pl\/lt\/wp-json\/wp\/v2\/product_cat?post=26358"},{"taxonomy":"product_tag","embeddable":true,"href":"https:\/\/www.maag-polska.pl\/lt\/wp-json\/wp\/v2\/product_tag?post=26358"}],"curies":[{"name":"wp","href":"https:\/\/api.w.org\/{rel}","templated":true}]}}