{"id":26357,"date":"2025-09-01T08:33:04","date_gmt":"2025-09-01T08:33:04","guid":{"rendered":"https:\/\/www.maag-polska.pl\/obrzeza-meblowe\/d54-2-concrete-flow\/"},"modified":"2025-09-01T09:06:45","modified_gmt":"2025-09-01T09:06:45","slug":"d54-2-concrete-flow","status":"publish","type":"product","link":"https:\/\/www.maag-polska.pl\/lt\/obrzeza-meblowe\/d54-2-concrete-flow\/","title":{"rendered":"Bald\u0173 kra\u0161tai D54\/2 CONCRETE FLOW"},"content":{"rendered":"<div>\n<p>Auk\u0161tos kokyb\u0117s PVC kra\u0161t\u0173 juosta, sukurta taip, kad atitikt\u0173 Kronospan K350 RT BETON dekor\u0105, pasi\u017eyminti pa\u017eangiais UV atspariais polimerais ir tiksliai kalibruotu 2 mm storiu. \u0160i techni\u0161kai rafinuota medienos apdirbimo med\u017eiaga turi specializuot\u0105 mikrogr\u016bdeli\u0173 pavir\u0161iaus strukt\u016br\u0105, u\u017etikrinan\u010di\u0105 optimalias sukibimo savybes ir didesn\u012f matmen\u0173 stabilum\u0105 apdorojimo metu. Gryna PVC sud\u0117tis u\u017etikrina nuosekl\u0173 spalv\u0173 derinim\u0105 visose gamybos partijose, i\u0161laikant grie\u017etus techninius parametrus pramoniniam naudojimui.<\/p>\n<p>Maksimaliai padidinkite bald\u0173 gamybos efektyvum\u0105 naudodami \u0161\u012f ekonomi\u0161k\u0105 kra\u0161t\u0173 klijavimo sprendim\u0105, kuris suma\u017eina med\u017eiag\u0173 \u0161vaistym\u0105 d\u0117l tikslaus kra\u0161to ir pavir\u0161iaus i\u0161lyginimo. Specializuota BETON apdaila skland\u017eiai dera su \u0161iuolaikiniais architekt\u016briniais projektais, o tvirta konstrukcija u\u017etikrina ilgalaik\u012f patvarum\u0105 intensyvaus eismo komercin\u0117je aplinkoje. \u0160is bald\u0173 kra\u0161t\u0173 sprendimas, puikiai tinkantis didel\u0117s apimties spinteli\u0173 gamybai, i\u0161laiko savo estetin\u012f patrauklum\u0105 ir leid\u017eia \u017eymiai sutaupyti prie\u017ei\u016bros ir keitimo i\u0161laidas.<\/p>\n<\/div>\n","protected":false},"excerpt":{"rendered":"<p>22&#215;0,6; 22&#215;0,8; 22&#215;1; 22&#215;2; 28&#215;2*; 32&#215;2*; 35&#215;1*; 42&#215;0,8; 42&#215;2<\/p>\n","protected":false},"featured_media":23708,"comment_status":"closed","ping_status":"open","template":"","meta":{"_acf_changed":false},"product_brand":[],"product_cat":[1210],"product_tag":[],"class_list":{"0":"post-26357","1":"product","2":"type-product","3":"status-publish","4":"has-post-thumbnail","6":"product_cat-baldu-krastai","8":"first","9":"instock","10":"product-type-simple"},"acf":[],"_links":{"self":[{"href":"https:\/\/www.maag-polska.pl\/lt\/wp-json\/wp\/v2\/product\/26357","targetHints":{"allow":["GET"]}}],"collection":[{"href":"https:\/\/www.maag-polska.pl\/lt\/wp-json\/wp\/v2\/product"}],"about":[{"href":"https:\/\/www.maag-polska.pl\/lt\/wp-json\/wp\/v2\/types\/product"}],"replies":[{"embeddable":true,"href":"https:\/\/www.maag-polska.pl\/lt\/wp-json\/wp\/v2\/comments?post=26357"}],"wp:featuredmedia":[{"embeddable":true,"href":"https:\/\/www.maag-polska.pl\/lt\/wp-json\/wp\/v2\/media\/23708"}],"wp:attachment":[{"href":"https:\/\/www.maag-polska.pl\/lt\/wp-json\/wp\/v2\/media?parent=26357"}],"wp:term":[{"taxonomy":"product_brand","embeddable":true,"href":"https:\/\/www.maag-polska.pl\/lt\/wp-json\/wp\/v2\/product_brand?post=26357"},{"taxonomy":"product_cat","embeddable":true,"href":"https:\/\/www.maag-polska.pl\/lt\/wp-json\/wp\/v2\/product_cat?post=26357"},{"taxonomy":"product_tag","embeddable":true,"href":"https:\/\/www.maag-polska.pl\/lt\/wp-json\/wp\/v2\/product_tag?post=26357"}],"curies":[{"name":"wp","href":"https:\/\/api.w.org\/{rel}","templated":true}]}}