{"id":26355,"date":"2025-09-01T08:33:04","date_gmt":"2025-09-01T08:33:04","guid":{"rendered":"https:\/\/www.maag-polska.pl\/obrzeza-meblowe\/d51-1-satin-blackwood\/"},"modified":"2025-09-01T09:06:44","modified_gmt":"2025-09-01T09:06:44","slug":"d51-1-satin-blackwood","status":"publish","type":"product","link":"https:\/\/www.maag-polska.pl\/lt\/obrzeza-meblowe\/d51-1-satin-blackwood\/","title":{"rendered":"Bald\u0173 kra\u0161tai D51\/1 SATIN BLACKWOOD"},"content":{"rendered":"<div>\n<p>Profesionali PVC kra\u0161t\u0173 juosta su BLACKWOOD SATYNOWY apdaila sujungia i\u0161skirtin\u012f patvarum\u0105 ir UV atsparias savybes. \u0160i gryna PVC med\u017eio apdirbimo med\u017eiaga i\u0161laiko sodri\u0105, satino i\u0161vaizd\u0105 net esant intensyviai saul\u0117s \u0161viesai ir kasdieniniam d\u0117v\u0117jimui. Tvirta kra\u0161t\u0173 juostos sud\u0117tis atlaiko sm\u016bgius, dr\u0117gm\u0119 ir temperat\u016bros svyravimus, tod\u0117l puikiai tinka intensyvaus eismo komercinei aplinkai. Jo spalvos stabilumas u\u017etikrina, kad gilus juodmed\u017eio tonas i\u0161lieka tolygus visus naudojimo metus.<\/p>\n<p>Pakeiskite savo bald\u0173 kra\u0161tus naudodami \u0161i\u0105 greitai u\u017ededam\u0105 PVC kra\u0161t\u0173 juost\u0105, kuri supaprastina apdailos proces\u0105. Tiksliai sukonstruota med\u017eiaga leid\u017eia \u0161variai, efektyviai pjauti su minimaliu atliek\u0173 kiekiu montavimo metu. Medienos apdirbimo profesionalai vertina pastov\u0173 jo stor\u012f ir optimalias sukibimo savybes, kurios leid\u017eia skland\u017eiai apdoroti tiek tiesius, tiek lenktus pavir\u0161ius. \u0160is bald\u0173 briaun\u0173 sprendimas pa\u0161alina papildom\u0173 apdailos etap\u0173 poreik\u012f, sutaupo brang\u0173 gamybos laik\u0105 ir u\u017etikrina profesionalius rezultatus.<\/p>\n<\/div>\n","protected":false},"excerpt":{"rendered":"<p>32&#215;2*; 42&#215;2<\/p>\n","protected":false},"featured_media":22666,"comment_status":"closed","ping_status":"open","template":"","meta":{"_acf_changed":false},"product_brand":[],"product_cat":[1210],"product_tag":[],"class_list":{"0":"post-26355","1":"product","2":"type-product","3":"status-publish","4":"has-post-thumbnail","6":"product_cat-baldu-krastai","8":"first","9":"instock","10":"product-type-simple"},"acf":[],"_links":{"self":[{"href":"https:\/\/www.maag-polska.pl\/lt\/wp-json\/wp\/v2\/product\/26355","targetHints":{"allow":["GET"]}}],"collection":[{"href":"https:\/\/www.maag-polska.pl\/lt\/wp-json\/wp\/v2\/product"}],"about":[{"href":"https:\/\/www.maag-polska.pl\/lt\/wp-json\/wp\/v2\/types\/product"}],"replies":[{"embeddable":true,"href":"https:\/\/www.maag-polska.pl\/lt\/wp-json\/wp\/v2\/comments?post=26355"}],"wp:featuredmedia":[{"embeddable":true,"href":"https:\/\/www.maag-polska.pl\/lt\/wp-json\/wp\/v2\/media\/22666"}],"wp:attachment":[{"href":"https:\/\/www.maag-polska.pl\/lt\/wp-json\/wp\/v2\/media?parent=26355"}],"wp:term":[{"taxonomy":"product_brand","embeddable":true,"href":"https:\/\/www.maag-polska.pl\/lt\/wp-json\/wp\/v2\/product_brand?post=26355"},{"taxonomy":"product_cat","embeddable":true,"href":"https:\/\/www.maag-polska.pl\/lt\/wp-json\/wp\/v2\/product_cat?post=26355"},{"taxonomy":"product_tag","embeddable":true,"href":"https:\/\/www.maag-polska.pl\/lt\/wp-json\/wp\/v2\/product_tag?post=26355"}],"curies":[{"name":"wp","href":"https:\/\/api.w.org\/{rel}","templated":true}]}}