{"id":26353,"date":"2025-09-01T08:33:04","date_gmt":"2025-09-01T08:33:04","guid":{"rendered":"https:\/\/www.maag-polska.pl\/obrzeza-meblowe\/d5-4-apple-redheart\/"},"modified":"2025-09-01T09:06:42","modified_gmt":"2025-09-01T09:06:42","slug":"d5-4-apple-redheart","status":"publish","type":"product","link":"https:\/\/www.maag-polska.pl\/lt\/obrzeza-meblowe\/d5-4-apple-redheart\/","title":{"rendered":"Bald\u0173 kra\u0161tai D5\/4 APPLE REDHEART"},"content":{"rendered":"<div>\n<p>Tiksliai sukurta PVC briaun\u0173 juosta D5\/4 JAB\u0141O\u0143 TWARDZIELOWA puikiai dera su Kronospan 7937 BS, pasi\u017eyminti specializuotu 5 mm storio profiliu. Gryna PVC sud\u0117tis u\u017etikrina i\u0161skirtin\u012f atsparum\u0105 UV spinduliams ir matmen\u0173 stabilum\u0105 apdorojimo metu. Pa\u017eangi gamybos technologija u\u017etikrina \u00b10,10 mm tolerancij\u0105, tod\u0117l \u0161i medienos apdirbimo med\u017eiaga idealiai tinka automatizuotoms briaun\u0173 apri\u0161imo sistemoms.<\/p>\n<p>Suma\u017einkite med\u017eiag\u0173 atliekas ir darbo s\u0105naudas naudodami \u0161\u012f bald\u0173 kra\u0161to sprendim\u0105, kuris si\u016blo \u0161varius pj\u016bvius ir skland\u0173 pritaikym\u0105. Stabilios spalvos JAB\u0141O\u0143 TWARDZIELOWA apdaila i\u0161laiko savo i\u0161vaizd\u0105 visus naudojimo metus, tod\u0117l nereikia da\u017enai keisti. Puikiai tinka daug lankomiems komerciniams baldams, kur patvarumas ir ekonomi\u0161kumas.<\/p>\n<\/div>\n","protected":false},"excerpt":{"rendered":"<p>22&#215;0,6; 22&#215;0,8; 22&#215;1; 22&#215;2; 35&#215;1*; 42&#215;0,8; 42&#215;2<\/p>\n","protected":false},"featured_media":22664,"comment_status":"closed","ping_status":"open","template":"","meta":{"_acf_changed":false},"product_brand":[],"product_cat":[1210],"product_tag":[],"class_list":{"0":"post-26353","1":"product","2":"type-product","3":"status-publish","4":"has-post-thumbnail","6":"product_cat-baldu-krastai","8":"first","9":"instock","10":"product-type-simple"},"acf":[],"_links":{"self":[{"href":"https:\/\/www.maag-polska.pl\/lt\/wp-json\/wp\/v2\/product\/26353","targetHints":{"allow":["GET"]}}],"collection":[{"href":"https:\/\/www.maag-polska.pl\/lt\/wp-json\/wp\/v2\/product"}],"about":[{"href":"https:\/\/www.maag-polska.pl\/lt\/wp-json\/wp\/v2\/types\/product"}],"replies":[{"embeddable":true,"href":"https:\/\/www.maag-polska.pl\/lt\/wp-json\/wp\/v2\/comments?post=26353"}],"wp:featuredmedia":[{"embeddable":true,"href":"https:\/\/www.maag-polska.pl\/lt\/wp-json\/wp\/v2\/media\/22664"}],"wp:attachment":[{"href":"https:\/\/www.maag-polska.pl\/lt\/wp-json\/wp\/v2\/media?parent=26353"}],"wp:term":[{"taxonomy":"product_brand","embeddable":true,"href":"https:\/\/www.maag-polska.pl\/lt\/wp-json\/wp\/v2\/product_brand?post=26353"},{"taxonomy":"product_cat","embeddable":true,"href":"https:\/\/www.maag-polska.pl\/lt\/wp-json\/wp\/v2\/product_cat?post=26353"},{"taxonomy":"product_tag","embeddable":true,"href":"https:\/\/www.maag-polska.pl\/lt\/wp-json\/wp\/v2\/product_tag?post=26353"}],"curies":[{"name":"wp","href":"https:\/\/api.w.org\/{rel}","templated":true}]}}