{"id":26348,"date":"2025-09-01T08:32:48","date_gmt":"2025-09-01T08:32:48","guid":{"rendered":"https:\/\/www.maag-polska.pl\/obrzeza-meblowe\/d40-1-woodline-cream\/"},"modified":"2025-09-01T09:06:34","modified_gmt":"2025-09-01T09:06:34","slug":"d40-1-woodline-cream","status":"publish","type":"product","link":"https:\/\/www.maag-polska.pl\/lt\/obrzeza-meblowe\/d40-1-woodline-cream\/","title":{"rendered":"Bald\u0173 kra\u0161tai D40\/1 WOODLINE CREAM"},"content":{"rendered":"<div>\n<p>Auk\u0161\u010diausios kokyb\u0117s D40\/1 WOODLINE KREM PVC kra\u0161t\u0173 juostos u\u017etikrina i\u0161skirtines technines charakteristikas \u2013 1 mm storio ir tiksli\u0105 spalv\u0173 derinim\u0105 prie \u0161iaur\u0117s tikmed\u017eio ir \u0105\u017euolo Rome dekor\u0173. \u0160i gryna PVC kompozicija u\u017etikrina puik\u0173 atsparum\u0105 UV spinduliams ir matmen\u0173 stabilum\u0105, i\u0161laikydama nesugadint\u0105 i\u0161vaizd\u0105 net esant intensyviai \u0161viesai. Med\u017eiaga pasi\u017eymi kruop\u0161\u010diai kalibruota pavir\u0161iaus tekst\u016bra ir 220\u00b0 lydymosi temperat\u016bra, tod\u0117l u\u017etikrina optimal\u0173 sukibim\u0105 ir \u0161var\u0173 apdorojim\u0105 12-25 m\/min grei\u010diu. \u0160i kra\u0161t\u0173 juosta, kurios tempiamasis stipris yra 28 N\/mm\u00b2 ir pailg\u0117jimas tr\u016bkimo metu >150%, garantuoja ilgalaik\u012f patvarum\u0105 ir atsparum\u0105 sm\u016bgiams.<\/p>\n<p>Specialiai sukurta auk\u0161\u010diausios klas\u0117s bald\u0173 gamybai ir komerciniams medienos apdirbimo projektams, kur pageidaujami \u0161vies\u016bs medienos tonai. Puikiai tinka biuro bald\u0173 sistemoms, virtuv\u0117s baldams ir ma\u017emenin\u0117s prekybos vitrinoms, kurioms reikalinga vientisa kra\u0161t\u0173 apdaila. Neutralus kreminis tonas dera tiek modern\u0173 skandinavi\u0161k\u0105 dizain\u0105, tiek klasikinius baldus, tod\u0117l yra universalus \u012fvairiems interjero stiliams. Profesionalios medienos apdirbimo med\u017eiagos, tokios kaip \u0161i briaun\u0173 juostel\u0117, puikiai tinka automatizuotoms briaun\u0173 apdirbimo sistemoms ir ypa\u010d tinka \u012frenginiams, gaminantiems dideles bald\u0173 partijas su nuosekliais kokyb\u0117s reikalavimais. Idealiai tinka projektams, reikalaujantiems tiek estetinio patobulinimo, tiek techninio patikimumo.<\/p>\n<\/div>\n","protected":false},"excerpt":{"rendered":"<p>22&#215;0,6; 22&#215;1; 22&#215;2; 32&#215;2*; 35&#215;1*; 42&#215;2<\/p>\n","protected":false},"featured_media":22659,"comment_status":"closed","ping_status":"open","template":"","meta":{"_acf_changed":false},"product_brand":[],"product_cat":[1210],"product_tag":[],"class_list":{"0":"post-26348","1":"product","2":"type-product","3":"status-publish","4":"has-post-thumbnail","6":"product_cat-baldu-krastai","8":"first","9":"instock","10":"product-type-simple"},"acf":[],"_links":{"self":[{"href":"https:\/\/www.maag-polska.pl\/lt\/wp-json\/wp\/v2\/product\/26348","targetHints":{"allow":["GET"]}}],"collection":[{"href":"https:\/\/www.maag-polska.pl\/lt\/wp-json\/wp\/v2\/product"}],"about":[{"href":"https:\/\/www.maag-polska.pl\/lt\/wp-json\/wp\/v2\/types\/product"}],"replies":[{"embeddable":true,"href":"https:\/\/www.maag-polska.pl\/lt\/wp-json\/wp\/v2\/comments?post=26348"}],"wp:featuredmedia":[{"embeddable":true,"href":"https:\/\/www.maag-polska.pl\/lt\/wp-json\/wp\/v2\/media\/22659"}],"wp:attachment":[{"href":"https:\/\/www.maag-polska.pl\/lt\/wp-json\/wp\/v2\/media?parent=26348"}],"wp:term":[{"taxonomy":"product_brand","embeddable":true,"href":"https:\/\/www.maag-polska.pl\/lt\/wp-json\/wp\/v2\/product_brand?post=26348"},{"taxonomy":"product_cat","embeddable":true,"href":"https:\/\/www.maag-polska.pl\/lt\/wp-json\/wp\/v2\/product_cat?post=26348"},{"taxonomy":"product_tag","embeddable":true,"href":"https:\/\/www.maag-polska.pl\/lt\/wp-json\/wp\/v2\/product_tag?post=26348"}],"curies":[{"name":"wp","href":"https:\/\/api.w.org\/{rel}","templated":true}]}}