{"id":26347,"date":"2025-09-01T08:32:48","date_gmt":"2025-09-01T08:32:48","guid":{"rendered":"https:\/\/www.maag-polska.pl\/obrzeza-meblowe\/d4-9-antique-oak\/"},"modified":"2025-09-01T09:06:31","modified_gmt":"2025-09-01T09:06:31","slug":"d4-9-antique-oak","status":"publish","type":"product","link":"https:\/\/www.maag-polska.pl\/lt\/obrzeza-meblowe\/d4-9-antique-oak\/","title":{"rendered":"Bald\u0173 kra\u0161tai D4\/9 ANTIQUE OAK"},"content":{"rendered":"<div>\n<p>Profesionali PVC kra\u0161t\u0173 juosta su D4\/9 D\u0104B ANTYCZNY apdaila u\u017etikrina i\u0161skirtin\u012f atsparum\u0105 kasdieniam nusid\u0117v\u0117jimui. \u0160i gryna PVC kompozicija i\u0161laiko savo strukt\u016brin\u012f vientisum\u0105 net ir intensyviai naudojant, tod\u0117l puikiai tinka intensyvaus eismo baldams. UV spinduliams atspari formul\u0117 apsaugo nuo spalvos blukimo ir u\u017etikrina ilgalaik\u012f estetin\u012f patrauklum\u0105, o sm\u016bgiams atsparios savyb\u0117s apsaugo bald\u0173 kra\u0161tus nuo atsitiktini\u0173 sm\u016bgi\u0173 ir sm\u016bgi\u0173. \u0160ios medienos apdirbimo med\u017eiagos i\u0161laiko savo nesugadint\u0105 i\u0161vaizd\u0105 daugel\u012f met\u0173 veikiant \u012fvairioms aplinkos s\u0105lygoms.<\/p>\n<p>Efektyviai transformuokite savo bald\u0173 projektus naudodami \u0161\u012f patogi\u0105 briaun\u0173 klijavimo sprendim\u0105. Tiksliai sukurtas lipnus sluoksnis greitai suaktyv\u0117ja tepimo metu ir sukuria saug\u0173 sukibim\u0105 be sud\u0117ting\u0173 paruo\u0161imo veiksm\u0173. \u0160i bald\u0173 kra\u0161t\u0173 apdailos juosta leid\u017eia \u0161variai, tiksliai pjauti su minimaliu atliek\u0173 kiekiu, supaprastinant j\u016bs\u0173 darbo eig\u0105. Subalansuotas med\u017eiagos lankstumas leid\u017eia nepaprastai lengvai apdirbti tiesias briaunas ir kreives, o tai padeda pasiekti profesionali\u0173 rezultat\u0173 per trumpesn\u012f laik\u0105. Puikiai tinka tiek rankin\u0117ms, tiek automatin\u0117ms kra\u0161t\u0173 klijavimo sistemoms.<\/p>\n<\/div>\n","protected":false},"excerpt":{"rendered":"<p>22&#215;0,6; 22&#215;1; 22&#215;2; 28&#215;2*; 32&#215;2*; 35&#215;1*; 42&#215;2<\/p>\n","protected":false},"featured_media":22658,"comment_status":"closed","ping_status":"open","template":"","meta":{"_acf_changed":false},"product_brand":[],"product_cat":[1210],"product_tag":[],"class_list":{"0":"post-26347","1":"product","2":"type-product","3":"status-publish","4":"has-post-thumbnail","6":"product_cat-baldu-krastai","8":"first","9":"instock","10":"product-type-simple"},"acf":[],"_links":{"self":[{"href":"https:\/\/www.maag-polska.pl\/lt\/wp-json\/wp\/v2\/product\/26347","targetHints":{"allow":["GET"]}}],"collection":[{"href":"https:\/\/www.maag-polska.pl\/lt\/wp-json\/wp\/v2\/product"}],"about":[{"href":"https:\/\/www.maag-polska.pl\/lt\/wp-json\/wp\/v2\/types\/product"}],"replies":[{"embeddable":true,"href":"https:\/\/www.maag-polska.pl\/lt\/wp-json\/wp\/v2\/comments?post=26347"}],"wp:featuredmedia":[{"embeddable":true,"href":"https:\/\/www.maag-polska.pl\/lt\/wp-json\/wp\/v2\/media\/22658"}],"wp:attachment":[{"href":"https:\/\/www.maag-polska.pl\/lt\/wp-json\/wp\/v2\/media?parent=26347"}],"wp:term":[{"taxonomy":"product_brand","embeddable":true,"href":"https:\/\/www.maag-polska.pl\/lt\/wp-json\/wp\/v2\/product_brand?post=26347"},{"taxonomy":"product_cat","embeddable":true,"href":"https:\/\/www.maag-polska.pl\/lt\/wp-json\/wp\/v2\/product_cat?post=26347"},{"taxonomy":"product_tag","embeddable":true,"href":"https:\/\/www.maag-polska.pl\/lt\/wp-json\/wp\/v2\/product_tag?post=26347"}],"curies":[{"name":"wp","href":"https:\/\/api.w.org\/{rel}","templated":true}]}}