{"id":26343,"date":"2025-09-01T08:32:48","date_gmt":"2025-09-01T08:32:48","guid":{"rendered":"https:\/\/www.maag-polska.pl\/obrzeza-meblowe\/d4-84-ferrara-oak\/"},"modified":"2025-09-01T09:06:28","modified_gmt":"2025-09-01T09:06:28","slug":"d4-84-ferrara-oak","status":"publish","type":"product","link":"https:\/\/www.maag-polska.pl\/lt\/obrzeza-meblowe\/d4-84-ferrara-oak\/","title":{"rendered":"Bald\u0173 kra\u0161tai D4\/84 FERRARA OAK"},"content":{"rendered":"<div>\n<p>\u201eD\u0105b Ferrara\u201c kra\u0161t\u0173 juostos u\u017efiksuoja rafinuot\u0105 nat\u016bralaus \u0105\u017euolo \u0161ilum\u0105 ir pasi\u017eymi kruop\u0161\u010diai pagamintu gr\u016bd\u0117tumo ra\u0161tu, kuris suteikia bald\u0173 pavir\u0161iams gylio ir charakterio. Sodr\u016bs, neutral\u016bs atspalviai sukuria harmoning\u0105 pusiausvyr\u0105 tarp modernios ir tradicin\u0117s estetikos, o auk\u0161\u010diausios kokyb\u0117s PVC kra\u0161t\u0173 juosta i\u0161laiko spalv\u0173 nuoseklum\u0105 bet kokio naudojimo metu.<\/p>\n<p>\u0160i universali PVC kra\u0161t\u0173 juosta puikiai tinka tiek gyvenamuosiuose, tiek komerciniuose medienos apdirbimo projektuose, si\u016blydama puik\u0173 atsparum\u0105 UV spinduliams ir apsaug\u0105 nuo sm\u016bgi\u0173. Gryna PVC sud\u0117tis u\u017etikrina minimal\u0173 atliek\u0173 kiek\u012f apdorojimo metu, i\u0161laikant i\u0161skirtin\u012f bald\u0173 kra\u0161t\u0173 ilgaam\u017ei\u0161kum\u0105 intensyvaus eismo vietose. Puikiai tinka spintel\u0117ms, lentynoms ir nestandartiniams baldams, kur svarbu tikslumas ir ilgaam\u017ei\u0161kumas.<\/p>\n<\/div>\n","protected":false},"excerpt":{"rendered":"<p>22&#215;0,6; 22&#215;0,8; 22&#215;1; 22&#215;2; 35&#215;1*; 42&#215;0,8; 42&#215;2<\/p>\n","protected":false},"featured_media":22657,"comment_status":"closed","ping_status":"open","template":"","meta":{"_acf_changed":false},"product_brand":[],"product_cat":[1210],"product_tag":[],"class_list":{"0":"post-26343","1":"product","2":"type-product","3":"status-publish","4":"has-post-thumbnail","6":"product_cat-baldu-krastai","8":"first","9":"instock","10":"product-type-simple"},"acf":[],"_links":{"self":[{"href":"https:\/\/www.maag-polska.pl\/lt\/wp-json\/wp\/v2\/product\/26343","targetHints":{"allow":["GET"]}}],"collection":[{"href":"https:\/\/www.maag-polska.pl\/lt\/wp-json\/wp\/v2\/product"}],"about":[{"href":"https:\/\/www.maag-polska.pl\/lt\/wp-json\/wp\/v2\/types\/product"}],"replies":[{"embeddable":true,"href":"https:\/\/www.maag-polska.pl\/lt\/wp-json\/wp\/v2\/comments?post=26343"}],"wp:featuredmedia":[{"embeddable":true,"href":"https:\/\/www.maag-polska.pl\/lt\/wp-json\/wp\/v2\/media\/22657"}],"wp:attachment":[{"href":"https:\/\/www.maag-polska.pl\/lt\/wp-json\/wp\/v2\/media?parent=26343"}],"wp:term":[{"taxonomy":"product_brand","embeddable":true,"href":"https:\/\/www.maag-polska.pl\/lt\/wp-json\/wp\/v2\/product_brand?post=26343"},{"taxonomy":"product_cat","embeddable":true,"href":"https:\/\/www.maag-polska.pl\/lt\/wp-json\/wp\/v2\/product_cat?post=26343"},{"taxonomy":"product_tag","embeddable":true,"href":"https:\/\/www.maag-polska.pl\/lt\/wp-json\/wp\/v2\/product_tag?post=26343"}],"curies":[{"name":"wp","href":"https:\/\/api.w.org\/{rel}","templated":true}]}}