{"id":26341,"date":"2025-09-01T08:32:48","date_gmt":"2025-09-01T08:32:48","guid":{"rendered":"https:\/\/www.maag-polska.pl\/obrzeza-meblowe\/d4-82-sonoma-swiss-oak\/"},"modified":"2025-09-01T09:06:27","modified_gmt":"2025-09-01T09:06:27","slug":"d4-82-sonoma-swiss-oak","status":"publish","type":"product","link":"https:\/\/www.maag-polska.pl\/lt\/obrzeza-meblowe\/d4-82-sonoma-swiss-oak\/","title":{"rendered":"Bald\u0173 kra\u0161tai D4\/82 SONOMA SWISS OAK"},"content":{"rendered":"<div>\n<p>Profesionalios PVC kra\u0161t\u0173 juostos su D4\/82 D\u0104B SONOMA SWISS apdaila, pagamintos i\u0161 gryno PVC jungini\u0173, u\u017etikrinan\u010di\u0173 puiki\u0105 kra\u0161to apsaug\u0105. Turi tiksliai kalibruot\u0105 2 mm stor\u012f ir pa\u017eangi\u0105 UV spinduliams atspari\u0105 formul\u0119, kuri i\u0161laiko spalvos stabilum\u0105 \u012fvairiomis ap\u0161vietimo s\u0105lygomis. Med\u017eiaga pasi\u017eymi puikiu atsparumu sm\u016bgiams esant 45-50 Shore D kietumui, i\u0161laikant lankstum\u0105 \u0161variam apdorojimui. Techniniai parametrai apima atsparum\u0105 kar\u0161\u010diui iki 90\u00b0C ir matmen\u0173 stabilum\u0105 \u00b10,15 mm leistinumo ribose.<\/p>\n<p>Idealiai tinka modernioms bald\u0173 gamybos patalpoms ir individualiems medienos apdirbimo cechams, kuriems reikalingi tiksl\u016bs briaun\u0173 apdailos sprendimai. \u0160i kra\u0161t\u0173 juosta puikiai tinka didelio srauto komercin\u0117ms reikm\u0117ms, pavyzd\u017eiui, biuro baldams, ma\u017emenin\u0117s prekybos \u012frangai ir virtuv\u0117s baldams, kur pageidaujama D\u0105b Sonoma Swiss estetikos. Med\u017eiagos ilgaam\u017ei\u0161kumas ir paprastas apdirbimas daro j\u0105 ypa\u010d vertinga gamybos linijoms, kuriose naudojamos automatin\u0117s briaun\u0173 klijavimo ma\u0161inos, taip pat tinka rankiniam naudojimui ma\u017eesn\u0117se dirbtuv\u0117se. Puikiai tinka Swiss Krono D3025 OW plok\u0161\u010di\u0173 pavir\u0161iams derinti tiek gyvenamuosiuose, tiek komerciniuose projektuose.<\/p>\n<\/div>\n","protected":false},"excerpt":{"rendered":"<p>22&#215;0,6; 22&#215;0,8; 22&#215;1; 22&#215;2; 28&#215;2*; 35&#215;1*; 42&#215;0,8; 42&#215;2<\/p>\n","protected":false},"featured_media":22655,"comment_status":"closed","ping_status":"open","template":"","meta":{"_acf_changed":false},"product_brand":[],"product_cat":[1210],"product_tag":[],"class_list":{"0":"post-26341","1":"product","2":"type-product","3":"status-publish","4":"has-post-thumbnail","6":"product_cat-baldu-krastai","8":"first","9":"instock","10":"product-type-simple"},"acf":[],"_links":{"self":[{"href":"https:\/\/www.maag-polska.pl\/lt\/wp-json\/wp\/v2\/product\/26341","targetHints":{"allow":["GET"]}}],"collection":[{"href":"https:\/\/www.maag-polska.pl\/lt\/wp-json\/wp\/v2\/product"}],"about":[{"href":"https:\/\/www.maag-polska.pl\/lt\/wp-json\/wp\/v2\/types\/product"}],"replies":[{"embeddable":true,"href":"https:\/\/www.maag-polska.pl\/lt\/wp-json\/wp\/v2\/comments?post=26341"}],"wp:featuredmedia":[{"embeddable":true,"href":"https:\/\/www.maag-polska.pl\/lt\/wp-json\/wp\/v2\/media\/22655"}],"wp:attachment":[{"href":"https:\/\/www.maag-polska.pl\/lt\/wp-json\/wp\/v2\/media?parent=26341"}],"wp:term":[{"taxonomy":"product_brand","embeddable":true,"href":"https:\/\/www.maag-polska.pl\/lt\/wp-json\/wp\/v2\/product_brand?post=26341"},{"taxonomy":"product_cat","embeddable":true,"href":"https:\/\/www.maag-polska.pl\/lt\/wp-json\/wp\/v2\/product_cat?post=26341"},{"taxonomy":"product_tag","embeddable":true,"href":"https:\/\/www.maag-polska.pl\/lt\/wp-json\/wp\/v2\/product_tag?post=26341"}],"curies":[{"name":"wp","href":"https:\/\/api.w.org\/{rel}","templated":true}]}}