{"id":26340,"date":"2025-09-01T08:32:48","date_gmt":"2025-09-01T08:32:48","guid":{"rendered":"https:\/\/www.maag-polska.pl\/obrzeza-meblowe\/d4-81-white-coastland-oak\/"},"modified":"2025-09-01T09:06:27","modified_gmt":"2025-09-01T09:06:27","slug":"d4-81-white-coastland-oak","status":"publish","type":"product","link":"https:\/\/www.maag-polska.pl\/lt\/obrzeza-meblowe\/d4-81-white-coastland-oak\/","title":{"rendered":"Bald\u0173 kra\u0161tai D4\/81 WHITE COASTLAND OAK"},"content":{"rendered":"<div>\n<p>Profesionali PVC kra\u0161t\u0173 juosta D\u0104B COASTLAND BIA\u0141Y (K080 PW) u\u017etikrina i\u0161skirtin\u012f atsparum\u0105 kasdieniam nusid\u0117v\u0117jimui ir aplinkos veiksniams. \u0160i gryna PVC med\u017eio apdirbimo med\u017eiaga i\u0161laiko savo nesugadint\u0105 i\u0161vaizd\u0105 net ir intensyviai naudojant, o ji pasi\u017eymi patobulinta UV apsauga, kuri neleid\u017eia keisti spalvos ir i\u0161blukti. Tvirta kra\u0161t\u0173 juostos sud\u0117tis atlaiko sm\u016bgius, dr\u0117gm\u0119 ir temperat\u016bros svyravimus, kartu i\u0161saugant autenti\u0161k\u0105 baltojo pakrant\u0117s \u0105\u017euolo estetik\u0105.<\/p>\n<p>Supaprastinkite savo bald\u0173 gamyb\u0105 naudodami \u0161i\u0105 tiksliai suprojektuot\u0105 kra\u0161t\u0173 juost\u0105, kuri skland\u017eiai ir nuosekliai prilimpa. Optimizuotas storis u\u017etikrina minimal\u0173 atliek\u0173 kiek\u012f dengimo metu, o specializuotas pavir\u0161iaus apdorojimas leid\u017eia greitai apdoroti nepakenkiant kokybei. \u0160is bald\u0173 briaun\u0173 sprendimas puikiai tinka tiek automatiniams, tiek rankiniams medienos apdirbimo procesams, i\u0161laiko matmen\u0173 stabilum\u0105 montavimo metu, suma\u017eindamas gamybos laik\u0105 ir med\u017eiag\u0173 nuostolius.<\/p>\n<\/div>\n","protected":false},"excerpt":{"rendered":"<p>22&#215;0,6; 22&#215;0,8; 22&#215;1; 22&#215;2; 35&#215;1*; 42&#215;0,8; 42&#215;2<\/p>\n","protected":false},"featured_media":22654,"comment_status":"closed","ping_status":"open","template":"","meta":{"_acf_changed":false},"product_brand":[],"product_cat":[1210],"product_tag":[],"class_list":{"0":"post-26340","1":"product","2":"type-product","3":"status-publish","4":"has-post-thumbnail","6":"product_cat-baldu-krastai","8":"first","9":"instock","10":"product-type-simple"},"acf":[],"_links":{"self":[{"href":"https:\/\/www.maag-polska.pl\/lt\/wp-json\/wp\/v2\/product\/26340","targetHints":{"allow":["GET"]}}],"collection":[{"href":"https:\/\/www.maag-polska.pl\/lt\/wp-json\/wp\/v2\/product"}],"about":[{"href":"https:\/\/www.maag-polska.pl\/lt\/wp-json\/wp\/v2\/types\/product"}],"replies":[{"embeddable":true,"href":"https:\/\/www.maag-polska.pl\/lt\/wp-json\/wp\/v2\/comments?post=26340"}],"wp:featuredmedia":[{"embeddable":true,"href":"https:\/\/www.maag-polska.pl\/lt\/wp-json\/wp\/v2\/media\/22654"}],"wp:attachment":[{"href":"https:\/\/www.maag-polska.pl\/lt\/wp-json\/wp\/v2\/media?parent=26340"}],"wp:term":[{"taxonomy":"product_brand","embeddable":true,"href":"https:\/\/www.maag-polska.pl\/lt\/wp-json\/wp\/v2\/product_brand?post=26340"},{"taxonomy":"product_cat","embeddable":true,"href":"https:\/\/www.maag-polska.pl\/lt\/wp-json\/wp\/v2\/product_cat?post=26340"},{"taxonomy":"product_tag","embeddable":true,"href":"https:\/\/www.maag-polska.pl\/lt\/wp-json\/wp\/v2\/product_tag?post=26340"}],"curies":[{"name":"wp","href":"https:\/\/api.w.org\/{rel}","templated":true}]}}