{"id":26338,"date":"2025-09-01T08:32:48","date_gmt":"2025-09-01T08:32:48","guid":{"rendered":"https:\/\/www.maag-polska.pl\/obrzeza-meblowe\/d4-8-palermo-dark-oak\/"},"modified":"2025-09-01T09:06:25","modified_gmt":"2025-09-01T09:06:25","slug":"d4-8-palermo-dark-oak","status":"publish","type":"product","link":"https:\/\/www.maag-polska.pl\/lt\/obrzeza-meblowe\/d4-8-palermo-dark-oak\/","title":{"rendered":"Bald\u0173 kra\u0161tai D4\/8 PALERMO DARK OAK"},"content":{"rendered":"<div>\n<p>Auk\u0161tos kokyb\u0117s D4\/8 D\u0104B PALERMO CIEMNY PVC kra\u0161t\u0173 juostos u\u017etikrina tiksl\u0173 matmen\u0173 stabilum\u0105, o storio nuokrypis yra \u00b10,2 mm. Gryna PVC sud\u0117tis u\u017etikrina optimal\u0173 atsparum\u0105 UV spinduliams iki 1000 valand\u0173 poveikio bandymo, i\u0161laikant spalvos nuoseklum\u0105. \u0160i med\u017eio apdirbimo med\u017eiaga turi pa\u017eangi\u0105 molekulinio sujungimo technologij\u0105, kuri neleid\u017eia sluoksniuotis esant temperat\u016brai nuo -20\u00b0C iki +80\u00b0C. Kra\u0161t\u0173 juostos pavir\u0161iaus strukt\u016bra pasiekia 4N\/mm\u00b2 sukibimo stiprum\u0105, u\u017etikrinant\u012f ilgalaik\u012f bald\u0173 patvarum\u0105.<\/p>\n<p>D4\/8 briaun\u0173 juostos supaprastina gamybos procesus, nes jos savaime optimizuoja apdorojimo charakteristikas iki 25 m\/min grei\u010diu. Tiksliai suprojektuotas pavir\u0161ius suma\u017eina med\u017eiag\u0173 atliek\u0173 kiek\u012f iki 30%, palyginti su standartin\u0117mis alternatyvomis. Baldo briauna i\u0161laiko turting\u0105 Palermo tamsaus \u0105\u017euolo i\u0161vaizd\u0105 per ilgus naudojimo metus, tod\u0117l nereikia da\u017enai keisti. \u0160i PVC kra\u0161t\u0173 juosta, suderinama tiek su rankin\u0117mis, tiek su automatizuotomis sistemomis, si\u016blo ekonomi\u0161kus sprendimus tiek ma\u017eoms dirbtuv\u0117ms, tiek didel\u0117ms gamybos \u012fmon\u0117ms.<\/p>\n<\/div>\n","protected":false},"excerpt":{"rendered":"<p>22&#215;0,6; 22&#215;1; 22&#215;2; 35&#215;1*; 42&#215;2<\/p>\n","protected":false},"featured_media":22652,"comment_status":"closed","ping_status":"open","template":"","meta":{"_acf_changed":false},"product_brand":[],"product_cat":[1210],"product_tag":[],"class_list":{"0":"post-26338","1":"product","2":"type-product","3":"status-publish","4":"has-post-thumbnail","6":"product_cat-baldu-krastai","8":"first","9":"instock","10":"product-type-simple"},"acf":[],"_links":{"self":[{"href":"https:\/\/www.maag-polska.pl\/lt\/wp-json\/wp\/v2\/product\/26338","targetHints":{"allow":["GET"]}}],"collection":[{"href":"https:\/\/www.maag-polska.pl\/lt\/wp-json\/wp\/v2\/product"}],"about":[{"href":"https:\/\/www.maag-polska.pl\/lt\/wp-json\/wp\/v2\/types\/product"}],"replies":[{"embeddable":true,"href":"https:\/\/www.maag-polska.pl\/lt\/wp-json\/wp\/v2\/comments?post=26338"}],"wp:featuredmedia":[{"embeddable":true,"href":"https:\/\/www.maag-polska.pl\/lt\/wp-json\/wp\/v2\/media\/22652"}],"wp:attachment":[{"href":"https:\/\/www.maag-polska.pl\/lt\/wp-json\/wp\/v2\/media?parent=26338"}],"wp:term":[{"taxonomy":"product_brand","embeddable":true,"href":"https:\/\/www.maag-polska.pl\/lt\/wp-json\/wp\/v2\/product_brand?post=26338"},{"taxonomy":"product_cat","embeddable":true,"href":"https:\/\/www.maag-polska.pl\/lt\/wp-json\/wp\/v2\/product_cat?post=26338"},{"taxonomy":"product_tag","embeddable":true,"href":"https:\/\/www.maag-polska.pl\/lt\/wp-json\/wp\/v2\/product_tag?post=26338"}],"curies":[{"name":"wp","href":"https:\/\/api.w.org\/{rel}","templated":true}]}}