{"id":26337,"date":"2025-09-01T08:32:48","date_gmt":"2025-09-01T08:32:48","guid":{"rendered":"https:\/\/www.maag-polska.pl\/obrzeza-meblowe\/d4-79-amber-baroque-oak\/"},"modified":"2025-09-01T09:06:25","modified_gmt":"2025-09-01T09:06:25","slug":"d4-79-amber-baroque-oak","status":"publish","type":"product","link":"https:\/\/www.maag-polska.pl\/lt\/obrzeza-meblowe\/d4-79-amber-baroque-oak\/","title":{"rendered":"Bald\u0173 kra\u0161tai D4\/79 AMBER BAROQUE OAK"},"content":{"rendered":"<div>\n<p>Auk\u0161\u010diausios kokyb\u0117s PVC kra\u0161t\u0173 juostos D4\/79 D\u0104B BAROKOWY BURSZTYNOWY (Kronospan K536 RW) u\u017etikrina i\u0161skirtines technines charakteristikas, kuri\u0173 storio nuokrypis yra \u00b10,10 mm. Gryna PVC kompozicija u\u017etikrina puik\u0173 2,8\u20133,2 N\/mm\u00b2 sukibimo stiprum\u0105, i\u0161laikant tiksl\u0173 matmen\u0173 stabilum\u0105. \u0160i medienos apdirbimo med\u017eiaga pasi\u017eymi padidintu atsparumu UV spinduliams, kurios \u0161viesos atsparumo \u012fvertinimas yra 6\u20137 pagal m\u0117lynos vilnos skal\u0119, neleid\u017eianti spalvai blog\u0117ti net esant intensyviam poveikiui. Specializuota pavir\u0161iaus strukt\u016bra pasiekia 98% spalv\u0173 nuoseklum\u0105 su Kronospan deran\u010diomis dekoro plok\u0161t\u0117mis.<\/p>\n<p>Puikiai tinka auk\u0161tos klas\u0117s bald\u0173 gamybai, kur pageidaujama gintaro atspalvio baroko \u0105\u017euolo estetikos. \u0160i bald\u0173 kra\u0161t\u0173 juosta puikiai tinka komerciniams biurams, prabangiai ma\u017emeninei prekybai ir auk\u0161\u010diausios kokyb\u0117s gyvenam\u0173j\u0173 patalp\u0173 spintel\u0117ms. D\u0117l pa\u017eangaus atsparumo sm\u016bgiams med\u017eiaga idealiai tinka intensyvaus eismo vietose, pavyzd\u017eiui, vie\u0161bu\u010di\u0173 baldams ir restoran\u0173 interjerui. Profesional\u016bs medienos apdirb\u0117jai vertina jo \u0161varaus pjovimo savybes ir minimal\u0173 atliek\u0173 kiek\u012f apdirbant, o bald\u0173 gamintojai naudojasi patikimu sukibimu tiek rankin\u0117se, tiek automatin\u0117se kra\u0161t\u0173 apri\u0161imo sistemose.<\/p>\n<\/div>\n","protected":false},"excerpt":{"rendered":"<p>22&#215;0,6; 22&#215;0,8; 22&#215;1; 22&#215;2; 35&#215;1*; 42&#215;0,8; 42&#215;2<\/p>\n","protected":false},"featured_media":22651,"comment_status":"closed","ping_status":"open","template":"","meta":{"_acf_changed":false},"product_brand":[],"product_cat":[1210],"product_tag":[],"class_list":{"0":"post-26337","1":"product","2":"type-product","3":"status-publish","4":"has-post-thumbnail","6":"product_cat-baldu-krastai","8":"first","9":"instock","10":"product-type-simple"},"acf":[],"_links":{"self":[{"href":"https:\/\/www.maag-polska.pl\/lt\/wp-json\/wp\/v2\/product\/26337","targetHints":{"allow":["GET"]}}],"collection":[{"href":"https:\/\/www.maag-polska.pl\/lt\/wp-json\/wp\/v2\/product"}],"about":[{"href":"https:\/\/www.maag-polska.pl\/lt\/wp-json\/wp\/v2\/types\/product"}],"replies":[{"embeddable":true,"href":"https:\/\/www.maag-polska.pl\/lt\/wp-json\/wp\/v2\/comments?post=26337"}],"wp:featuredmedia":[{"embeddable":true,"href":"https:\/\/www.maag-polska.pl\/lt\/wp-json\/wp\/v2\/media\/22651"}],"wp:attachment":[{"href":"https:\/\/www.maag-polska.pl\/lt\/wp-json\/wp\/v2\/media?parent=26337"}],"wp:term":[{"taxonomy":"product_brand","embeddable":true,"href":"https:\/\/www.maag-polska.pl\/lt\/wp-json\/wp\/v2\/product_brand?post=26337"},{"taxonomy":"product_cat","embeddable":true,"href":"https:\/\/www.maag-polska.pl\/lt\/wp-json\/wp\/v2\/product_cat?post=26337"},{"taxonomy":"product_tag","embeddable":true,"href":"https:\/\/www.maag-polska.pl\/lt\/wp-json\/wp\/v2\/product_tag?post=26337"}],"curies":[{"name":"wp","href":"https:\/\/api.w.org\/{rel}","templated":true}]}}