{"id":26336,"date":"2025-09-01T08:32:29","date_gmt":"2025-09-01T08:32:29","guid":{"rendered":"https:\/\/www.maag-polska.pl\/obrzeza-meblowe\/d4-78-hazel-silverjack-oak\/"},"modified":"2025-09-01T09:06:20","modified_gmt":"2025-09-01T09:06:20","slug":"d4-78-hazel-silverjack-oak","status":"publish","type":"product","link":"https:\/\/www.maag-polska.pl\/lt\/obrzeza-meblowe\/d4-78-hazel-silverjack-oak\/","title":{"rendered":"Bald\u0173 kra\u0161tai D4\/78 HAZEL SILVERJACK OAK"},"content":{"rendered":"<div>\n<p>Profesionali PVC kra\u0161t\u0173 juostel\u0117 D4\/78 D\u0104B SILVERJACK ORZECHOWY puikiai dera su Kronospan K544 RW dekoru, pasi\u017eyminti i\u0161skirtiniu atsparumu kasdieniam nusid\u0117v\u0117jimui. \u0160i med\u017eio apdirbimo med\u017eiaga pasi\u017eymi patobulinta UV apsauga, kuri apsaugo nuo spalvos i\u0161blukimo ir i\u0161laiko autenti\u0161k\u0105 rie\u0161utmed\u017eio \u0105\u017euolo i\u0161vaizd\u0105 ilgus naudojimo metus. Gryna PVC sud\u0117tis u\u017etikrina puik\u0173 atsparum\u0105 sm\u016bgiams, tod\u0117l idealiai tinka intensyvaus eismo baldams.<\/p>\n<p>Patirkite besi\u016bli\u0173 bald\u0173 kra\u0161t\u0173 apdail\u0105 naudodami \u0161i\u0105 tiksliai kalibruot\u0105 kra\u0161t\u0173 juost\u0105, kuri greitai ir efektyviai prilimpa prie lentos pavir\u0161i\u0173. Optimizuotas storis u\u017etikrina minimal\u0173 atliek\u0173 kiek\u012f apdorojimo metu, o specializuotas pavir\u0161iaus apdorojimas leid\u017eia nedelsiant suklijuoti be papildomo paruo\u0161imo. Puikiai tinka tiek automatin\u0117ms briaun\u0173 klijavimo stakl\u0117ms, tiek rankiniam naudojimui, taupant brang\u0173 gamybos laik\u0105 ir i\u0161laikant profesionalius rezultatus.<\/p>\n<\/div>\n","protected":false},"excerpt":{"rendered":"<p>22&#215;0,6; 22&#215;0,8; 22&#215;2; 35&#215;1*; 42&#215;2<\/p>\n","protected":false},"featured_media":22650,"comment_status":"closed","ping_status":"open","template":"","meta":{"_acf_changed":false},"product_brand":[],"product_cat":[1210],"product_tag":[],"class_list":{"0":"post-26336","1":"product","2":"type-product","3":"status-publish","4":"has-post-thumbnail","6":"product_cat-baldu-krastai","8":"first","9":"instock","10":"product-type-simple"},"acf":[],"_links":{"self":[{"href":"https:\/\/www.maag-polska.pl\/lt\/wp-json\/wp\/v2\/product\/26336","targetHints":{"allow":["GET"]}}],"collection":[{"href":"https:\/\/www.maag-polska.pl\/lt\/wp-json\/wp\/v2\/product"}],"about":[{"href":"https:\/\/www.maag-polska.pl\/lt\/wp-json\/wp\/v2\/types\/product"}],"replies":[{"embeddable":true,"href":"https:\/\/www.maag-polska.pl\/lt\/wp-json\/wp\/v2\/comments?post=26336"}],"wp:featuredmedia":[{"embeddable":true,"href":"https:\/\/www.maag-polska.pl\/lt\/wp-json\/wp\/v2\/media\/22650"}],"wp:attachment":[{"href":"https:\/\/www.maag-polska.pl\/lt\/wp-json\/wp\/v2\/media?parent=26336"}],"wp:term":[{"taxonomy":"product_brand","embeddable":true,"href":"https:\/\/www.maag-polska.pl\/lt\/wp-json\/wp\/v2\/product_brand?post=26336"},{"taxonomy":"product_cat","embeddable":true,"href":"https:\/\/www.maag-polska.pl\/lt\/wp-json\/wp\/v2\/product_cat?post=26336"},{"taxonomy":"product_tag","embeddable":true,"href":"https:\/\/www.maag-polska.pl\/lt\/wp-json\/wp\/v2\/product_tag?post=26336"}],"curies":[{"name":"wp","href":"https:\/\/api.w.org\/{rel}","templated":true}]}}