{"id":26335,"date":"2025-09-01T08:32:29","date_gmt":"2025-09-01T08:32:29","guid":{"rendered":"https:\/\/www.maag-polska.pl\/obrzeza-meblowe\/d4-75n-artisan-oak-new\/"},"modified":"2025-09-01T09:06:19","modified_gmt":"2025-09-01T09:06:19","slug":"d4-75n-artisan-oak-new","status":"publish","type":"product","link":"https:\/\/www.maag-polska.pl\/lt\/obrzeza-meblowe\/d4-75n-artisan-oak-new\/","title":{"rendered":"Bald\u0173 kra\u0161tai D4\/75N ARTISAN OAK NEW"},"content":{"rendered":"<div>\n<p>D4\/75N D\u0104B ARTISAN NOWY kra\u0161t\u0173 juostel\u0117 atspindi autenti\u0161k\u0105 amatinink\u0173 \u0105\u017euolo meistri\u0161kumo \u017eaves\u012f, pasi\u017eymint\u012f subtiliais gr\u016bd\u0117tumo ra\u0161tais ir rafinuota matine apdaila. \u0160i PVC kra\u0161t\u0173 juosta puikiai dera prie Pfleiderer R20315 NW ir Woodeco PD3016 dekor\u0173, u\u017etikrindama vientis\u0105 vizualin\u0119 integracij\u0105 su j\u016bs\u0173 bald\u0173 pavir\u0161iais. Kruop\u0161\u010diai sukalibruotas 75 mm plotis sukuria eleganti\u0161k\u0105 per\u0117jim\u0105 i\u0161laikant nat\u016brali\u0105 med\u017eio estetik\u0105.<\/p>\n<p>Sukurta \u012fvairiems medienos apdirbimo darbams, \u0161i gryno PVC briaun\u0173 juosta u\u017etikrina i\u0161skirtin\u012f patvarum\u0105 ir \u012fmontuot\u0105 atsparum\u0105 UV spinduliams, kad i\u0161vengt\u0173 spalvos i\u0161blukimo. Med\u017eiagos sud\u0117tis leid\u017eia tiksliai apdoroti su minimaliu atliek\u0173 kiekiu, tod\u0117l idealiai tinka tiek lenktiems, tiek tiesiems bald\u0173 kra\u0161tams. Nepriklausomai nuo to, ar jis naudojamas biuro baldams, gyvenam\u0173j\u0173 patalp\u0173 baldams ar komerciniams \u012frenginiams, jo sm\u016bgiams atsparios savyb\u0117s ir spalv\u0173 stabilumas u\u017etikrina ilgalaik\u012f veikim\u0105 \u012fvairiose aplinkose.<\/p>\n<\/div>\n","protected":false},"excerpt":{"rendered":"<p>22&#215;0,6; 22&#215;0,8; 22&#215;1; 22&#215;2; 35&#215;1*; 42&#215;0,8; 42&#215;2<\/p>\n","protected":false},"featured_media":21744,"comment_status":"closed","ping_status":"open","template":"","meta":{"_acf_changed":false},"product_brand":[],"product_cat":[1210],"product_tag":[],"class_list":{"0":"post-26335","1":"product","2":"type-product","3":"status-publish","4":"has-post-thumbnail","6":"product_cat-baldu-krastai","8":"first","9":"instock","10":"product-type-simple"},"acf":[],"_links":{"self":[{"href":"https:\/\/www.maag-polska.pl\/lt\/wp-json\/wp\/v2\/product\/26335","targetHints":{"allow":["GET"]}}],"collection":[{"href":"https:\/\/www.maag-polska.pl\/lt\/wp-json\/wp\/v2\/product"}],"about":[{"href":"https:\/\/www.maag-polska.pl\/lt\/wp-json\/wp\/v2\/types\/product"}],"replies":[{"embeddable":true,"href":"https:\/\/www.maag-polska.pl\/lt\/wp-json\/wp\/v2\/comments?post=26335"}],"wp:featuredmedia":[{"embeddable":true,"href":"https:\/\/www.maag-polska.pl\/lt\/wp-json\/wp\/v2\/media\/21744"}],"wp:attachment":[{"href":"https:\/\/www.maag-polska.pl\/lt\/wp-json\/wp\/v2\/media?parent=26335"}],"wp:term":[{"taxonomy":"product_brand","embeddable":true,"href":"https:\/\/www.maag-polska.pl\/lt\/wp-json\/wp\/v2\/product_brand?post=26335"},{"taxonomy":"product_cat","embeddable":true,"href":"https:\/\/www.maag-polska.pl\/lt\/wp-json\/wp\/v2\/product_cat?post=26335"},{"taxonomy":"product_tag","embeddable":true,"href":"https:\/\/www.maag-polska.pl\/lt\/wp-json\/wp\/v2\/product_tag?post=26335"}],"curies":[{"name":"wp","href":"https:\/\/api.w.org\/{rel}","templated":true}]}}