{"id":26333,"date":"2025-09-01T08:32:29","date_gmt":"2025-09-01T08:32:29","guid":{"rendered":"https:\/\/www.maag-polska.pl\/obrzeza-meblowe\/d4-74-american-oak-mat\/"},"modified":"2025-09-01T09:06:18","modified_gmt":"2025-09-01T09:06:18","slug":"d4-74-american-oak-mat","status":"publish","type":"product","link":"https:\/\/www.maag-polska.pl\/lt\/obrzeza-meblowe\/d4-74-american-oak-mat\/","title":{"rendered":"Bald\u0173 kra\u0161tai D4\/74 AMERICAN OAK MAT"},"content":{"rendered":"<div>\n<p>Profesionalios PVC kra\u0161tin\u0117s juostos su D4\/74 D\u0104B AMERYKA\u0143SKI MAT apdaila, suprojektuotos tiksliai 2 mm storio paklaida. \u0160i gryna PVC kompozicija u\u017etikrina i\u0161skirtin\u012f atsparum\u0105 UV spinduliams, o spalvos stabilumo reitingai vir\u0161ija 6 pagal m\u0117lynos vilnos skal\u0119. Med\u017eiaga i\u0161laiko matmen\u0173 stabilum\u0105 nuo -20\u00b0C iki +80\u00b0C ir pasi\u017eymi specializuota pavir\u0161iaus strukt\u016bra, atitinkan\u010dia Pfleiderer R20119 LN ir Woodeco PD3012 ra\u0161tus. Pa\u017eangi gamyba u\u017etikrina minimal\u0173 i\u0161ilgin\u012f susitraukim\u0105 (\u22640,3%) ir optimizuotas klij\u0173 laikymo savybes.<\/p>\n<p>Ypa\u010d tinka didelio srauto komerciniams baldams, kur amerikieti\u0161ko \u0105\u017euolo estetika atitinka didelius d\u0117v\u0117jimosi reikalavimus. \u0160i med\u017eio apdirbimo med\u017eiaga puikiai tinka biuro bald\u0173 sistemoms, ma\u017emenin\u0117s prekybos \u012frangai ir institucin\u0117ms spintel\u0117ms. Matin\u0117 apdaila suma\u017eina \u0161viesos atspind\u012f, tod\u0117l idealiai tinka mokymo \u012fstaigoms ir profesinei aplinkai. Suderinamas tiek su rankiniu, tiek su automatizuotu kra\u0161t\u0173 klijavimo procesais, \u0161is PVC kra\u0161t\u0173 apklijavimas u\u017etikrina nuoseklius rezultatus atliekant didelio masto gamybos operacijas, i\u0161laikant autenti\u0161k\u0105 D\u0104B AMERYKA\u0143SKI i\u0161vaizd\u0105 lenktose ir tiesiose srityse.<\/p>\n<\/div>\n","protected":false},"excerpt":{"rendered":"<p>22&#215;0,6; 22&#215;1; 22&#215;2; 28&#215;2*; 32&#215;2*; 35&#215;1*; 42&#215;2<\/p>\n","protected":false},"featured_media":22648,"comment_status":"closed","ping_status":"open","template":"","meta":{"_acf_changed":false},"product_brand":[],"product_cat":[1210],"product_tag":[],"class_list":{"0":"post-26333","1":"product","2":"type-product","3":"status-publish","4":"has-post-thumbnail","6":"product_cat-baldu-krastai","8":"first","9":"instock","10":"product-type-simple"},"acf":[],"_links":{"self":[{"href":"https:\/\/www.maag-polska.pl\/lt\/wp-json\/wp\/v2\/product\/26333","targetHints":{"allow":["GET"]}}],"collection":[{"href":"https:\/\/www.maag-polska.pl\/lt\/wp-json\/wp\/v2\/product"}],"about":[{"href":"https:\/\/www.maag-polska.pl\/lt\/wp-json\/wp\/v2\/types\/product"}],"replies":[{"embeddable":true,"href":"https:\/\/www.maag-polska.pl\/lt\/wp-json\/wp\/v2\/comments?post=26333"}],"wp:featuredmedia":[{"embeddable":true,"href":"https:\/\/www.maag-polska.pl\/lt\/wp-json\/wp\/v2\/media\/22648"}],"wp:attachment":[{"href":"https:\/\/www.maag-polska.pl\/lt\/wp-json\/wp\/v2\/media?parent=26333"}],"wp:term":[{"taxonomy":"product_brand","embeddable":true,"href":"https:\/\/www.maag-polska.pl\/lt\/wp-json\/wp\/v2\/product_brand?post=26333"},{"taxonomy":"product_cat","embeddable":true,"href":"https:\/\/www.maag-polska.pl\/lt\/wp-json\/wp\/v2\/product_cat?post=26333"},{"taxonomy":"product_tag","embeddable":true,"href":"https:\/\/www.maag-polska.pl\/lt\/wp-json\/wp\/v2\/product_tag?post=26333"}],"curies":[{"name":"wp","href":"https:\/\/api.w.org\/{rel}","templated":true}]}}