{"id":26329,"date":"2025-09-01T08:32:29","date_gmt":"2025-09-01T08:32:29","guid":{"rendered":"https:\/\/www.maag-polska.pl\/obrzeza-meblowe\/d4-70-oiled-oak\/"},"modified":"2025-09-01T09:06:16","modified_gmt":"2025-09-01T09:06:16","slug":"d4-70-oiled-oak","status":"publish","type":"product","link":"https:\/\/www.maag-polska.pl\/lt\/obrzeza-meblowe\/d4-70-oiled-oak\/","title":{"rendered":"Bald\u0173 kra\u0161tai D4\/70 OILED OAK"},"content":{"rendered":"<div>\n<p>\u201ePremium D4\/70 D\u0104B OLEJOWANY\u201c briaun\u0173 juosta u\u017etikrina i\u0161skirtines technines charakteristikas d\u0117l 0,70 mm storio ir grynos PVC sud\u0117ties. \u0160i med\u017eio apdirbimo med\u017eiaga pasi\u017eymi pa\u017eangiais UV spinduliams atspariais polimerais, kurie apsaugo nuo spalvos blukimo ir i\u0161laiko autenti\u0161k\u0105 alyvuoto \u0105\u017euolo i\u0161vaizd\u0105. Kra\u0161t\u0173 juostos matmen\u0173 stabilumas u\u017etikrina tiksl\u0173 apdirbim\u0105 su minimaliu atliek\u0173 kiekiu, o d\u0117l specializuoto pavir\u0161iaus apdorojimo pasiekiama 8N\/mm\u00b2 dilimui atspari apdaila. Med\u017eiaga i\u0161laiko nuosekl\u0173 spalv\u0173 derinim\u0105 su Pfleiderer R20348 NW ir Woodeco PD3037 dekorais, tod\u0117l patikimam apdorojimui u\u017etikrinama \u00b10,5 mm storio tolerancija.<\/p>\n<p>Ypa\u010d tinka didelio srauto komerciniams baldams, kai ilgaam\u017ei\u0161kumas atitinka dizaino reikalavimus. PVC kra\u0161t\u0173 juostos puikiai tinka biuro bald\u0173 sistemose, ma\u017emenin\u0117s prekybos \u012frenginiuose ir svetingumo \u012frenginiuose, kur yra \u012fprastas nat\u016bralios \u0161viesos poveikis. D\u0117l tvirtos konstrukcijos jis idealiai tinka horizontaliems pavir\u0161iams, tokiems kaip stalvir\u0161iai ir lentynos, ir ypa\u010d gerai veikia ant vertikali\u0173 spinteli\u0173 kra\u0161t\u0173. Baldo briaun\u0173 profilis i\u0161laiko vientisum\u0105 aplinkoje, kurioje yra \u012fvairaus dr\u0117gm\u0117s lygio, tod\u0117l tai yra patikimas pasirinkimas virtuv\u0117s ir vonios kambario baldams, kur itin svarbus atsparumas dr\u0117gmei.<\/p>\n<\/div>\n","protected":false},"excerpt":{"rendered":"<p>22&#215;0,6; 22&#215;1; 22&#215;2; 28&#215;2*; 32&#215;2*; 35&#215;1*; 42&#215;2<\/p>\n","protected":false},"featured_media":22644,"comment_status":"closed","ping_status":"open","template":"","meta":{"_acf_changed":false},"product_brand":[],"product_cat":[1210],"product_tag":[],"class_list":{"0":"post-26329","1":"product","2":"type-product","3":"status-publish","4":"has-post-thumbnail","6":"product_cat-baldu-krastai","8":"first","9":"instock","10":"product-type-simple"},"acf":[],"_links":{"self":[{"href":"https:\/\/www.maag-polska.pl\/lt\/wp-json\/wp\/v2\/product\/26329","targetHints":{"allow":["GET"]}}],"collection":[{"href":"https:\/\/www.maag-polska.pl\/lt\/wp-json\/wp\/v2\/product"}],"about":[{"href":"https:\/\/www.maag-polska.pl\/lt\/wp-json\/wp\/v2\/types\/product"}],"replies":[{"embeddable":true,"href":"https:\/\/www.maag-polska.pl\/lt\/wp-json\/wp\/v2\/comments?post=26329"}],"wp:featuredmedia":[{"embeddable":true,"href":"https:\/\/www.maag-polska.pl\/lt\/wp-json\/wp\/v2\/media\/22644"}],"wp:attachment":[{"href":"https:\/\/www.maag-polska.pl\/lt\/wp-json\/wp\/v2\/media?parent=26329"}],"wp:term":[{"taxonomy":"product_brand","embeddable":true,"href":"https:\/\/www.maag-polska.pl\/lt\/wp-json\/wp\/v2\/product_brand?post=26329"},{"taxonomy":"product_cat","embeddable":true,"href":"https:\/\/www.maag-polska.pl\/lt\/wp-json\/wp\/v2\/product_cat?post=26329"},{"taxonomy":"product_tag","embeddable":true,"href":"https:\/\/www.maag-polska.pl\/lt\/wp-json\/wp\/v2\/product_tag?post=26329"}],"curies":[{"name":"wp","href":"https:\/\/api.w.org\/{rel}","templated":true}]}}