{"id":26328,"date":"2025-09-01T08:32:29","date_gmt":"2025-09-01T08:32:29","guid":{"rendered":"https:\/\/www.maag-polska.pl\/obrzeza-meblowe\/d4-7-palermo-light-oak\/"},"modified":"2025-09-01T09:06:15","modified_gmt":"2025-09-01T09:06:15","slug":"d4-7-palermo-light-oak","status":"publish","type":"product","link":"https:\/\/www.maag-polska.pl\/lt\/obrzeza-meblowe\/d4-7-palermo-light-oak\/","title":{"rendered":"Bald\u0173 kra\u0161tai D4\/7 PALERMO LIGHT OAK"},"content":{"rendered":"<div>\n<p>Profesionali PVC kra\u0161t\u0173 juosta D4\/7 D\u0104B PALERMO JASNY u\u017etikrina i\u0161skirtin\u012f atsparum\u0105 kasdieniam nusid\u0117v\u0117jimui ir aplinkos veiksniams. \u0160i gryna PVC medienos apdirbimo med\u017eiaga i\u0161laiko savo strukt\u016brin\u012f vientisum\u0105 net intensyviai naudojant, pasi\u017eymi padidintu atsparumu UV spinduliams, kad i\u0161vengt\u0173 spalvos blukimo ir spalvos pasikeitimo. Tvirta kra\u0161t\u0173 juostos sud\u0117tis atlaiko sm\u016bgius, dr\u0117gm\u0119 ir temperat\u016bros poky\u010dius, kartu u\u017etikrindama ilgalaik\u012f spalvos stabilum\u0105. Jo techniniai parametrai yra optimizuoti bald\u0173 kra\u0161tams, kurie da\u017enai lie\u010diasi ir valomi.<\/p>\n<p>Patirkite supaprastint\u0105 bald\u0173 gamyb\u0105 naudodami \u0161i\u0105 tiksliai suprojektuot\u0105 PVC kra\u0161t\u0173 juost\u0105, kuri skland\u017eiai prilimpa prie lentos pavir\u0161i\u0173. Med\u017eiagos pastovi kokyb\u0117 leid\u017eia greitai apdirbti su minimaliu atliek\u0173 kiekiu, tod\u0117l idealiai tinka tiek automatin\u0117ms linijoms, tiek rankiniam naudojimui. \u0160is bald\u0173 kra\u0161t\u0173 sprendimas pa\u0161alina papildom\u0173 apdailos etap\u0173 poreik\u012f, nes jis yra paruo\u0161tas naudoti i\u0161 karto su standartine kra\u0161t\u0173 apri\u0161imo \u012franga. Tobulas storio vienodumas u\u017etikrina patikim\u0105 sukibim\u0105 ir \u0161varius pj\u016bvius viso montavimo proceso metu.<\/p>\n<\/div>\n","protected":false},"excerpt":{"rendered":"<p>22&#215;0,6; 22&#215;1; 22&#215;2; 28&#215;2*; 32&#215;2*; 35&#215;1*; 42&#215;2<\/p>\n","protected":false},"featured_media":22643,"comment_status":"closed","ping_status":"open","template":"","meta":{"_acf_changed":false},"product_brand":[],"product_cat":[1210],"product_tag":[],"class_list":{"0":"post-26328","1":"product","2":"type-product","3":"status-publish","4":"has-post-thumbnail","6":"product_cat-baldu-krastai","8":"first","9":"instock","10":"product-type-simple"},"acf":[],"_links":{"self":[{"href":"https:\/\/www.maag-polska.pl\/lt\/wp-json\/wp\/v2\/product\/26328","targetHints":{"allow":["GET"]}}],"collection":[{"href":"https:\/\/www.maag-polska.pl\/lt\/wp-json\/wp\/v2\/product"}],"about":[{"href":"https:\/\/www.maag-polska.pl\/lt\/wp-json\/wp\/v2\/types\/product"}],"replies":[{"embeddable":true,"href":"https:\/\/www.maag-polska.pl\/lt\/wp-json\/wp\/v2\/comments?post=26328"}],"wp:featuredmedia":[{"embeddable":true,"href":"https:\/\/www.maag-polska.pl\/lt\/wp-json\/wp\/v2\/media\/22643"}],"wp:attachment":[{"href":"https:\/\/www.maag-polska.pl\/lt\/wp-json\/wp\/v2\/media?parent=26328"}],"wp:term":[{"taxonomy":"product_brand","embeddable":true,"href":"https:\/\/www.maag-polska.pl\/lt\/wp-json\/wp\/v2\/product_brand?post=26328"},{"taxonomy":"product_cat","embeddable":true,"href":"https:\/\/www.maag-polska.pl\/lt\/wp-json\/wp\/v2\/product_cat?post=26328"},{"taxonomy":"product_tag","embeddable":true,"href":"https:\/\/www.maag-polska.pl\/lt\/wp-json\/wp\/v2\/product_tag?post=26328"}],"curies":[{"name":"wp","href":"https:\/\/api.w.org\/{rel}","templated":true}]}}