{"id":26327,"date":"2025-09-01T08:32:29","date_gmt":"2025-09-01T08:32:29","guid":{"rendered":"https:\/\/www.maag-polska.pl\/obrzeza-meblowe\/d4-69-lindberg-oak-pfleiderer\/"},"modified":"2025-09-01T09:06:15","modified_gmt":"2025-09-01T09:06:15","slug":"d4-69-lindberg-oak-pfleiderer","status":"publish","type":"product","link":"https:\/\/www.maag-polska.pl\/lt\/obrzeza-meblowe\/d4-69-lindberg-oak-pfleiderer\/","title":{"rendered":"Bald\u0173 kra\u0161tai D4\/69 LINDBERG OAK PFLEIDERER"},"content":{"rendered":"<div>\n<p>Autenti\u0161k\u0105 Lindberg \u0105\u017euolo \u017eaves\u012f u\u017efiksuojanti \u0161i PVC kra\u0161t\u0173 juosta demonstruoja kruop\u0161\u010diai pagamint\u0105 medienos ra\u0161t\u0105, atspindint\u012f nat\u016bral\u0173 auk\u0161\u010diausios kokyb\u0117s medienos gro\u017e\u012f. Sud\u0117tinga R20021 LN apdaila sukuria gyl\u012f ir matmenis, o kruop\u0161\u010diai sukalibruotas spalv\u0173 derinimas u\u017etikrina skland\u0173 integravim\u0105 su Pfleiderer pavir\u0161iais. Kiekviena medienos ra\u0161to tekst\u016bros detal\u0117 buvo tiksliai perteikta, kad b\u016bt\u0173 sukurta i\u0161skirtinai tikrovi\u0161ka i\u0161vaizda.<\/p>\n<p>Sukurta \u012fvairioms medienos apdirbimo reikm\u0117ms, \u0161i gryno PVC kra\u0161t\u0173 juosta sujungia puik\u0173 atsparum\u0105 UV spinduliams ir i\u0161skirtin\u012f patvarum\u0105. Pa\u017eangi med\u017eiagos sud\u0117tis leid\u017eia atlikti \u0161varius, tikslius pj\u016bvius su minimaliu atliek\u0173 apdorojimu. Puikiai tinka tiek gyvenam\u0173j\u0173, tiek komercini\u0173 bald\u0173 kra\u0161tams, i\u0161laiko pastov\u0173 spalv\u0173 stabilum\u0105 net ir intensyviai naudojant. Kra\u0161t\u0173 juostos techniniai parametrai u\u017etikrina patikim\u0105 sukibim\u0105 ir atsparum\u0105 sm\u016bgiams \u012fvairiuose spinteli\u0173 ir bald\u0173 apdailos projektuose.<\/p>\n<\/div>\n","protected":false},"excerpt":{"rendered":"<p>22&#215;0,6; 22&#215;1; 22&#215;2; 28&#215;2*; 32&#215;2*; 35&#215;1*; 42&#215;2<\/p>\n","protected":false},"featured_media":22642,"comment_status":"closed","ping_status":"open","template":"","meta":{"_acf_changed":false},"product_brand":[],"product_cat":[1210],"product_tag":[],"class_list":{"0":"post-26327","1":"product","2":"type-product","3":"status-publish","4":"has-post-thumbnail","6":"product_cat-baldu-krastai","8":"first","9":"instock","10":"product-type-simple"},"acf":[],"_links":{"self":[{"href":"https:\/\/www.maag-polska.pl\/lt\/wp-json\/wp\/v2\/product\/26327","targetHints":{"allow":["GET"]}}],"collection":[{"href":"https:\/\/www.maag-polska.pl\/lt\/wp-json\/wp\/v2\/product"}],"about":[{"href":"https:\/\/www.maag-polska.pl\/lt\/wp-json\/wp\/v2\/types\/product"}],"replies":[{"embeddable":true,"href":"https:\/\/www.maag-polska.pl\/lt\/wp-json\/wp\/v2\/comments?post=26327"}],"wp:featuredmedia":[{"embeddable":true,"href":"https:\/\/www.maag-polska.pl\/lt\/wp-json\/wp\/v2\/media\/22642"}],"wp:attachment":[{"href":"https:\/\/www.maag-polska.pl\/lt\/wp-json\/wp\/v2\/media?parent=26327"}],"wp:term":[{"taxonomy":"product_brand","embeddable":true,"href":"https:\/\/www.maag-polska.pl\/lt\/wp-json\/wp\/v2\/product_brand?post=26327"},{"taxonomy":"product_cat","embeddable":true,"href":"https:\/\/www.maag-polska.pl\/lt\/wp-json\/wp\/v2\/product_cat?post=26327"},{"taxonomy":"product_tag","embeddable":true,"href":"https:\/\/www.maag-polska.pl\/lt\/wp-json\/wp\/v2\/product_tag?post=26327"}],"curies":[{"name":"wp","href":"https:\/\/api.w.org\/{rel}","templated":true}]}}