{"id":26326,"date":"2025-09-01T08:32:29","date_gmt":"2025-09-01T08:32:29","guid":{"rendered":"https:\/\/www.maag-polska.pl\/obrzeza-meblowe\/d4-68n-wotan-oak-new\/"},"modified":"2025-09-01T09:06:14","modified_gmt":"2025-09-01T09:06:14","slug":"d4-68n-wotan-oak-new","status":"publish","type":"product","link":"https:\/\/www.maag-polska.pl\/lt\/obrzeza-meblowe\/d4-68n-wotan-oak-new\/","title":{"rendered":"Bald\u0173 kra\u0161tai D4\/68N WOTAN OAK NEW"},"content":{"rendered":"<div>\n<p>Auk\u0161tos kokyb\u0117s PVC kra\u0161t\u0173 juosta i\u0161 D4\/68N D\u0104B WOTAN NOWY u\u017etikrina i\u0161skirtinius techninius parametrus d\u0117l pa\u017eangios polimer\u0173 sud\u0117ties. \u0160i gryna PVC formul\u0117 pasiekia 98,7 % spalv\u0173 suderinamum\u0105 su populiariais dekorais, tokiais kaip Kronospan 5402 PS ir Pfleiderer R20063 LN. Laboratori\u0161kai patikrintas atsparumas UV spinduliams normaliomis s\u0105lygomis i\u0161laiko spalvos stabilum\u0105 5+ metus, o specializuota pavir\u0161iaus strukt\u016bra u\u017etikrina optimal\u0173 sukibim\u0105 esant 180-200\u00b0C apdirbimo temperat\u016brai. 3D medienos apdirbimo med\u017eiag\u0173 technologija tiksliai atkartoja \u0105\u017euolo gr\u016bdeli\u0173 ra\u0161tus, kuri\u0173 gylio svyravimas yra 0,15\u20130,20 mm.<\/p>\n<p>Supaprastinti gamybos procesai u\u017etikrina i\u0161matuojam\u0105 bald\u0173 gamintoj\u0173 ekonomi\u0161kum\u0105. \u0160is kra\u0161t\u0173 juostos variantas suma\u017eina med\u017eiagos \u0161vaistym\u0105 iki 18%, palyginti su standartin\u0117mis galimyb\u0117mis, o d\u0117l optimizuot\u0173 apdorojimo savybi\u0173 taikymo laikas sutrump\u0117ja ma\u017edaug 25%. Suderinamas su automatizuotomis pagrindini\u0173 preki\u0173 \u017eenkl\u0173 kra\u0161t\u0173 juost\u0173 sistemomis, jis i\u0161laiko pastovi\u0105 kokyb\u0119 iki 25 m\/min grei\u010diu. Padid\u0117j\u0119s patvarumas prailgina bald\u0173 gyvavimo cikl\u0105, tod\u0117l jis ypa\u010d naudingas komercin\u0117ms reikm\u0117ms, kur da\u017enas keitimas paveikt\u0173 ma\u017eiausias i\u0161laidas.<\/p>\n<\/div>\n","protected":false},"excerpt":{"rendered":"<p>22&#215;0,6; 22&#215;0,8; 22&#215;1; 22&#215;2; 35&#215;1*; 42&#215;0,8; 42&#215;2<\/p>\n","protected":false},"featured_media":22641,"comment_status":"closed","ping_status":"open","template":"","meta":{"_acf_changed":false},"product_brand":[],"product_cat":[1210],"product_tag":[],"class_list":{"0":"post-26326","1":"product","2":"type-product","3":"status-publish","4":"has-post-thumbnail","6":"product_cat-baldu-krastai","8":"first","9":"instock","10":"product-type-simple"},"acf":[],"_links":{"self":[{"href":"https:\/\/www.maag-polska.pl\/lt\/wp-json\/wp\/v2\/product\/26326","targetHints":{"allow":["GET"]}}],"collection":[{"href":"https:\/\/www.maag-polska.pl\/lt\/wp-json\/wp\/v2\/product"}],"about":[{"href":"https:\/\/www.maag-polska.pl\/lt\/wp-json\/wp\/v2\/types\/product"}],"replies":[{"embeddable":true,"href":"https:\/\/www.maag-polska.pl\/lt\/wp-json\/wp\/v2\/comments?post=26326"}],"wp:featuredmedia":[{"embeddable":true,"href":"https:\/\/www.maag-polska.pl\/lt\/wp-json\/wp\/v2\/media\/22641"}],"wp:attachment":[{"href":"https:\/\/www.maag-polska.pl\/lt\/wp-json\/wp\/v2\/media?parent=26326"}],"wp:term":[{"taxonomy":"product_brand","embeddable":true,"href":"https:\/\/www.maag-polska.pl\/lt\/wp-json\/wp\/v2\/product_brand?post=26326"},{"taxonomy":"product_cat","embeddable":true,"href":"https:\/\/www.maag-polska.pl\/lt\/wp-json\/wp\/v2\/product_cat?post=26326"},{"taxonomy":"product_tag","embeddable":true,"href":"https:\/\/www.maag-polska.pl\/lt\/wp-json\/wp\/v2\/product_tag?post=26326"}],"curies":[{"name":"wp","href":"https:\/\/api.w.org\/{rel}","templated":true}]}}