{"id":26323,"date":"2025-09-01T08:32:29","date_gmt":"2025-09-01T08:32:29","guid":{"rendered":"https:\/\/www.maag-polska.pl\/obrzeza-meblowe\/d4-63-light-sonoma-oak\/"},"modified":"2025-09-01T09:06:12","modified_gmt":"2025-09-01T09:06:12","slug":"d4-63-light-sonoma-oak","status":"publish","type":"product","link":"https:\/\/www.maag-polska.pl\/lt\/obrzeza-meblowe\/d4-63-light-sonoma-oak\/","title":{"rendered":"Bald\u0173 kra\u0161tai D4\/63 LIGHT SONOMA OAK"},"content":{"rendered":"<div>\n<p>Kra\u0161t\u0173 juostel\u0117 D4\/63 D\u0104B SONOMA JASNY u\u017efiksuoja autenti\u0161k\u0105 lengvo Sonoma \u0105\u017euolo \u0161ilum\u0105, pasi\u017eyminti subtiliais ra\u0161tais, atspindin\u010diais nat\u016brali\u0105 med\u017eio tekst\u016br\u0105. \u0160i PVC kra\u0161t\u0173 juosta demonstruoja kruop\u0161\u010diai sukalibruot\u0105 neutral\u0173 ton\u0105, kuris suteikia bald\u0173 kra\u0161tams rafinuotumo ir i\u0161laiko spalv\u0173 nuoseklum\u0105 skirtingomis ap\u0161vietimo s\u0105lygomis. Didelis 63 mm plotis u\u017etikrina puik\u0173 apr\u0117pt\u012f ir vizualin\u012f balans\u0105.<\/p>\n<p>Pagaminta i\u0161 gryno PVC, \u0161i med\u017eio apdirbimo med\u017eiaga puikiai tinka tiek gyvenamosioms, tiek komercin\u0117ms reikm\u0117ms. UV spinduliams atspari briaun\u0173 juosta neleid\u017eia pageltimui ir i\u0161laiko spalvos stabilum\u0105 net saul\u0117s veikiamose vietose. Tikslus jo storis u\u017etikrina skland\u0173 apdorojim\u0105 ir minimal\u0173 atliek\u0173 kiek\u012f, o patvari konstrukcija atlaiko kasdien\u012f d\u0117v\u0117jim\u0105si ir poveik\u012f. Puikiai tinka apvaduoti spinteles, lentynas ir biuro baldus, kur pageidaujama \u0161viesios Sonoma \u0105\u017euolo estetikos.<\/p>\n<\/div>\n","protected":false},"excerpt":{"rendered":"<p>22&#215;0,6; 22&#215;08; 22&#215;1; 22&#215;2; 32&#215;2*; 35&#215;1*; 42&#215;0,8; 42&#215;2<\/p>\n","protected":false},"featured_media":22638,"comment_status":"closed","ping_status":"open","template":"","meta":{"_acf_changed":false},"product_brand":[],"product_cat":[1210],"product_tag":[],"class_list":{"0":"post-26323","1":"product","2":"type-product","3":"status-publish","4":"has-post-thumbnail","6":"product_cat-baldu-krastai","8":"first","9":"instock","10":"product-type-simple"},"acf":[],"_links":{"self":[{"href":"https:\/\/www.maag-polska.pl\/lt\/wp-json\/wp\/v2\/product\/26323","targetHints":{"allow":["GET"]}}],"collection":[{"href":"https:\/\/www.maag-polska.pl\/lt\/wp-json\/wp\/v2\/product"}],"about":[{"href":"https:\/\/www.maag-polska.pl\/lt\/wp-json\/wp\/v2\/types\/product"}],"replies":[{"embeddable":true,"href":"https:\/\/www.maag-polska.pl\/lt\/wp-json\/wp\/v2\/comments?post=26323"}],"wp:featuredmedia":[{"embeddable":true,"href":"https:\/\/www.maag-polska.pl\/lt\/wp-json\/wp\/v2\/media\/22638"}],"wp:attachment":[{"href":"https:\/\/www.maag-polska.pl\/lt\/wp-json\/wp\/v2\/media?parent=26323"}],"wp:term":[{"taxonomy":"product_brand","embeddable":true,"href":"https:\/\/www.maag-polska.pl\/lt\/wp-json\/wp\/v2\/product_brand?post=26323"},{"taxonomy":"product_cat","embeddable":true,"href":"https:\/\/www.maag-polska.pl\/lt\/wp-json\/wp\/v2\/product_cat?post=26323"},{"taxonomy":"product_tag","embeddable":true,"href":"https:\/\/www.maag-polska.pl\/lt\/wp-json\/wp\/v2\/product_tag?post=26323"}],"curies":[{"name":"wp","href":"https:\/\/api.w.org\/{rel}","templated":true}]}}