{"id":26322,"date":"2025-09-01T08:32:29","date_gmt":"2025-09-01T08:32:29","guid":{"rendered":"https:\/\/www.maag-polska.pl\/obrzeza-meblowe\/d4-62-fossil-evoke-oak\/"},"modified":"2025-09-01T09:06:12","modified_gmt":"2025-09-01T09:06:12","slug":"d4-62-fossil-evoke-oak","status":"publish","type":"product","link":"https:\/\/www.maag-polska.pl\/lt\/obrzeza-meblowe\/d4-62-fossil-evoke-oak\/","title":{"rendered":"Bald\u0173 kra\u0161tai D4\/62 FOSSIL EVOKE OAK"},"content":{"rendered":"<div>\n<p>Didelio na\u0161umo D4\/62 D\u0104B EVOKE KAMIENNY PVC kra\u0161t\u0173 juosta u\u017etikrina puikius techninius parametrus, kuri\u0173 storio nuokrypis yra \u00b10,02 mm. Gryna PVC sud\u0117tis u\u017etikrina tikslias apdirbimo charakteristikas, i\u0161laikant strukt\u016brin\u012f vientisum\u0105 esant apdirbimo grei\u010diui iki 25 m\/min. Patobulinta UV stabilizuojan\u010diais junginiais, \u0161i kra\u0161t\u0173 juosta i\u0161laiko spalvos nuoseklum\u0105 net esant intensyviai \u0161viesai. Specializuotas pavir\u0161iaus apdorojimas pasiekia 4-6 vienet\u0173 blizges\u012f, sukuriant autenti\u0161k\u0105 akmeninio \u0105\u017euolo i\u0161vaizd\u0105 su i\u0161matuojamu gyliu.<\/p>\n<p>Optimizuokite savo bald\u0173 gamybos s\u0105naudas naudodami D4\/62 D\u0104B EVOKE KAMIENNY briaun\u0173 juost\u0105, sukurt\u0105 taip, kad atliek\u0173 kiekis b\u016bt\u0173 minimalus ir did\u017eiausias derlius. Pa\u017eangi formul\u0117 suma\u017eina med\u017eiagos s\u0105naudas iki 15%, palyginti su standartin\u0117mis alternatyvomis, o tikslus matmen\u0173 stabilumas suma\u017eina prisitaikymo laik\u0105 dengimo metu. Puikiai tinka didel\u0117s apimties spinteli\u0173 gamybai, \u0161i medienos apdirbimo med\u017eiaga i\u0161laiko pastovi\u0105 kokyb\u0119 dideliais gamybos kiekiais, suma\u017eindama atmetimo rodiklius ir med\u017eiag\u0173 atliekas. Patobulintos sukibimo savyb\u0117s u\u017etikrina ilgalaik\u012f sukibim\u0105 ir suma\u017eina prie\u017ei\u016bros po montavimo reikalavimus.<\/p>\n<\/div>\n","protected":false},"excerpt":{"rendered":"<p>22&#215;0,6; 22&#215;1; 22&#215;2; 28&#215;2*; 32&#215;2*; 35&#215;1*; 42&#215;2<\/p>\n","protected":false},"featured_media":22637,"comment_status":"closed","ping_status":"open","template":"","meta":{"_acf_changed":false},"product_brand":[],"product_cat":[1210],"product_tag":[],"class_list":{"0":"post-26322","1":"product","2":"type-product","3":"status-publish","4":"has-post-thumbnail","6":"product_cat-baldu-krastai","8":"first","9":"instock","10":"product-type-simple"},"acf":[],"_links":{"self":[{"href":"https:\/\/www.maag-polska.pl\/lt\/wp-json\/wp\/v2\/product\/26322","targetHints":{"allow":["GET"]}}],"collection":[{"href":"https:\/\/www.maag-polska.pl\/lt\/wp-json\/wp\/v2\/product"}],"about":[{"href":"https:\/\/www.maag-polska.pl\/lt\/wp-json\/wp\/v2\/types\/product"}],"replies":[{"embeddable":true,"href":"https:\/\/www.maag-polska.pl\/lt\/wp-json\/wp\/v2\/comments?post=26322"}],"wp:featuredmedia":[{"embeddable":true,"href":"https:\/\/www.maag-polska.pl\/lt\/wp-json\/wp\/v2\/media\/22637"}],"wp:attachment":[{"href":"https:\/\/www.maag-polska.pl\/lt\/wp-json\/wp\/v2\/media?parent=26322"}],"wp:term":[{"taxonomy":"product_brand","embeddable":true,"href":"https:\/\/www.maag-polska.pl\/lt\/wp-json\/wp\/v2\/product_brand?post=26322"},{"taxonomy":"product_cat","embeddable":true,"href":"https:\/\/www.maag-polska.pl\/lt\/wp-json\/wp\/v2\/product_cat?post=26322"},{"taxonomy":"product_tag","embeddable":true,"href":"https:\/\/www.maag-polska.pl\/lt\/wp-json\/wp\/v2\/product_tag?post=26322"}],"curies":[{"name":"wp","href":"https:\/\/api.w.org\/{rel}","templated":true}]}}