{"id":26321,"date":"2025-09-01T08:32:29","date_gmt":"2025-09-01T08:32:29","guid":{"rendered":"https:\/\/www.maag-polska.pl\/obrzeza-meblowe\/d4-61-coast-evoke-oak\/"},"modified":"2025-09-01T09:06:11","modified_gmt":"2025-09-01T09:06:11","slug":"d4-61-coast-evoke-oak","status":"publish","type":"product","link":"https:\/\/www.maag-polska.pl\/lt\/obrzeza-meblowe\/d4-61-coast-evoke-oak\/","title":{"rendered":"Bald\u0173 kra\u0161tai D4\/61 COAST EVOKE OAK"},"content":{"rendered":"<div>\n<p>Profesionali D4\/61 D\u0104B EVOKE PRZYBRZE\u017bNY PVC kra\u0161t\u0173 juosta u\u017etikrina i\u0161skirtines technines charakteristikas \u2013 2 mm storis ir UV atspari gryno PVC sud\u0117tis. \u0160i med\u017eio apdirbimo med\u017eiaga i\u0161laiko matmen\u0173 stabilum\u0105 esant \u012fvairioms temperat\u016broms ir pasi\u017eymi tiksliai sukalibruota pavir\u0161iaus strukt\u016bra. Speciali briaun\u0173 juostos formul\u0117 u\u017etikrina spalvos i\u0161likim\u0105 ir apsaugo nuo pageltimo, o atsparios sm\u016bgiams savyb\u0117s u\u017etikrina ilgalaik\u012f patvarum\u0105 kasdieniniam naudojimui. Pa\u017eang\u016bs gamybos procesai u\u017etikrina minimal\u0173 storio svyravim\u0105 (\u00b1 0,02 mm) ir puikias sukibimo charakteristikas.<\/p>\n<p>\u0160i PVC briaun\u0173 juostel\u0117, ypa\u010d pritaikyta didelio srauto komerciniams baldams, puikiai tinka biuro bald\u0173 gamyboje, ma\u017emenin\u0117s prekybos vitrinose ir institucin\u0117je spintel\u0117je. D\u0117l pakrant\u0117s \u0105\u017euolo estetikos jis idealiai tinka \u0161iuolaikiniam darbo vietos dizainui, svetingumo baldams ir individualiems mal\u016bn\u0173 projektams. Profesional\u016bs medienos apdirb\u0117jai vertina jo \u0161varaus pjovimo savybes ir minimal\u0173 atliek\u0173 kiek\u012f apdirbant. Med\u017eiagos ilgaam\u017ei\u0161kumas ir atsparumas dr\u0117gmei yra ypa\u010d vertingas virtuv\u0117s ir vonios spinteli\u0173 gamyboje, kur \u012fprastas dr\u0117gm\u0117s ir valymo priemoni\u0173 poveikis.<\/p>\n<\/div>\n","protected":false},"excerpt":{"rendered":"<p>22&#215;0,6; 22&#215;1; 22&#215;2; 28&#215;2*; 32&#215;2*; 35&#215;1*; 42&#215;2<\/p>\n","protected":false},"featured_media":22636,"comment_status":"closed","ping_status":"open","template":"","meta":{"_acf_changed":false},"product_brand":[],"product_cat":[1210],"product_tag":[],"class_list":{"0":"post-26321","1":"product","2":"type-product","3":"status-publish","4":"has-post-thumbnail","6":"product_cat-baldu-krastai","8":"first","9":"instock","10":"product-type-simple"},"acf":[],"_links":{"self":[{"href":"https:\/\/www.maag-polska.pl\/lt\/wp-json\/wp\/v2\/product\/26321","targetHints":{"allow":["GET"]}}],"collection":[{"href":"https:\/\/www.maag-polska.pl\/lt\/wp-json\/wp\/v2\/product"}],"about":[{"href":"https:\/\/www.maag-polska.pl\/lt\/wp-json\/wp\/v2\/types\/product"}],"replies":[{"embeddable":true,"href":"https:\/\/www.maag-polska.pl\/lt\/wp-json\/wp\/v2\/comments?post=26321"}],"wp:featuredmedia":[{"embeddable":true,"href":"https:\/\/www.maag-polska.pl\/lt\/wp-json\/wp\/v2\/media\/22636"}],"wp:attachment":[{"href":"https:\/\/www.maag-polska.pl\/lt\/wp-json\/wp\/v2\/media?parent=26321"}],"wp:term":[{"taxonomy":"product_brand","embeddable":true,"href":"https:\/\/www.maag-polska.pl\/lt\/wp-json\/wp\/v2\/product_brand?post=26321"},{"taxonomy":"product_cat","embeddable":true,"href":"https:\/\/www.maag-polska.pl\/lt\/wp-json\/wp\/v2\/product_cat?post=26321"},{"taxonomy":"product_tag","embeddable":true,"href":"https:\/\/www.maag-polska.pl\/lt\/wp-json\/wp\/v2\/product_tag?post=26321"}],"curies":[{"name":"wp","href":"https:\/\/api.w.org\/{rel}","templated":true}]}}