{"id":26320,"date":"2025-09-01T08:32:29","date_gmt":"2025-09-01T08:32:29","guid":{"rendered":"https:\/\/www.maag-polska.pl\/obrzeza-meblowe\/d4-60-sand-grange-oak\/"},"modified":"2025-09-01T09:06:10","modified_gmt":"2025-09-01T09:06:10","slug":"d4-60-sand-grange-oak","status":"publish","type":"product","link":"https:\/\/www.maag-polska.pl\/lt\/obrzeza-meblowe\/d4-60-sand-grange-oak\/","title":{"rendered":"Bald\u0173 kra\u0161tai D4\/60 SAND GRANGE OAK"},"content":{"rendered":"<div>\n<p>Profesionali PVC kra\u0161t\u0173 juosta D4\/60 D\u0104B GRANGE PIASKOWY u\u017etikrina i\u0161skirtin\u012f atsparum\u0105 kasdieniam nusid\u0117v\u0117jimui. \u0160i med\u017eio apdirbimo med\u017eiaga i\u0161laiko savo nepriekai\u0161ting\u0105 i\u0161vaizd\u0105 net ir intensyviai naudojant, nes ji turi patobulint\u0105 UV apsaug\u0105, kuri neleid\u017eia spalvoms i\u0161blukti ir nepakeisti. Gryna PVC sud\u0117tis u\u017etikrina puik\u0173 atsparum\u0105 sm\u016bgiams, tod\u0117l idealiai tinka intensyvaus eismo baldams. Puikiai atitinkanti Kronospan K356 PW apdail\u0105, \u0161i kra\u0161t\u0173 juosta i\u0161laiko strukt\u016brin\u012f vientisum\u0105 ir spalvos stabilum\u0105 ilgus naudojimo metus.<\/p>\n<p>Veiksmingai transformuokite savo bald\u0173 projektus naudodami \u0161i\u0105 paruo\u0161t\u0105 kra\u0161t\u0173 juost\u0105, kuri \u017eymiai suma\u017eina montavimo laik\u0105. Optimizuotos sukibimo savyb\u0117s u\u017etikrina vientis\u0105 sukibim\u0105 ir suma\u017eina med\u017eiagos \u0161vaistym\u0105 dengiant. \u0160is bald\u0173 briaun\u0173 sprendimas puikiai tinka tiek rankiniam, tiek automatiniam apdirbimui, tod\u0117l be speciali\u0173 \u012franki\u0173 galima atlikti \u0161varius pj\u016bvius ir skland\u017ei\u0105 apdail\u0105. Tikslus spalv\u0173 derinys su D\u0104B GRANGE PIASKOWY pa\u0161alina poreik\u012f taisyti, tod\u0117l galite grei\u010diau u\u017ebaigti projektus, neprarandant kokyb\u0117s.<\/p>\n<\/div>\n","protected":false},"excerpt":{"rendered":"<p>22&#215;0,6; 22&#215;0,8; 22&#215;1; 22&#215;2; 28&#215;2*; 32&#215;2*; 35&#215;1*; 42&#215;2<\/p>\n","protected":false},"featured_media":22635,"comment_status":"closed","ping_status":"open","template":"","meta":{"_acf_changed":false},"product_brand":[],"product_cat":[1210],"product_tag":[],"class_list":{"0":"post-26320","1":"product","2":"type-product","3":"status-publish","4":"has-post-thumbnail","6":"product_cat-baldu-krastai","8":"first","9":"instock","10":"product-type-simple"},"acf":[],"_links":{"self":[{"href":"https:\/\/www.maag-polska.pl\/lt\/wp-json\/wp\/v2\/product\/26320","targetHints":{"allow":["GET"]}}],"collection":[{"href":"https:\/\/www.maag-polska.pl\/lt\/wp-json\/wp\/v2\/product"}],"about":[{"href":"https:\/\/www.maag-polska.pl\/lt\/wp-json\/wp\/v2\/types\/product"}],"replies":[{"embeddable":true,"href":"https:\/\/www.maag-polska.pl\/lt\/wp-json\/wp\/v2\/comments?post=26320"}],"wp:featuredmedia":[{"embeddable":true,"href":"https:\/\/www.maag-polska.pl\/lt\/wp-json\/wp\/v2\/media\/22635"}],"wp:attachment":[{"href":"https:\/\/www.maag-polska.pl\/lt\/wp-json\/wp\/v2\/media?parent=26320"}],"wp:term":[{"taxonomy":"product_brand","embeddable":true,"href":"https:\/\/www.maag-polska.pl\/lt\/wp-json\/wp\/v2\/product_brand?post=26320"},{"taxonomy":"product_cat","embeddable":true,"href":"https:\/\/www.maag-polska.pl\/lt\/wp-json\/wp\/v2\/product_cat?post=26320"},{"taxonomy":"product_tag","embeddable":true,"href":"https:\/\/www.maag-polska.pl\/lt\/wp-json\/wp\/v2\/product_tag?post=26320"}],"curies":[{"name":"wp","href":"https:\/\/api.w.org\/{rel}","templated":true}]}}