{"id":26319,"date":"2025-09-01T08:32:29","date_gmt":"2025-09-01T08:32:29","guid":{"rendered":"https:\/\/www.maag-polska.pl\/obrzeza-meblowe\/d4-6-milk-oak\/"},"modified":"2025-09-01T09:06:09","modified_gmt":"2025-09-01T09:06:09","slug":"d4-6-milk-oak","status":"publish","type":"product","link":"https:\/\/www.maag-polska.pl\/lt\/obrzeza-meblowe\/d4-6-milk-oak\/","title":{"rendered":"Bald\u0173 kra\u0161tai D4\/6 MILK OAK"},"content":{"rendered":"<div>\n<p>Pieninio \u0105\u017euolo PVC kra\u0161t\u0173 juostos u\u017efiksuoja \u0161iltus, kreminius nat\u016bralaus med\u017eio atspalvius ir si\u016blo rafinuot\u0105 apdail\u0105, kuri skland\u017eiai dera su \u0161iuolaikini\u0173 bald\u0173 dizainu. Kruop\u0161\u010diai sukalibruota spalv\u0173 palet\u0117 sukuria \u0161velni\u0105, patraukli\u0105 i\u0161vaizd\u0105, i\u0161laikant profesionalaus lygio spalv\u0173 stabilum\u0105 per vis\u0105 gaminio naudojimo laik\u0105.<\/p>\n<p>\u0160i universali briaun\u0173 juosta puikiai tinka tiek gyvenamuosiuose, tiek komerciniuose medienos apdirbimo projektuose, nes pasi\u017eymi gryna PVC sud\u0117timi, u\u017etikrinan\u010dia nuoseklius apdorojimo rezultatus. D\u0117l UV spinduliams atspari\u0173 med\u017eiag\u0173 savybi\u0173 ir sm\u016bgiams atsparios strukt\u016bros ji ypa\u010d tinka virtuv\u0117s spintel\u0117ms, biuro baldams ir didel\u0117ms ma\u017emenin\u0117s prekybos instalijoms, kur patvarumas atitinka dizaino reikalavimus.<\/p>\n<\/div>\n","protected":false},"excerpt":{"rendered":"<p>22&#215;0,6; 22&#215;1; 22&#215;2; 28&#215;0,6*; 28&#215;2*; 32&#215;2*; 35&#215;1*; 42&#215;2<\/p>\n","protected":false},"featured_media":22634,"comment_status":"closed","ping_status":"open","template":"","meta":{"_acf_changed":false},"product_brand":[],"product_cat":[1210],"product_tag":[],"class_list":{"0":"post-26319","1":"product","2":"type-product","3":"status-publish","4":"has-post-thumbnail","6":"product_cat-baldu-krastai","8":"first","9":"instock","10":"product-type-simple"},"acf":[],"_links":{"self":[{"href":"https:\/\/www.maag-polska.pl\/lt\/wp-json\/wp\/v2\/product\/26319","targetHints":{"allow":["GET"]}}],"collection":[{"href":"https:\/\/www.maag-polska.pl\/lt\/wp-json\/wp\/v2\/product"}],"about":[{"href":"https:\/\/www.maag-polska.pl\/lt\/wp-json\/wp\/v2\/types\/product"}],"replies":[{"embeddable":true,"href":"https:\/\/www.maag-polska.pl\/lt\/wp-json\/wp\/v2\/comments?post=26319"}],"wp:featuredmedia":[{"embeddable":true,"href":"https:\/\/www.maag-polska.pl\/lt\/wp-json\/wp\/v2\/media\/22634"}],"wp:attachment":[{"href":"https:\/\/www.maag-polska.pl\/lt\/wp-json\/wp\/v2\/media?parent=26319"}],"wp:term":[{"taxonomy":"product_brand","embeddable":true,"href":"https:\/\/www.maag-polska.pl\/lt\/wp-json\/wp\/v2\/product_brand?post=26319"},{"taxonomy":"product_cat","embeddable":true,"href":"https:\/\/www.maag-polska.pl\/lt\/wp-json\/wp\/v2\/product_cat?post=26319"},{"taxonomy":"product_tag","embeddable":true,"href":"https:\/\/www.maag-polska.pl\/lt\/wp-json\/wp\/v2\/product_tag?post=26319"}],"curies":[{"name":"wp","href":"https:\/\/api.w.org\/{rel}","templated":true}]}}