{"id":26317,"date":"2025-09-01T08:32:10","date_gmt":"2025-09-01T08:32:10","guid":{"rendered":"https:\/\/www.maag-polska.pl\/obrzeza-meblowe\/d4-58-colonial-grange-oak\/"},"modified":"2025-09-01T09:06:03","modified_gmt":"2025-09-01T09:06:03","slug":"d4-58-colonial-grange-oak","status":"publish","type":"product","link":"https:\/\/www.maag-polska.pl\/lt\/obrzeza-meblowe\/d4-58-colonial-grange-oak\/","title":{"rendered":"Bald\u0173 kra\u0161tai D4\/58 COLONIAL GRANGE OAK"},"content":{"rendered":"<div>\n<p>Profesionali PVC kra\u0161t\u0173 juosta su D4\/58 D\u0104B GRANGE KOLONIALNY apdaila u\u017etikrina i\u0161skirtin\u012f matmen\u0173 stabilum\u0105 su \u00b10,10 mm storio tolerancija. Gryna PVC sud\u0117tis u\u017etikrina tiksl\u0173 spalv\u0173 derinim\u0105 su Kronospan K354 PW pavir\u0161iais, i\u0161laikant 99,8% atsparum\u0105 UV spinduliams. \u0160i medienos apdirbimo med\u017eiaga pasi\u017eymi specializuota pavir\u0161iaus strukt\u016bra, kurios atsparumas sm\u016bgiams yra 92 %, ir i\u0161laiko spalvos nuoseklum\u0105 per 720 valand\u0173 pagreitinto sen\u0117jimo bandymus.<\/p>\n<p>Puikiai tinka didelio srauto komerciniams baldams, ypa\u010d kolonijinio stiliaus biuro aplinkoje ir svetingumo aplinkoje. I\u0161skirtinis D\u0105b Grange tonas sukuria autenti\u0161kus med\u012f primenan\u010dius per\u0117jimus ant spinteli\u0173 kra\u0161t\u0173, lentyn\u0173 ir modulini\u0173 bald\u0173 sistem\u0173. Rekomenduojama projektams, kuriems reikalingas ilgesnis patvarumas tiesioginiuose saul\u0117s spinduliuose, pvz., prie lango esantiems biuro baldams ir ma\u017emenin\u0117s prekybos vitrinoms. Med\u017eiagos techniniai parametrai idealiai tinka CNC apdorojimui ir automatizuotoms briaun\u0173 apri\u0161imo sistemoms.<\/p>\n<\/div>\n","protected":false},"excerpt":{"rendered":"<p>22&#215;0,6; 22&#215;1; 22&#215;2; 28&#215;2*; 32&#215;2*; 35&#215;1*; 42&#215;2<\/p>\n","protected":false},"featured_media":22632,"comment_status":"closed","ping_status":"open","template":"","meta":{"_acf_changed":false},"product_brand":[],"product_cat":[1210],"product_tag":[],"class_list":{"0":"post-26317","1":"product","2":"type-product","3":"status-publish","4":"has-post-thumbnail","6":"product_cat-baldu-krastai","8":"first","9":"instock","10":"product-type-simple"},"acf":[],"_links":{"self":[{"href":"https:\/\/www.maag-polska.pl\/lt\/wp-json\/wp\/v2\/product\/26317","targetHints":{"allow":["GET"]}}],"collection":[{"href":"https:\/\/www.maag-polska.pl\/lt\/wp-json\/wp\/v2\/product"}],"about":[{"href":"https:\/\/www.maag-polska.pl\/lt\/wp-json\/wp\/v2\/types\/product"}],"replies":[{"embeddable":true,"href":"https:\/\/www.maag-polska.pl\/lt\/wp-json\/wp\/v2\/comments?post=26317"}],"wp:featuredmedia":[{"embeddable":true,"href":"https:\/\/www.maag-polska.pl\/lt\/wp-json\/wp\/v2\/media\/22632"}],"wp:attachment":[{"href":"https:\/\/www.maag-polska.pl\/lt\/wp-json\/wp\/v2\/media?parent=26317"}],"wp:term":[{"taxonomy":"product_brand","embeddable":true,"href":"https:\/\/www.maag-polska.pl\/lt\/wp-json\/wp\/v2\/product_brand?post=26317"},{"taxonomy":"product_cat","embeddable":true,"href":"https:\/\/www.maag-polska.pl\/lt\/wp-json\/wp\/v2\/product_cat?post=26317"},{"taxonomy":"product_tag","embeddable":true,"href":"https:\/\/www.maag-polska.pl\/lt\/wp-json\/wp\/v2\/product_tag?post=26317"}],"curies":[{"name":"wp","href":"https:\/\/api.w.org\/{rel}","templated":true}]}}