{"id":26314,"date":"2025-09-01T08:32:10","date_gmt":"2025-09-01T08:32:10","guid":{"rendered":"https:\/\/www.maag-polska.pl\/obrzeza-meblowe\/d4-55-vintage-harbor-oak\/"},"modified":"2025-09-01T09:06:01","modified_gmt":"2025-09-01T09:06:01","slug":"d4-55-vintage-harbor-oak","status":"publish","type":"product","link":"https:\/\/www.maag-polska.pl\/lt\/obrzeza-meblowe\/d4-55-vintage-harbor-oak\/","title":{"rendered":"Bald\u0173 kra\u0161tai D4\/55 VINTAGE HARBOR OAK"},"content":{"rendered":"<div>\n<p>Laboratorijoje patikrinta PVC kra\u0161t\u0173 juosta i\u0161 D4\/55 D\u0104B HARBOUR VINTAGE u\u017etikrina i\u0161skirtin\u012f atsparum\u0105 UV spinduliams su specializuota polimero sud\u0117timi. \u0160ios grynos PVC formul\u0117s spalvos stabilumo indeksas yra 8,5\/10, i\u0161laikant autenti\u0161k\u0105 \u0105\u017euolo i\u0161vaizd\u0105 esant intensyviai \u0161viesai. Tiksliai suprojektuotas 55 mm plotis ir standartizuotas 2 mm storis u\u017etikrina optimali\u0105 apr\u0117pt\u012f ir suma\u017eina med\u017eiag\u0173 \u0161vaistym\u0105 apdirbant medien\u0105.<\/p>\n<p>Supaprastinkite savo bald\u0173 gamyb\u0105 naudodami \u0161\u012f ekonomi\u0161k\u0105 kra\u0161t\u0173 klijavimo sprendim\u0105, kuris sutrumpina apdorojimo laik\u0105 iki 25%. D4\/55 serija suderina patvarum\u0105 ir efektyv\u0173 med\u017eiag\u0173 naudojim\u0105, tod\u0117l bald\u0173 gamintojai gali suma\u017einti atliek\u0173 kiek\u012f ir pasiekti auk\u0161\u010diausios kokyb\u0117s kra\u0161t\u0173 apdail\u0105. D\u0117l pa\u017eangi\u0173 sukibimo savybi\u0173 ir atsparumo sm\u016bgiams suma\u017e\u0117ja pakeitim\u0173 skai\u010dius ir padid\u0117ja klient\u0173 pasitenkinimas, tod\u0117l tai yra ekonomi\u0161kai pagr\u012fstas pasirinkimas didelio masto spinteli\u0173 ir bald\u0173 projektams.<\/p>\n<\/div>\n","protected":false},"excerpt":{"rendered":"<p>22&#215;0,6; 22&#215;1; 22&#215;2; 28&#215;2*; 32&#215;2*; 35&#215;1*; 42&#215;2<\/p>\n","protected":false},"featured_media":22629,"comment_status":"closed","ping_status":"open","template":"","meta":{"_acf_changed":false},"product_brand":[],"product_cat":[1210],"product_tag":[],"class_list":{"0":"post-26314","1":"product","2":"type-product","3":"status-publish","4":"has-post-thumbnail","6":"product_cat-baldu-krastai","8":"first","9":"instock","10":"product-type-simple"},"acf":[],"_links":{"self":[{"href":"https:\/\/www.maag-polska.pl\/lt\/wp-json\/wp\/v2\/product\/26314","targetHints":{"allow":["GET"]}}],"collection":[{"href":"https:\/\/www.maag-polska.pl\/lt\/wp-json\/wp\/v2\/product"}],"about":[{"href":"https:\/\/www.maag-polska.pl\/lt\/wp-json\/wp\/v2\/types\/product"}],"replies":[{"embeddable":true,"href":"https:\/\/www.maag-polska.pl\/lt\/wp-json\/wp\/v2\/comments?post=26314"}],"wp:featuredmedia":[{"embeddable":true,"href":"https:\/\/www.maag-polska.pl\/lt\/wp-json\/wp\/v2\/media\/22629"}],"wp:attachment":[{"href":"https:\/\/www.maag-polska.pl\/lt\/wp-json\/wp\/v2\/media?parent=26314"}],"wp:term":[{"taxonomy":"product_brand","embeddable":true,"href":"https:\/\/www.maag-polska.pl\/lt\/wp-json\/wp\/v2\/product_brand?post=26314"},{"taxonomy":"product_cat","embeddable":true,"href":"https:\/\/www.maag-polska.pl\/lt\/wp-json\/wp\/v2\/product_cat?post=26314"},{"taxonomy":"product_tag","embeddable":true,"href":"https:\/\/www.maag-polska.pl\/lt\/wp-json\/wp\/v2\/product_tag?post=26314"}],"curies":[{"name":"wp","href":"https:\/\/api.w.org\/{rel}","templated":true}]}}