{"id":26309,"date":"2025-09-01T08:32:10","date_gmt":"2025-09-01T08:32:10","guid":{"rendered":"https:\/\/www.maag-polska.pl\/obrzeza-meblowe\/d4-49-burbon-oak\/"},"modified":"2025-09-01T09:05:58","modified_gmt":"2025-09-01T09:05:58","slug":"d4-49-burbon-oak","status":"publish","type":"product","link":"https:\/\/www.maag-polska.pl\/lt\/obrzeza-meblowe\/d4-49-burbon-oak\/","title":{"rendered":"Bald\u0173 kra\u0161tai D4\/49 BURBON OAK"},"content":{"rendered":"<div>\n<p>Auk\u0161\u010diausios kokyb\u0117s PVC kra\u0161t\u0173 juostos D4\/49 D\u0104B BURBON atspalvyje u\u017etikrina i\u0161skirtinius techninius parametrus, kuri\u0173 storio nuokrypis yra \u00b10,10 mm. Gryna PVC kompozicija u\u017etikrina puik\u0173 atsparum\u0105 UV spinduliams ir spalvos stabilum\u0105, i\u0161laikant autenti\u0161k\u0105 burbono \u0105\u017euolo i\u0161vaizd\u0105 net esant intensyviai \u0161viesai. \u0160i med\u017eio apdirbimo med\u017eiaga pasi\u017eymi tiksliai sukonstruota pavir\u0161iaus strukt\u016bra, i\u0161laikoma 98 % blizgesio ir atsparumo sm\u016bgiams 15 kJ\/m\u00b2. Kra\u0161t\u0173 juosta i\u0161laiko matmen\u0173 stabilum\u0105 esant iki 80\u00b0C temperat\u016brai, o d\u0117l specializuoto gamybos proceso dengiant i\u0161leid\u017eiama ma\u017eiau med\u017eiag\u0173.<\/p>\n<p>Puikiai tinka auk\u0161\u010diausios klas\u0117s bald\u0173 gamybai, kur Kronospan K082 PW pavir\u0161iams reikia atitinkam\u0173 briaun\u0173 sprendim\u0173. \u0160i PVC kra\u0161t\u0173 juosta puikiai tinka komerciniams biuro baldams, ypa\u010d tose vietose, kur daug nat\u016bralios \u0161viesos. D\u0117l patvarumo ir technini\u0173 specifikacij\u0173 jis idealiai tinka virtuv\u0117s spinteli\u0173 gamybai, ma\u017emenin\u0117s prekybos vitrinoms ir architekt\u016briniams mal\u016bn\u0173 projektams. Profesional\u016bs medienos apdirb\u0117jai vertina jo lengv\u0105 apdirbim\u0105 tiek tiesiose, tiek lenktose srityse, o bald\u0173 gamintojai naudojasi pastovia kokybe automatizuotose kra\u0161t\u0173 apri\u0161imo sistemose.<\/p>\n<\/div>\n","protected":false},"excerpt":{"rendered":"<p>22&#215;0,6; 22&#215;0,8; 22&#215;1; 22&#215;2; 28&#215;2*; 32&#215;2*; 35&#215;1*;42&#215;2<\/p>\n","protected":false},"featured_media":22624,"comment_status":"closed","ping_status":"open","template":"","meta":{"_acf_changed":false},"product_brand":[],"product_cat":[1210],"product_tag":[],"class_list":{"0":"post-26309","1":"product","2":"type-product","3":"status-publish","4":"has-post-thumbnail","6":"product_cat-baldu-krastai","8":"first","9":"instock","10":"product-type-simple"},"acf":[],"_links":{"self":[{"href":"https:\/\/www.maag-polska.pl\/lt\/wp-json\/wp\/v2\/product\/26309","targetHints":{"allow":["GET"]}}],"collection":[{"href":"https:\/\/www.maag-polska.pl\/lt\/wp-json\/wp\/v2\/product"}],"about":[{"href":"https:\/\/www.maag-polska.pl\/lt\/wp-json\/wp\/v2\/types\/product"}],"replies":[{"embeddable":true,"href":"https:\/\/www.maag-polska.pl\/lt\/wp-json\/wp\/v2\/comments?post=26309"}],"wp:featuredmedia":[{"embeddable":true,"href":"https:\/\/www.maag-polska.pl\/lt\/wp-json\/wp\/v2\/media\/22624"}],"wp:attachment":[{"href":"https:\/\/www.maag-polska.pl\/lt\/wp-json\/wp\/v2\/media?parent=26309"}],"wp:term":[{"taxonomy":"product_brand","embeddable":true,"href":"https:\/\/www.maag-polska.pl\/lt\/wp-json\/wp\/v2\/product_brand?post=26309"},{"taxonomy":"product_cat","embeddable":true,"href":"https:\/\/www.maag-polska.pl\/lt\/wp-json\/wp\/v2\/product_cat?post=26309"},{"taxonomy":"product_tag","embeddable":true,"href":"https:\/\/www.maag-polska.pl\/lt\/wp-json\/wp\/v2\/product_tag?post=26309"}],"curies":[{"name":"wp","href":"https:\/\/api.w.org\/{rel}","templated":true}]}}